{"id":4658,"date":"2022-11-14T14:35:52","date_gmt":"2022-11-14T13:35:52","guid":{"rendered":"https:\/\/antcube.shop\/produkt\/waldhonig-wa-nachfullpack-10ml\/"},"modified":"2026-03-31T18:19:09","modified_gmt":"2026-03-31T16:19:09","slug":"waldhonig-wa-nachfullpack-10ml","status":"publish","type":"product","link":"https:\/\/antcube.shop\/sv\/produkt\/waldhonig-wa-nachfullpack-10ml\/","title":{"rendered":"Skogshonung (Wa) - p\u00e5fyllnadsf\u00f6rpackning 10ml"},"content":{"rendered":"<p><strong>Inneh\u00e5ll:<\/strong> 10 ml<\/p>\n<p><strong>Beskrivning:<\/strong> Detta \u00e4r en ren naturprodukt. Honungen kommer fr\u00e5n skogar och \u00e4r d\u00e4rf\u00f6r idealisk f\u00f6r myrarter som \u00e4r inhemska i skogar.<\/p>\n<p><strong>Anv\u00e4ndning:<\/strong> Matningsslangen kan placeras i sin helhet i formicariumet, alternativt kan du l\u00e4gga mindre m\u00e4ngder i en matningssk\u00e5l efter behov\/efter kolonins storlek. M\u00e4ngden foder b\u00f6r anv\u00e4ndas inom cirka 3 dagar, annars finns det risk f\u00f6r m\u00f6gel, och av samma anledning ska du reng\u00f6ra fodersk\u00e5len innan du fyller p\u00e5 den igen.<\/p>\n<p><strong>Anv\u00e4ndning:<\/strong><br \/>\n\u00d6kenhonung = f\u00f6r honungs\u00e4tande myrarter (Meliphagidae).<br \/>\nDet \u00e4r ett till\u00e4ggsfoder (enkelfoder).<br \/>\nDen kan erbjudas djuren i levererat skick. Eftersom fuktigheten minskar sockerkoncentrationen och en j\u00e4sningsprocess inleds, b\u00f6r fodret bytas ut var tredje dag. Reng\u00f6r fodersk\u00e5len\/r\u00f6ret noggrant innan det \u00e5teranv\u00e4nds.<br \/>\nEn \u00f6ppnad f\u00f6rpackning ska anv\u00e4ndas t\u00e4tt st\u00e4ngd tills det angivna datumet (b\u00e4st f\u00f6re-datum).<\/p>\n<p><strong>Inneh\u00e5ller:<\/strong> Ingredienser av honung i allm\u00e4nhet, proportionerna varierar beroende p\u00e5 typ av honung.<br \/>\n- ca 38 % fruktsocker (fruktos)<br \/>\n- ca 32 % dextros (glukos)<br \/>\n- ca 20 % vatten<br \/>\n- ca 5 % flera sockerarter<br \/>\n- ca 5 %-vitaminer (B1, B2, B6, C, H)<br \/>\nMineraler (kalium, kalcium, koppar, j\u00e4rn, natrium, magnesium, fosfor, zink och andra sp\u00e5r\u00e4mnen). Aminosyror (prolin, leucin, fenylalanin, alanin, histidin, isoleucin, glutaminsyra, arginin, asparaginsyra etc.) Organiska syror Enzymer (j\u00e4snings\u00e4mnen)Aromer Inhibiner (antibakteriella \u00e4mnen) Blompollen<\/p>\n<p><strong>F\u00f6rvaring:<\/strong> F\u00f6r att s\u00e4kerst\u00e4lla fodrets kvalitet b\u00f6r det f\u00f6rvaras p\u00e5 ett m\u00f6rkt och torrt st\u00e4lle.<\/p>\n<p><strong>Meddelande:<\/strong><br \/>\nInformation om hur du anv\u00e4nder foderr\u00f6ret finns h\u00e4r: L\u00e4nk<br \/>\nTill\u00e4ggsfoder f\u00f6r honungs\u00e4tande myror.<br \/>\nSe bipacksedeln f\u00f6r sammans\u00e4ttning, analytiska komponenter, b\u00e4st f\u00f6re-datum och partinummer.<\/p>\n<p>Informationshotline +49 30 439703870<\/p>\n<p>Ansvarig veterin\u00e4r- och livsmedelsmyndighet:<br \/>\nSteglitz Veterin\u00e4rbyr\u00e5<br \/>\nK\u00f6nigin-Luise-Str. 92<br \/>\n14195 Berlin<\/p>","protected":false},"excerpt":{"rendered":"<p>Kompletterande livsmedel<\/p>","protected":false},"featured_media":5050,"comment_status":"open","ping_status":"closed","template":"","meta":{"_acf_changed":false,"content-type":"","_monsterinsights_skip_tracking":false,"_monsterinsights_sitenote_active":false,"_monsterinsights_sitenote_note":"","_monsterinsights_sitenote_category":0},"product_brand":[],"product_cat":[115,116],"product_tag":[],"class_list":{"0":"post-4658","1":"product","2":"type-product","3":"status-publish","4":"has-post-thumbnail","6":"product_cat-food-and-feeding","7":"product_cat-food","9":"first","10":"instock","11":"taxable","12":"shipping-taxable","13":"purchasable","14":"product-type-simple"},"acf":[],"aioseo_notices":[],"jetpack_sharing_enabled":true,"_links":{"self":[{"href":"https:\/\/antcube.shop\/sv\/wp-json\/wp\/v2\/product\/4658","targetHints":{"allow":["GET"]}}],"collection":[{"href":"https:\/\/antcube.shop\/sv\/wp-json\/wp\/v2\/product"}],"about":[{"href":"https:\/\/antcube.shop\/sv\/wp-json\/wp\/v2\/types\/product"}],"replies":[{"embeddable":true,"href":"https:\/\/antcube.shop\/sv\/wp-json\/wp\/v2\/comments?post=4658"}],"wp:featuredmedia":[{"embeddable":true,"href":"https:\/\/antcube.shop\/sv\/wp-json\/wp\/v2\/media\/5050"}],"wp:attachment":[{"href":"https:\/\/antcube.shop\/sv\/wp-json\/wp\/v2\/media?parent=4658"}],"wp:term":[{"taxonomy":"product_brand","embeddable":true,"href":"https:\/\/antcube.shop\/sv\/wp-json\/wp\/v2\/product_brand?post=4658"},{"taxonomy":"product_cat","embeddable":true,"href":"https:\/\/antcube.shop\/sv\/wp-json\/wp\/v2\/product_cat?post=4658"},{"taxonomy":"product_tag","embeddable":true,"href":"https:\/\/antcube.shop\/sv\/wp-json\/wp\/v2\/product_tag?post=4658"}],"curies":[{"name":"wp","href":"https:\/\/api.w.org\/{rel}","templated":true}]}}