{"id":4655,"date":"2022-11-14T14:35:04","date_gmt":"2022-11-14T13:35:04","guid":{"rendered":"https:\/\/antcube.shop\/produkt\/zucker-honiglosung-zh-nachfullpack-10ml\/"},"modified":"2026-04-05T19:45:34","modified_gmt":"2026-04-05T17:45:34","slug":"zucker-honiglosung-zh-nachfullpack-10ml","status":"publish","type":"product","link":"https:\/\/antcube.shop\/sv\/produkt\/zucker-honiglosung-zh-nachfullpack-10ml\/","title":{"rendered":"Sockerhonungsl\u00f6sning (ZH) - p\u00e5fyllningspaket 10 ml"},"content":{"rendered":"<p><strong>Inneh\u00e5ll:<\/strong> 10 ml<\/p>\n<p><strong>Beskrivning:<\/strong> Detta \u00e4r en produkt som best\u00e5r av olika kolhydrater (t.ex. honung och socker).<\/p>\n<p><strong>Anv\u00e4ndning:<\/strong> Foderr\u00f6ret kan placeras som en helhet i formicariumet, alternativt kan du l\u00e4gga mindre m\u00e4ngder i en matsk\u00e5l efter behov\/efter kolonins storlek. M\u00e4ngden mat b\u00f6r konsumeras inom cirka 3 dagar, annars finns det risk f\u00f6r m\u00f6gel, och av samma anledning b\u00f6r du reng\u00f6ra matsk\u00e5len innan du fyller p\u00e5 den igen.<\/p>\n<p><strong>Anv\u00e4ndning:<\/strong><br \/>\nKolhydratfoder = f\u00f6r myror som \u00e4ter socker\/honung.<br \/>\nDet \u00e4r ett till\u00e4ggsfoder (blandfoder).<br \/>\nDen kan blandas med en droppe vatten och h\u00e5ller sig i tre dagar n\u00e4r den \u00e4r v\u00e5t. Reng\u00f6r fodersk\u00e5len\/r\u00f6ret noggrant innan den \u00e5teranv\u00e4nds.<br \/>\nEn \u00f6ppnad f\u00f6rpackning b\u00f6r anv\u00e4ndas t\u00e4tt st\u00e4ngd (om den f\u00f6rvaras torrt) fram till det angivna (b\u00e4st f\u00f6re-datum).<\/p>\n<p><strong>Inneh\u00e5ller:<\/strong><br \/>\nFruktos 27 till 44%,<br \/>\nGlukos 22 till 41%,<br \/>\nSackaros upp till 5%,<br \/>\nmaltos 4 till 14%,<br \/>\nandra multipla sockerarter 1 till 14%.<br \/>\n<strong>Fett:<\/strong> 0g<br \/>\n<strong>Kolhydrater:<\/strong> 92g<br \/>\n<strong>Protein:<\/strong> 0g<br \/>\n<strong>Salt:<\/strong> 0g<\/p>\n<p>F\u00f6rvaring: F\u00f6r att s\u00e4kerst\u00e4lla fodrets kvalitet b\u00f6r fodret f\u00f6rvaras p\u00e5 ett m\u00f6rkt och torrt st\u00e4lle.<\/p>\n<p><strong>Meddelande:<\/strong><br \/>\nInformation om hur du anv\u00e4nder foderr\u00f6ret finns h\u00e4r: L\u00e4nk<br \/>\nSe bipacksedeln f\u00f6r sammans\u00e4ttning, analytiska ingredienser, b\u00e4st f\u00f6re-datum och partinummer.<\/p>\n<p>Informationshotline +49 30 439703870<\/p>\n<p>Ansvarig veterin\u00e4r- och livsmedelsmyndighet:<br \/>\nSteglitz Veterin\u00e4rbyr\u00e5<br \/>\nK\u00f6nigin-Luise-Str. 92<br \/>\n14195 Berlin<\/p>","protected":false},"excerpt":{"rendered":"<p>Kompletterande livsmedel<\/p>","protected":false},"featured_media":5058,"comment_status":"open","ping_status":"closed","template":"","meta":{"_acf_changed":false,"content-type":"","_monsterinsights_skip_tracking":false,"_monsterinsights_sitenote_active":false,"_monsterinsights_sitenote_note":"","_monsterinsights_sitenote_category":0},"product_brand":[],"product_cat":[115,116],"product_tag":[],"class_list":{"0":"post-4655","1":"product","2":"type-product","3":"status-publish","4":"has-post-thumbnail","6":"product_cat-food-and-feeding","7":"product_cat-food","9":"first","10":"instock","11":"taxable","12":"shipping-taxable","13":"purchasable","14":"product-type-simple"},"acf":[],"aioseo_notices":[],"jetpack_sharing_enabled":true,"_links":{"self":[{"href":"https:\/\/antcube.shop\/sv\/wp-json\/wp\/v2\/product\/4655","targetHints":{"allow":["GET"]}}],"collection":[{"href":"https:\/\/antcube.shop\/sv\/wp-json\/wp\/v2\/product"}],"about":[{"href":"https:\/\/antcube.shop\/sv\/wp-json\/wp\/v2\/types\/product"}],"replies":[{"embeddable":true,"href":"https:\/\/antcube.shop\/sv\/wp-json\/wp\/v2\/comments?post=4655"}],"wp:featuredmedia":[{"embeddable":true,"href":"https:\/\/antcube.shop\/sv\/wp-json\/wp\/v2\/media\/5058"}],"wp:attachment":[{"href":"https:\/\/antcube.shop\/sv\/wp-json\/wp\/v2\/media?parent=4655"}],"wp:term":[{"taxonomy":"product_brand","embeddable":true,"href":"https:\/\/antcube.shop\/sv\/wp-json\/wp\/v2\/product_brand?post=4655"},{"taxonomy":"product_cat","embeddable":true,"href":"https:\/\/antcube.shop\/sv\/wp-json\/wp\/v2\/product_cat?post=4655"},{"taxonomy":"product_tag","embeddable":true,"href":"https:\/\/antcube.shop\/sv\/wp-json\/wp\/v2\/product_tag?post=4655"}],"curies":[{"name":"wp","href":"https:\/\/api.w.org\/{rel}","templated":true}]}}