{"id":4650,"date":"2022-11-14T14:33:45","date_gmt":"2022-11-14T13:33:45","guid":{"rendered":"https:\/\/antcube.shop\/produkt\/kornerfutter-major-ma-nachfullpack-20ml\/"},"modified":"2026-04-10T20:46:20","modified_gmt":"2026-04-10T18:46:20","slug":"kornerfutter-major-ma-nachfullpack-20ml","status":"publish","type":"product","link":"https:\/\/antcube.shop\/sv\/produkt\/kornerfutter-major-ma-nachfullpack-20ml\/","title":{"rendered":"Grain food Major (Ma) - p\u00e5fyllningspaket 20 ml"},"content":{"rendered":"<p><strong>Inneh\u00e5ll:<\/strong> 20 ml (motsvarar cirka 14 g).<\/p>\n<p><strong>Beskrivning:<\/strong> St\u00f6rre korn\/fr\u00f6n f\u00f6r st\u00f6rre kolonier av korns\u00f6kande myrarter, t.ex. sl\u00e4ktet Messor, som redan inneh\u00e5ller stora arbetsmyror.<\/p>\n<p><strong>Meddelande:<\/strong><br \/>\nInformation om hur du anv\u00e4nder matningsr\u00f6ret finns h\u00e4r: L\u00e4nk<br \/>\nTill\u00e4ggsfoder f\u00f6r granivoresiska myror.<br \/>\nSe bipacksedeln f\u00f6r sammans\u00e4ttning, analytiska komponenter, b\u00e4st f\u00f6re-datum och partinummer.<\/p>\n<p>Informationshotline +49 30 439703870<\/p>\n<p>Ansvarig veterin\u00e4r- och livsmedelsmyndighet:<br \/>\nSteglitz Veterin\u00e4rbyr\u00e5<br \/>\nK\u00f6nigin-Luise-Str. 92<br \/>\n14195 Berlin<\/p>","protected":false},"excerpt":{"rendered":"<p>Kompletterande livsmedel<\/p>","protected":false},"featured_media":5736,"comment_status":"open","ping_status":"closed","template":"","meta":{"_acf_changed":false,"content-type":"","_monsterinsights_skip_tracking":false,"_monsterinsights_sitenote_active":false,"_monsterinsights_sitenote_note":"","_monsterinsights_sitenote_category":0},"product_brand":[],"product_cat":[115,116],"product_tag":[],"class_list":{"0":"post-4650","1":"product","2":"type-product","3":"status-publish","4":"has-post-thumbnail","6":"product_cat-food-and-feeding","7":"product_cat-food","9":"first","10":"instock","11":"taxable","12":"shipping-taxable","13":"purchasable","14":"product-type-simple"},"acf":[],"aioseo_notices":[],"jetpack_sharing_enabled":true,"_links":{"self":[{"href":"https:\/\/antcube.shop\/sv\/wp-json\/wp\/v2\/product\/4650","targetHints":{"allow":["GET"]}}],"collection":[{"href":"https:\/\/antcube.shop\/sv\/wp-json\/wp\/v2\/product"}],"about":[{"href":"https:\/\/antcube.shop\/sv\/wp-json\/wp\/v2\/types\/product"}],"replies":[{"embeddable":true,"href":"https:\/\/antcube.shop\/sv\/wp-json\/wp\/v2\/comments?post=4650"}],"wp:featuredmedia":[{"embeddable":true,"href":"https:\/\/antcube.shop\/sv\/wp-json\/wp\/v2\/media\/5736"}],"wp:attachment":[{"href":"https:\/\/antcube.shop\/sv\/wp-json\/wp\/v2\/media?parent=4650"}],"wp:term":[{"taxonomy":"product_brand","embeddable":true,"href":"https:\/\/antcube.shop\/sv\/wp-json\/wp\/v2\/product_brand?post=4650"},{"taxonomy":"product_cat","embeddable":true,"href":"https:\/\/antcube.shop\/sv\/wp-json\/wp\/v2\/product_cat?post=4650"},{"taxonomy":"product_tag","embeddable":true,"href":"https:\/\/antcube.shop\/sv\/wp-json\/wp\/v2\/product_tag?post=4650"}],"curies":[{"name":"wp","href":"https:\/\/api.w.org\/{rel}","templated":true}]}}