{"id":4648,"date":"2022-11-14T14:33:14","date_gmt":"2022-11-14T13:33:14","guid":{"rendered":"https:\/\/antcube.shop\/produkt\/himbeerblatter-100g-getrocknet\/"},"modified":"2026-04-02T09:54:04","modified_gmt":"2026-04-02T07:54:04","slug":"himbeerblatter-100g-getrocknet","status":"publish","type":"product","link":"https:\/\/antcube.shop\/sv\/produkt\/himbeerblatter-100g-getrocknet\/","title":{"rendered":"Hallonblad 100g - torkade"},"content":{"rendered":"<p><strong>Inneh\u00e5ll:<\/strong><br \/>\n100 g torkade hallonblad<\/p>\n<p><strong>Beskrivning:<\/strong><br \/>\nHallonblad som grogrund f\u00f6r svampodlande myrarter. Det \u00e4r en rent naturlig produkt.<\/p>\n<p><strong>Anv\u00e4ndning:<\/strong><br \/>\nHallonblad = f\u00f6r svampartade myrarter.<br \/>\nDe torra bladen tj\u00e4nar bara som en grogrund f\u00f6r bladsk\u00e4rarmyrornas svamp (det \u00e4r tillr\u00e5dligt att samtidigt erbjuda sockerhaltig v\u00e4tska f\u00f6r att ers\u00e4tta den saknade v\u00e4xtsaften). Placera helt enkelt de blad som ska utfodras i en torrfoderkammare. F\u00e4rska blad f\u00f6redras dock av djuren. Torkade blad \u00e4r d\u00e4rf\u00f6r b\u00e4st l\u00e4mpade f\u00f6r att \u00f6verbrygga perioder d\u00e5 inget kan erbjudas.<\/p>\n<p><strong>F\u00f6rvaring:<\/strong><br \/>\nI torr milj\u00f6<\/p>\n<p><strong>Inneh\u00e5ller:<\/strong><br \/>\n100% torkade hallonblad<\/p>","protected":false},"excerpt":{"rendered":"<p>Kompletterande livsmedel<\/p>","protected":false},"featured_media":5115,"comment_status":"open","ping_status":"closed","template":"","meta":{"_acf_changed":false,"content-type":"","_monsterinsights_skip_tracking":false,"_monsterinsights_sitenote_active":false,"_monsterinsights_sitenote_note":"","_monsterinsights_sitenote_category":0},"product_brand":[],"product_cat":[115,116],"product_tag":[],"class_list":{"0":"post-4648","1":"product","2":"type-product","3":"status-publish","4":"has-post-thumbnail","6":"product_cat-food-and-feeding","7":"product_cat-food","9":"first","10":"instock","11":"taxable","12":"shipping-taxable","13":"purchasable","14":"product-type-simple"},"acf":[],"aioseo_notices":[],"jetpack_sharing_enabled":true,"_links":{"self":[{"href":"https:\/\/antcube.shop\/sv\/wp-json\/wp\/v2\/product\/4648","targetHints":{"allow":["GET"]}}],"collection":[{"href":"https:\/\/antcube.shop\/sv\/wp-json\/wp\/v2\/product"}],"about":[{"href":"https:\/\/antcube.shop\/sv\/wp-json\/wp\/v2\/types\/product"}],"replies":[{"embeddable":true,"href":"https:\/\/antcube.shop\/sv\/wp-json\/wp\/v2\/comments?post=4648"}],"wp:featuredmedia":[{"embeddable":true,"href":"https:\/\/antcube.shop\/sv\/wp-json\/wp\/v2\/media\/5115"}],"wp:attachment":[{"href":"https:\/\/antcube.shop\/sv\/wp-json\/wp\/v2\/media?parent=4648"}],"wp:term":[{"taxonomy":"product_brand","embeddable":true,"href":"https:\/\/antcube.shop\/sv\/wp-json\/wp\/v2\/product_brand?post=4648"},{"taxonomy":"product_cat","embeddable":true,"href":"https:\/\/antcube.shop\/sv\/wp-json\/wp\/v2\/product_cat?post=4648"},{"taxonomy":"product_tag","embeddable":true,"href":"https:\/\/antcube.shop\/sv\/wp-json\/wp\/v2\/product_tag?post=4648"}],"curies":[{"name":"wp","href":"https:\/\/api.w.org\/{rel}","templated":true}]}}