{"id":4642,"date":"2022-11-14T14:31:41","date_gmt":"2022-11-14T13:31:41","guid":{"rendered":"https:\/\/antcube.shop\/produkt\/jelly-food-brauner-zucker-16g\/"},"modified":"2026-04-06T13:19:12","modified_gmt":"2026-04-06T11:19:12","slug":"jelly-food-brauner-zucker-16g","status":"publish","type":"product","link":"https:\/\/antcube.shop\/sv\/produkt\/jelly-food-brauner-zucker-16g\/","title":{"rendered":"Jelly Food brunt socker 16g"},"content":{"rendered":"<p><strong>Kvantitet:<\/strong> 16g<\/p>\n<p><strong>Beskrivning:<\/strong><br \/>\nVitaminer och proteiner \u00e4r de grundl\u00e4ggande byggstenarna i varje kropp. Vissa kan kroppen sj\u00e4lv producera, andra m\u00e5ste tas in genom maten.<br \/>\nInsekts\u00e4lskare runt om i v\u00e4rlden uppskattar den h\u00e4r formeln f\u00f6r att fr\u00e4mja avel och f\u00f6rl\u00e4nga livet genom balanserad n\u00e4ring f\u00f6r sina \"\u00e4lsklingar\".<\/p>\n<p><strong>Ingredienser:<\/strong><br \/>\nSammans\u00e4ttning: vatten, fruktossirap, socker<br \/>\nAnalytiska best\u00e5ndsdelar: Fukt 65%<\/p>\n<p><strong>Anv\u00e4ndning:<\/strong><br \/>\nF\u00f6r frukt\u00e4tande myrarter.<br \/>\nFoderblandning som till\u00e4ggsfoder<br \/>\nB\u00f6r erbjudas 2-3 g\u00e5nger i veckan till frukt\u00e4tande myrarter.<br \/>\nDen kan erbjudas djuren i levererat skick. Vid rumstemperatur kan gel\u00e9n snabbt m\u00f6gla. D\u00e4rf\u00f6r b\u00f6r fodret bytas ut minst var tredje dag. Reng\u00f6r matsk\u00e5len noggrant innan den \u00e5teranv\u00e4nds.<\/p>\n<p><strong>H\u00e5llbarhet:<\/strong><br \/>\nI slutet av f\u00f6rpackningen har gel\u00e9n en h\u00e5llbarhet p\u00e5 minst 1 \u00e5r (se b\u00e4st f\u00f6re-datum p\u00e5 f\u00f6rpackningen). N\u00e4r den \u00f6ppnas ska den f\u00f6rvaras i kylsk\u00e5p och anv\u00e4ndas inom 5-7 dagar. Du kan ocks\u00e5 frysa in den i frysen och tina upp sm\u00e5 m\u00e4ngder vid behov.<\/p>\n<p><strong>Meddelande:<\/strong><br \/>\nSe bipacksedeln f\u00f6r sammans\u00e4ttning, analytiska best\u00e5ndsdelar, identifieringsnummer f\u00f6r partiet och b\u00e4st f\u00f6re-datum (BBD).<\/p>\n<p>Informationstelefon (fax): +49 2065-67290<\/p>\n<p>Ansvarig veterin\u00e4r- och livsmedelsinspektion:<br \/>\nOfficiell veterin\u00e4r\/veterin\u00e4rexpert.<br \/>\nP\u00e5 Schnabelhuck 6<br \/>\n47049 Duisburg<\/p>","protected":false},"excerpt":{"rendered":"<p>Kompletterande livsmedel<\/p>","protected":false},"featured_media":5094,"comment_status":"open","ping_status":"closed","template":"","meta":{"_acf_changed":false,"content-type":"","_monsterinsights_skip_tracking":false,"_monsterinsights_sitenote_active":false,"_monsterinsights_sitenote_note":"","_monsterinsights_sitenote_category":0},"product_brand":[],"product_cat":[115,116],"product_tag":[],"class_list":{"0":"post-4642","1":"product","2":"type-product","3":"status-publish","4":"has-post-thumbnail","6":"product_cat-food-and-feeding","7":"product_cat-food","9":"first","10":"instock","11":"taxable","12":"shipping-taxable","13":"purchasable","14":"product-type-simple"},"acf":[],"aioseo_notices":[],"jetpack_sharing_enabled":true,"_links":{"self":[{"href":"https:\/\/antcube.shop\/sv\/wp-json\/wp\/v2\/product\/4642","targetHints":{"allow":["GET"]}}],"collection":[{"href":"https:\/\/antcube.shop\/sv\/wp-json\/wp\/v2\/product"}],"about":[{"href":"https:\/\/antcube.shop\/sv\/wp-json\/wp\/v2\/types\/product"}],"replies":[{"embeddable":true,"href":"https:\/\/antcube.shop\/sv\/wp-json\/wp\/v2\/comments?post=4642"}],"wp:featuredmedia":[{"embeddable":true,"href":"https:\/\/antcube.shop\/sv\/wp-json\/wp\/v2\/media\/5094"}],"wp:attachment":[{"href":"https:\/\/antcube.shop\/sv\/wp-json\/wp\/v2\/media?parent=4642"}],"wp:term":[{"taxonomy":"product_brand","embeddable":true,"href":"https:\/\/antcube.shop\/sv\/wp-json\/wp\/v2\/product_brand?post=4642"},{"taxonomy":"product_cat","embeddable":true,"href":"https:\/\/antcube.shop\/sv\/wp-json\/wp\/v2\/product_cat?post=4642"},{"taxonomy":"product_tag","embeddable":true,"href":"https:\/\/antcube.shop\/sv\/wp-json\/wp\/v2\/product_tag?post=4642"}],"curies":[{"name":"wp","href":"https:\/\/api.w.org\/{rel}","templated":true}]}}