{"id":4638,"date":"2022-11-14T14:30:39","date_gmt":"2022-11-14T13:30:39","guid":{"rendered":"https:\/\/antcube.shop\/produkt\/durchgangsschieber-m\/"},"modified":"2026-04-13T09:32:07","modified_gmt":"2026-04-13T07:32:07","slug":"durchgangsschieber-m","status":"publish","type":"product","link":"https:\/\/antcube.shop\/sv\/produkt\/durchgangsschieber-m\/","title":{"rendered":"Genomg\u00e5ende spj\u00e4llventil - M"},"content":{"rendered":"<p><strong>M\u00e5tt:<\/strong> 78 x 17 x 53 mm f\u00f6r 14\/10 mm-r\u00f6r eller myrstackarstorlek M<\/p>\n<p><strong>Material:<\/strong> PMMA<\/p>\n<p><strong>F\u00e4rger:<\/strong> transparent, gr\u00e5<\/p>\n<p><strong>Inneh\u00e5ll:<\/strong> 1x passage glidare<\/p>\n<p><strong>Beskrivning:<\/strong> Passagerarreglaget st\u00e4nger eller \u00f6ppnar myrornas passage i ett r\u00f6r eller mellan tv\u00e5 formicarior.<br \/>\nDen \u00e4r genomskinlig, s\u00e5 du kan se om det finns myror mellan dem n\u00e4r du st\u00e4nger den. Grindventilen anv\u00e4nds ocks\u00e5 f\u00f6r att kontrollera och reglera fl\u00f6det av myror i r\u00f6r.<\/p>\n<p><strong>Anm\u00e4rkning om till\u00e4mpningen<\/strong><br \/>\nP\u00e5 grund av den filigrana konstruktionen ska f\u00f6ljande iakttas n\u00e4r slangarna f\u00e4sts eller lossas:<br \/>\nOm det \u00e4r mycket sv\u00e5rt att f\u00e5 slangen att passa p\u00e5 anslutningsbussningen b\u00f6r du gnugga den l\u00e4tt med en droppe av v\u00e5r olja eller v\u00e5rt pulver som skyddar mot utbrott. Slangen ska sedan skjutas p\u00e5 bussningen med vrid- eller skruvr\u00f6relser utan att sp\u00e4nna bussningen med upp- och nedg\u00e5ende r\u00f6relser. Samma sak g\u00e4ller n\u00e4r slangarna avl\u00e4gsnas fr\u00e5n den genomg\u00e5ende glidaren. Dra inte bara av dem!<\/p>\n<p><strong>Uppdaterad information:<\/strong><br \/>\n15.12.2020 Produktf\u00f6rb\u00e4ttring: F\u00f6rb\u00e4ttring: Stavarna har f\u00f6rst\u00e4rkts med 3 mm.<\/p>","protected":false},"excerpt":{"rendered":"<p>M\u00e5tt: 78 x 17 x 53 mm f\u00f6r 14\/10mm-r\u00f6r eller myrstackarstorlek M Material: F\u00e4rger: genomskinlig, gr\u00e5 Inneh\u00e5ll: Beskrivning: 1 x passage glidare: Passageraren st\u00e4nger eller \u00f6ppnar myrornas passage i ett r\u00f6r eller mellan tv\u00e5 formicarior. Den \u00e4r genomskinlig, s\u00e5 att du kan kontrollera om det finns myror mellan tv\u00e5.","protected":false},"featured_media":5172,"comment_status":"open","ping_status":"closed","template":"","meta":{"_acf_changed":false,"content-type":"","_monsterinsights_skip_tracking":false,"_monsterinsights_sitenote_active":false,"_monsterinsights_sitenote_note":"","_monsterinsights_sitenote_category":0},"product_brand":[],"product_cat":[121],"product_tag":[],"class_list":{"0":"post-4638","1":"product","2":"type-product","3":"status-publish","4":"has-post-thumbnail","6":"product_cat-connectors","8":"first","9":"instock","10":"taxable","11":"shipping-taxable","12":"purchasable","13":"product-type-simple"},"acf":[],"aioseo_notices":[],"jetpack_sharing_enabled":true,"_links":{"self":[{"href":"https:\/\/antcube.shop\/sv\/wp-json\/wp\/v2\/product\/4638","targetHints":{"allow":["GET"]}}],"collection":[{"href":"https:\/\/antcube.shop\/sv\/wp-json\/wp\/v2\/product"}],"about":[{"href":"https:\/\/antcube.shop\/sv\/wp-json\/wp\/v2\/types\/product"}],"replies":[{"embeddable":true,"href":"https:\/\/antcube.shop\/sv\/wp-json\/wp\/v2\/comments?post=4638"}],"wp:featuredmedia":[{"embeddable":true,"href":"https:\/\/antcube.shop\/sv\/wp-json\/wp\/v2\/media\/5172"}],"wp:attachment":[{"href":"https:\/\/antcube.shop\/sv\/wp-json\/wp\/v2\/media?parent=4638"}],"wp:term":[{"taxonomy":"product_brand","embeddable":true,"href":"https:\/\/antcube.shop\/sv\/wp-json\/wp\/v2\/product_brand?post=4638"},{"taxonomy":"product_cat","embeddable":true,"href":"https:\/\/antcube.shop\/sv\/wp-json\/wp\/v2\/product_cat?post=4638"},{"taxonomy":"product_tag","embeddable":true,"href":"https:\/\/antcube.shop\/sv\/wp-json\/wp\/v2\/product_tag?post=4638"}],"curies":[{"name":"wp","href":"https:\/\/api.w.org\/{rel}","templated":true}]}}