{"id":4637,"date":"2022-11-14T14:30:23","date_gmt":"2022-11-14T13:30:23","guid":{"rendered":"https:\/\/antcube.shop\/produkt\/durchgangsschieber-l\/"},"modified":"2026-04-20T09:56:45","modified_gmt":"2026-04-20T07:56:45","slug":"durchgangsschieber-l","status":"publish","type":"product","link":"https:\/\/antcube.shop\/sv\/produkt\/durchgangsschieber-l\/","title":{"rendered":"Genomg\u00e5ende spj\u00e4llventil - L"},"content":{"rendered":"<p><strong>M\u00e5tt:<\/strong> 78 x 27 x 53 mm f\u00f6r 14\/16\/18\/20 mm slangar eller myrstackarstorlek L<\/p>\n<p>14\/10-slangen \u00e4r ordentligt ansluten till 14 mm-uttaget.<br \/>\n20\/16-r\u00f6ret f\u00e4sts p\u00e5 det f\u00f6rsta 16 mm-steget.<br \/>\n22\/18-r\u00f6ret f\u00e4sts p\u00e5 det andra 20 mm-steget.<br \/>\n24\/20-slangen \u00e4r l\u00f6st monterad p\u00e5 det andra 20 mm-steget.<\/p>\n<p><strong>Material:<\/strong> PMMA<\/p>\n<p><strong>F\u00e4rger:<\/strong> kristallklart, gr\u00e5tt<\/p>\n<p><strong>Inneh\u00e5ll:<\/strong> 1x genomg\u00e5ende glidare f\u00f6r h\u00e5l<\/p>\n<p><strong>Beskrivning:<\/strong> Passagerarreglaget blockerar eller \u00f6ppnar myrornas passage i ett r\u00f6r eller mellan tv\u00e5 formicarior.<br \/>\nDen \u00e4r genomskinlig, s\u00e5 du kan se om det finns myror mellan dem n\u00e4r du st\u00e4nger den. Grindventilen anv\u00e4nds ocks\u00e5 f\u00f6r att kontrollera och reglera fl\u00f6det av myror i slangar.<\/p>\n<p>Anm\u00e4rkning om till\u00e4mpningen<br \/>\nP\u00e5 grund av den filigrana konstruktionen m\u00e5ste f\u00f6ljande iakttas n\u00e4r slangarna monteras eller lossas:<br \/>\nOm det \u00e4r mycket sv\u00e5rt att f\u00e5 slangen att passa p\u00e5 anslutningsbussningen b\u00f6r du gnugga den l\u00e4tt med en droppe av v\u00e5r olja eller v\u00e5rt pulver som skyddar mot utbrott. Slangen ska sedan skjutas p\u00e5 bussningen med vrid- eller skruvr\u00f6relser, utan att stressa bussningen med upp- och nedg\u00e5ende r\u00f6relser. Samma sak g\u00e4ller n\u00e4r slangarna avl\u00e4gsnas fr\u00e5n den genomg\u00e5ende glidaren. Dra inte bara av dem!<\/p>\n<p><strong>Uppdatera:<\/strong><br \/>\n15.12.2020 Produktf\u00f6rb\u00e4ttring: F\u00f6rb\u00e4ttring: St\u00e4ngerna har f\u00f6rst\u00e4rkts med 3 mm.<\/p>","protected":false},"excerpt":{"rendered":"<p>M\u00e5tt: 78 x 27 x 53 mm f\u00f6r 14\/16\/18\/20 mm slangar eller myrstackarstorlek L 14\/10-slangar s\u00e4tts fast i 14 mm-uttaget 20\/16-slangar s\u00e4tts fast p\u00e5 det f\u00f6rsta 16 mm-steget 22\/18-slangar s\u00e4tts fast p\u00e5 det andra 20 mm-steget 24\/20-slangar s\u00e4tts l\u00f6st p\u00e5 det andra 20 mm-steget Material: Material: Det \u00e4r en av de viktigaste egenskaperna f\u00f6r en slang som \u00e4r avsedd att anv\u00e4ndas i en annan slang: Material: PMMA F\u00e4rger: kristall","protected":false},"featured_media":5606,"comment_status":"open","ping_status":"closed","template":"","meta":{"_acf_changed":false,"content-type":"","_monsterinsights_skip_tracking":false,"_monsterinsights_sitenote_active":false,"_monsterinsights_sitenote_note":"","_monsterinsights_sitenote_category":0},"product_brand":[],"product_cat":[121],"product_tag":[],"class_list":{"0":"post-4637","1":"product","2":"type-product","3":"status-publish","4":"has-post-thumbnail","6":"product_cat-connectors","8":"first","9":"instock","10":"taxable","11":"shipping-taxable","12":"purchasable","13":"product-type-simple"},"acf":[],"aioseo_notices":[],"jetpack_sharing_enabled":true,"_links":{"self":[{"href":"https:\/\/antcube.shop\/sv\/wp-json\/wp\/v2\/product\/4637","targetHints":{"allow":["GET"]}}],"collection":[{"href":"https:\/\/antcube.shop\/sv\/wp-json\/wp\/v2\/product"}],"about":[{"href":"https:\/\/antcube.shop\/sv\/wp-json\/wp\/v2\/types\/product"}],"replies":[{"embeddable":true,"href":"https:\/\/antcube.shop\/sv\/wp-json\/wp\/v2\/comments?post=4637"}],"wp:featuredmedia":[{"embeddable":true,"href":"https:\/\/antcube.shop\/sv\/wp-json\/wp\/v2\/media\/5606"}],"wp:attachment":[{"href":"https:\/\/antcube.shop\/sv\/wp-json\/wp\/v2\/media?parent=4637"}],"wp:term":[{"taxonomy":"product_brand","embeddable":true,"href":"https:\/\/antcube.shop\/sv\/wp-json\/wp\/v2\/product_brand?post=4637"},{"taxonomy":"product_cat","embeddable":true,"href":"https:\/\/antcube.shop\/sv\/wp-json\/wp\/v2\/product_cat?post=4637"},{"taxonomy":"product_tag","embeddable":true,"href":"https:\/\/antcube.shop\/sv\/wp-json\/wp\/v2\/product_tag?post=4637"}],"curies":[{"name":"wp","href":"https:\/\/api.w.org\/{rel}","templated":true}]}}