{"id":4632,"date":"2022-11-14T14:29:05","date_gmt":"2022-11-14T13:29:05","guid":{"rendered":"https:\/\/antcube.shop\/produkt\/antcube-ameisenfarm-m-30x30-stehend\/"},"modified":"2026-04-02T09:54:54","modified_gmt":"2026-04-02T07:54:54","slug":"antcube-ameisenfarm-m-30x30-stehend","status":"publish","type":"product","link":"https:\/\/antcube.shop\/sv\/produkt\/antcube-ameisenfarm-m-30x30-stehend\/","title":{"rendered":"ANTCUBE - myrfarm - M - 30\u00d730 - st\u00e5ende"},"content":{"rendered":"<p><strong>M\u00e5tt (LxBxH):\u00a0<\/strong><br \/>\nutsida: 332x58x299 mm<br \/>\ninv\u00e4ndigt: 284x10x290 mm<\/p>\n<p><strong>Material:<\/strong><br \/>\nFlytande glas, plast<\/p>\n<p><strong>F\u00e4rg:<\/strong><br \/>\nkristallklart<\/p>\n<p><strong>Inneh\u00e5ll:<\/strong><br \/>\n1x ANTCUBE myrfarm - 10 mm mellan plattorna.<br \/>\n1x skydd f\u00f6r myrstack M 30\u00d72<br \/>\n2x plugg 4mm<\/p>\n<p><strong>anslutning:<\/strong><br \/>\n2x 8\/10 x 10mm uttag<br \/>\n2x 4mm h\u00e5l med 4mm pluggar<\/p>\n<p><strong>Beskrivning:<\/strong><br \/>\nDen h\u00e4r helt genomskinliga myrfarmen \u00e4r l\u00e4mplig f\u00f6r M-myrarter.<\/p>\n<p><strong>Anm\u00e4rkningar om produktionen<\/strong><br \/>\nGlaset sk\u00e4rs enligt DIN 1249 med en tolerans p\u00e5 +\/- 1 mm. F\u00f6r extremt sm\u00e5 myrarter \u00e4r det n\u00f6dv\u00e4ndigt med ett extra utbrytningsskydd.<\/p>\n<p><strong>Anteckningar om g\u00e5rden<\/strong><br \/>\nObservera f\u00f6ljande n\u00e4r du f\u00e4ster eller lossar slangar:<br \/>\nOm det \u00e4r mycket sv\u00e5rt att f\u00e5 slangen att passa p\u00e5 anslutningsbussningen b\u00f6r du gnugga den l\u00e4tt med en droppe av v\u00e5r olja eller v\u00e5rt pulver f\u00f6r att skydda mot utbrott. Slangen ska sedan skjutas p\u00e5 bussningen med vrid- eller skruvr\u00f6relser, utan att stressa bussningen med upp- och nedg\u00e5ende r\u00f6relser. Samma sak g\u00e4ller n\u00e4r man tar bort slangarna fr\u00e5n g\u00e5rdens anslutningsbussning. Dra inte bara av den helt enkelt!<\/p>","protected":false},"excerpt":{"rendered":"<p><strong>Anslutning:<\/strong> Uttag 2x 8\/10 mm + skydd <strong>Avst\u00e5nd mellan plattorna:<\/strong> Inv\u00e4ndigt 10 mm \/ Utv\u00e4ndigt 18 mm<br \/>\n<strong>Storlek:<\/strong> <strong><span style=\"color: #339966;\">M<\/span><\/strong><\/p>","protected":false},"featured_media":5182,"comment_status":"open","ping_status":"closed","template":"","meta":{"_acf_changed":false,"content-type":"","_monsterinsights_skip_tracking":false,"_monsterinsights_sitenote_active":false,"_monsterinsights_sitenote_note":"","_monsterinsights_sitenote_category":0},"product_brand":[],"product_cat":[80,82],"product_tag":[],"class_list":{"0":"post-4632","1":"product","2":"type-product","3":"status-publish","4":"has-post-thumbnail","6":"product_cat-antfarms","7":"product_cat-antfarms-m","9":"first","10":"instock","11":"taxable","12":"shipping-taxable","13":"purchasable","14":"product-type-simple"},"acf":[],"aioseo_notices":[],"jetpack_sharing_enabled":true,"_links":{"self":[{"href":"https:\/\/antcube.shop\/sv\/wp-json\/wp\/v2\/product\/4632","targetHints":{"allow":["GET"]}}],"collection":[{"href":"https:\/\/antcube.shop\/sv\/wp-json\/wp\/v2\/product"}],"about":[{"href":"https:\/\/antcube.shop\/sv\/wp-json\/wp\/v2\/types\/product"}],"replies":[{"embeddable":true,"href":"https:\/\/antcube.shop\/sv\/wp-json\/wp\/v2\/comments?post=4632"}],"wp:featuredmedia":[{"embeddable":true,"href":"https:\/\/antcube.shop\/sv\/wp-json\/wp\/v2\/media\/5182"}],"wp:attachment":[{"href":"https:\/\/antcube.shop\/sv\/wp-json\/wp\/v2\/media?parent=4632"}],"wp:term":[{"taxonomy":"product_brand","embeddable":true,"href":"https:\/\/antcube.shop\/sv\/wp-json\/wp\/v2\/product_brand?post=4632"},{"taxonomy":"product_cat","embeddable":true,"href":"https:\/\/antcube.shop\/sv\/wp-json\/wp\/v2\/product_cat?post=4632"},{"taxonomy":"product_tag","embeddable":true,"href":"https:\/\/antcube.shop\/sv\/wp-json\/wp\/v2\/product_tag?post=4632"}],"curies":[{"name":"wp","href":"https:\/\/api.w.org\/{rel}","templated":true}]}}