{"id":4629,"date":"2022-11-14T14:28:18","date_gmt":"2022-11-14T13:28:18","guid":{"rendered":"https:\/\/antcube.shop\/produkt\/antcube-ameisenfarm-l-30x30-wand\/"},"modified":"2026-03-23T17:45:00","modified_gmt":"2026-03-23T16:45:00","slug":"antcube-ameisenfarm-l-30x30-wand","status":"publish","type":"product","link":"https:\/\/antcube.shop\/sv\/produkt\/antcube-ameisenfarm-l-30x30-wand\/","title":{"rendered":"ANTCUBE - Myrfarm - L - 30\u00d730 - v\u00e4gg"},"content":{"rendered":"<p><strong>Utanf\u00f6r:<\/strong> 32,5 x 32,5 cm \/ Inv\u00e4ndigt: 29,2 x 29,2 cm<\/p>\n<p><strong>Material:<\/strong><br \/>\nFlytande glas, tr\u00e4, PMMA<\/p>\n<p><strong>F\u00e4rg:<\/strong><br \/>\nkristallklar, vit<\/p>\n<p><strong>Inneh\u00e5ll:<\/strong><br \/>\n1x Ant farm 20mm plattans avst\u00e5nd med v\u00e4ggmontering.<br \/>\n1x skydd<br \/>\n1x vitm\u00e5lad tr\u00e4ram med magnetl\u00e5s<br \/>\n2x distansst\u00e4nger f\u00f6r nestinsatser<br \/>\n6x skruvar och pluggar (f\u00f6r tr\u00e4- och stenv\u00e4ggar)<\/p>\n<p><strong>anslutning:<\/strong><br \/>\n2x 14\/16\/18\/20 x 20 mm uttag<\/p>\n<p>14\/10-slangen s\u00e4tts in i 14 mm-uttaget med en fast passning.<br \/>\n20\/16-slangen \u00e4r ordentligt ansluten till det f\u00f6rsta 16 mm-steget.<\/p>\n<p><strong>Beskrivning:<\/strong><br \/>\nDessa myrstackar \u00e4r utformade f\u00f6r v\u00e4ggmontering och kan enkelt monteras p\u00e5 tr\u00e4- och stenv\u00e4ggar.<br \/>\nRamen \u00e4r tillverkad av \u00e4kta naturtr\u00e4, med vit f\u00e4rg i en modern, tidl\u00f6s design.<br \/>\nDenna ram kan tas bort f\u00f6r att \u00f6ppna g\u00e5rden och kan s\u00e4ttas fast p\u00e5 g\u00e5rden igen med en magnetisk h\u00e5llare.<\/p>\n<p><strong>Monteringsanvisningar:<\/strong><br \/>\nF\u00f6r att f\u00e4sta de 6 pluggarna \"S6\" i v\u00e4ggen beh\u00f6ver du en borr med en 6 mm borr (tr\u00e4 eller sten beroende p\u00e5 material).<br \/>\nH\u00e5l 40 mm djupa m\u00e5ste borras i v\u00e4ggen f\u00f6r att s\u00e4nka dymlingarna med 4x30 mm skruvarna.<\/p>\n<p><strong>Anm\u00e4rkningar om produktionen<\/strong><br \/>\nGlaset sk\u00e4rs enligt DIN 1249 med en tolerans p\u00e5 +\/- 1 mm. F\u00f6r extremt sm\u00e5 myrarter \u00e4r det n\u00f6dv\u00e4ndigt med ett extra utbrytningsskydd.<\/p>\n<p><strong>Anteckningar om g\u00e5rden<\/strong><br \/>\nObservera f\u00f6ljande n\u00e4r du monterar eller tar bort slangar:<br \/>\nOm det \u00e4r mycket sv\u00e5rt att f\u00e5 slangen att passa p\u00e5 anslutningsbussningen b\u00f6r du gnugga den l\u00e4tt med en droppe av v\u00e5r olja eller v\u00e5rt pulver f\u00f6r att skydda mot utbrott. Slangen ska sedan skjutas p\u00e5 bussningen med vrid- eller skruvr\u00f6relser, utan att stressa bussningen med upp- och nedg\u00e5ende r\u00f6relser. Samma sak g\u00e4ller n\u00e4r man tar bort slangarna fr\u00e5n g\u00e5rdens anslutningsbussning. Dra inte bara av den helt enkelt!<\/p>","protected":false},"excerpt":{"rendered":"<p><strong>Anslutning:<\/strong> uttag 2x 14\/16 x 20mm; <strong>plattans avst\u00e5nd:<\/strong> insida 20mm<br \/>\n<strong>Storlek:<\/strong> <span style=\"color: #0000ff;\"><strong>L<\/strong> <\/span><\/p>","protected":false},"featured_media":5188,"comment_status":"open","ping_status":"closed","template":"","meta":{"_acf_changed":false,"content-type":"","_monsterinsights_skip_tracking":false,"_monsterinsights_sitenote_active":false,"_monsterinsights_sitenote_note":"","_monsterinsights_sitenote_category":0},"product_brand":[],"product_cat":[80,83],"product_tag":[],"class_list":{"0":"post-4629","1":"product","2":"type-product","3":"status-publish","4":"has-post-thumbnail","6":"product_cat-antfarms","7":"product_cat-antfarms-l","9":"first","10":"instock","11":"taxable","12":"shipping-taxable","13":"purchasable","14":"product-type-simple"},"acf":[],"aioseo_notices":[],"jetpack_sharing_enabled":true,"_links":{"self":[{"href":"https:\/\/antcube.shop\/sv\/wp-json\/wp\/v2\/product\/4629","targetHints":{"allow":["GET"]}}],"collection":[{"href":"https:\/\/antcube.shop\/sv\/wp-json\/wp\/v2\/product"}],"about":[{"href":"https:\/\/antcube.shop\/sv\/wp-json\/wp\/v2\/types\/product"}],"replies":[{"embeddable":true,"href":"https:\/\/antcube.shop\/sv\/wp-json\/wp\/v2\/comments?post=4629"}],"wp:featuredmedia":[{"embeddable":true,"href":"https:\/\/antcube.shop\/sv\/wp-json\/wp\/v2\/media\/5188"}],"wp:attachment":[{"href":"https:\/\/antcube.shop\/sv\/wp-json\/wp\/v2\/media?parent=4629"}],"wp:term":[{"taxonomy":"product_brand","embeddable":true,"href":"https:\/\/antcube.shop\/sv\/wp-json\/wp\/v2\/product_brand?post=4629"},{"taxonomy":"product_cat","embeddable":true,"href":"https:\/\/antcube.shop\/sv\/wp-json\/wp\/v2\/product_cat?post=4629"},{"taxonomy":"product_tag","embeddable":true,"href":"https:\/\/antcube.shop\/sv\/wp-json\/wp\/v2\/product_tag?post=4629"}],"curies":[{"name":"wp","href":"https:\/\/api.w.org\/{rel}","templated":true}]}}