{"id":4625,"date":"2022-11-14T14:21:09","date_gmt":"2022-11-14T13:21:09","guid":{"rendered":"https:\/\/antcube.shop\/produkt\/acrylglas-xt-rohr-50-46mm-1m\/"},"modified":"2026-04-14T09:35:43","modified_gmt":"2026-04-14T07:35:43","slug":"acrylglas-xt-rohr-50-46mm-1m","status":"publish","type":"product","link":"https:\/\/antcube.shop\/sv\/produkt\/acrylglas-xt-rohr-50-46mm-1m\/","title":{"rendered":"Myrr\u00f6r - kristallklart - 50mm - 1m"},"content":{"rendered":"<p><strong>M\u00e5tt:<\/strong> ytterdiameter 50 mm, l\u00e4ngd: 1m<\/p>\n<p><strong>Material:<\/strong> akrylglas<\/p>\n<p><strong>F\u00e4rg:<\/strong> genomskinlig, klar<\/p>\n<p><strong>Beskrivning:<\/strong> Kan anslutas till formicariumet via adaptrar eller koppla ihop flera formicarium med varandra.<\/p>\n<p><strong>Observera:<\/strong> Av f\u00f6rpackningssk\u00e4l kan 1 meter l\u00e5nga r\u00f6r klippas p\u00e5 mitten och som tillval best\u00e4llas med en matchande r\u00f6rbit. Om du vill ha r\u00f6ren levererade som 1-metersr\u00f6r i vilket fall som helst m\u00e5ste detta v\u00e4ljas som ett extra till\u00e4gg.<\/p>","protected":false},"excerpt":{"rendered":"<p>M\u00e5tt: ytterdiameter 50 mm, l\u00e4ngd: 1m Material: akrylglas F\u00e4rg: transparent, klar Beskrivning: Kan anslutas till formicariumet via adaptrar eller koppla ihop flera formicarium med varandra. Obs: Av f\u00f6rpackningssk\u00e4l kan r\u00f6ren p\u00e5 1 meter klippas p\u00e5 mitten och som tillval best\u00e4llas med ett matchande r\u00f6rstycke. Om du vill ha","protected":false},"featured_media":5122,"comment_status":"open","ping_status":"closed","template":"","meta":{"_acf_changed":false,"content-type":"","_monsterinsights_skip_tracking":false,"_monsterinsights_sitenote_active":false,"_monsterinsights_sitenote_note":"","_monsterinsights_sitenote_category":0},"product_brand":[],"product_cat":[119,120],"product_tag":[],"class_list":{"0":"post-4625","1":"product","2":"type-product","3":"status-publish","4":"has-post-thumbnail","6":"product_cat-formicarium-components","7":"product_cat-hoses","9":"first","10":"instock","11":"taxable","12":"shipping-taxable","13":"purchasable","14":"product-type-simple"},"acf":[],"aioseo_notices":[],"jetpack_sharing_enabled":true,"_links":{"self":[{"href":"https:\/\/antcube.shop\/sv\/wp-json\/wp\/v2\/product\/4625","targetHints":{"allow":["GET"]}}],"collection":[{"href":"https:\/\/antcube.shop\/sv\/wp-json\/wp\/v2\/product"}],"about":[{"href":"https:\/\/antcube.shop\/sv\/wp-json\/wp\/v2\/types\/product"}],"replies":[{"embeddable":true,"href":"https:\/\/antcube.shop\/sv\/wp-json\/wp\/v2\/comments?post=4625"}],"wp:featuredmedia":[{"embeddable":true,"href":"https:\/\/antcube.shop\/sv\/wp-json\/wp\/v2\/media\/5122"}],"wp:attachment":[{"href":"https:\/\/antcube.shop\/sv\/wp-json\/wp\/v2\/media?parent=4625"}],"wp:term":[{"taxonomy":"product_brand","embeddable":true,"href":"https:\/\/antcube.shop\/sv\/wp-json\/wp\/v2\/product_brand?post=4625"},{"taxonomy":"product_cat","embeddable":true,"href":"https:\/\/antcube.shop\/sv\/wp-json\/wp\/v2\/product_cat?post=4625"},{"taxonomy":"product_tag","embeddable":true,"href":"https:\/\/antcube.shop\/sv\/wp-json\/wp\/v2\/product_tag?post=4625"}],"curies":[{"name":"wp","href":"https:\/\/api.w.org\/{rel}","templated":true}]}}