{"id":4613,"date":"2022-11-01T18:09:28","date_gmt":"2022-11-01T17:09:28","guid":{"rendered":"https:\/\/antcube.shop\/produkt\/antcube-starter-set-vivarium-30x30x30-cube\/"},"modified":"2026-04-01T11:20:15","modified_gmt":"2026-04-01T09:20:15","slug":"plantcube-vivarium-20x20x20-biom","status":"publish","type":"product","link":"https:\/\/antcube.shop\/sv\/produkt\/plantcube-vivarium-20x20x20-biom\/","title":{"rendered":"PLANTCUBE - Vivarium 20x20x20 Biom"},"content":{"rendered":"<p><b>Inneh\u00e5ll:<\/b><b><br \/>\n<\/b><span style=\"font-weight: 400;\">1x PLANTCUBE Vivarium 20x20x20 Biom<\/span><span style=\"font-weight: 400;\"><br \/>\n<\/span><span style=\"font-weight: 400;\">2x pluggar f\u00f6r 10 mm h\u00e5l<\/span><\/p>\n<p><span style=\"font-weight: 400;\">Glaskub 20x20x20cm med 2 x 27 mm h\u00e5l p\u00e5 sidan och 2 x 10 mm h\u00e5l p\u00e5 sidan<\/span><span style=\"font-weight: 400;\"><br \/>\n<\/span><span style=\"font-weight: 400;\">27 mm-h\u00e5let (mittpunkten) sitter p\u00e5 8,5 cm h\u00f6jd.\u00a0<\/span><\/p>\n<p><b>M\u00e5tt:<\/b><span style=\"font-weight: 400;\"> 200 x 200 x 200 mm; 4 mm glastjocklek<\/span><\/p>\n<p><b>Material:<\/b><span style=\"font-weight: 400;\"> floatglas<\/span><\/p>\n<p><b>\u00d6ppningar p\u00e5 sidan:<\/b><b><br \/>\n<\/b><span style=\"font-weight: 400;\">2x h\u00e5l 27mm<\/span><span style=\"font-weight: 400;\"><br \/>\n<\/span><span style=\"font-weight: 400;\">2x h\u00e5l 10mm<\/span><\/p>\n<p><span style=\"font-weight: 400;\">Med v\u00e5ra PLANTCUBE Vivarium kan du designa ditt eget levande konstverk f\u00f6r ditt vardagsrum. Du kan ocks\u00e5 h\u00e5lla sm\u00e5 djur i en PLANTCUBE s\u00e5 det finns ingen gr\u00e4ns f\u00f6r din kreativitet.<\/span><\/p>\n<p><span style=\"font-weight: 400;\">Om du vill veta mer om PLANTCUBE eller l\u00e4sa v\u00e5r steg-f\u00f6r-steg-guide f\u00f6r att s\u00e4tta upp ditt vivarium kan du bes\u00f6ka f\u00f6ljande l\u00e4nk: <a href=\"http:\/\/antcube.shop\/PLANTCUBE\">antcube.shop\/PLANTCUBE<\/a><\/span><\/p>\n<p><b>Anpassa din PLANTCUBE efter dina egna eller dina v\u00e4xters och djurs behov:<\/b><\/p>\n<p><span style=\"font-weight: 400;\">De tv\u00e5 10 mm h\u00e5len p\u00e5 sidan, som \u00e4r placerade p\u00e5 2 cm h\u00f6jd (mitt) fr\u00e5n botten, \u00e4r avsedda f\u00f6r dr\u00e4nering av \u00f6verfl\u00f6digt vatten. Du kan t.ex. anv\u00e4nda v\u00e5r slang transparent 10\/06 mm f\u00f6r att t\u00f6mma ut vattnet. De tv\u00e5 27 mm-h\u00e5len kan antingen f\u00f6rslutas med pluggar eller fungera som extra ventilation n\u00e4r de \u00e4r utrustade med gallerinsatser. Du kan till och med ansluta tv\u00e5 uppst\u00e4llningar h\u00e4r via ett akrylr\u00f6r. Om du har djur i ditt vivarium kan de p\u00e5 s\u00e5 s\u00e4tt r\u00f6ra sig fritt mellan de olika uppst\u00e4llningarna.<\/span><\/p>\n<p><b>Hur f\u00f6rvandlar du din PLANTCUBE till ett bioaktivt ekosystem?<\/b><\/p>\n<p><b>Skapa ett dr\u00e4nerande lager:<\/b><\/p>\n<p><span style=\"font-weight: 400;\">F\u00f6r att ge st\u00f6d \u00e5t dina v\u00e4xter b\u00f6r du f\u00f6rst bygga ett dr\u00e4neringslager i ditt Vivarium. Vi rekommenderar att du anv\u00e4nder 2-3 cm lergranulat (4-8 mm) eftersom de \u00e4r l\u00e4tta. Se till att tv\u00e4tta dem under rinnande vatten innan du l\u00e4gger i dem f\u00f6r att ta bort damm.\u00a0<\/span><\/p>\n<p><span style=\"font-weight: 400;\">Du kan placera en dr\u00e4neringsfleece ovanp\u00e5 lergranulatet f\u00f6r att separera dr\u00e4neringen fr\u00e5n underlaget.<\/span><\/p>\n<p><b>Vilka v\u00e4xter och vilken jord du ska anv\u00e4nda:<\/b><\/p>\n<p><span style=\"font-weight: 400;\">Allt detta beror p\u00e5 vilken typ av \"ekosystem\" du vill skapa. Om du vill bygga ett \u00f6ken- eller snarare torrt Vivarium beh\u00f6ver du v\u00e4xter som trivs i det klimatet och anv\u00e4nda l\u00e4mplig jord som de gillar att v\u00e4xa i. F\u00f6r tropiska Vivarium \u00e4r det naturligtvis samma sak. F\u00f6rs\u00f6k att anv\u00e4nda v\u00e4xter fr\u00e5n liknande regioner och\/eller klimat s\u00e5 att de alla klarar sig bra i samma typ av jord och klimat. En bra v\u00e4xtbutik b\u00f6r alltid ha information om matchande klimat och jord f\u00f6r de v\u00e4xter som de s\u00e4ljer.<\/span><\/p>\n<p><b>Viktigt:<\/b><span style=\"font-weight: 400;\"> Om du vill h\u00e5lla v\u00e4xter och djur tillsammans b\u00f6r du aldrig anv\u00e4nda v\u00e4xter d\u00e4r du inte vet om de har kommit i kontakt med g\u00f6dselmedel eller bek\u00e4mpningsmedel. Anv\u00e4nd endast v\u00e4xter fr\u00e5n terrariebutiker eller liknande som garanterat \u00e4r helt fria fr\u00e5n bek\u00e4mpningsmedel och g\u00f6dningsmedel. Dessa kan annars leda till att dina djur d\u00f6r.<\/span><\/p>\n<p><b>Introducera en \"Clean up crew\" f\u00f6r att g\u00f6ra ditt Vivarium Bioactive<\/b><\/p>\n<p><b>Vad \u00e4r bioaktivt? <\/b><span style=\"font-weight: 400;\">Vad \u00e4r bioaktivt? Det h\u00e4r \u00e4r det n\u00e4rmaste du kommer en sj\u00e4lvf\u00f6rs\u00f6rjande anl\u00e4ggning. Det handlar om att tills\u00e4tta l\u00e4mplig jordblandning och organiskt material f\u00f6r att mikrofloran ska kunna bildas, plus den n\u00f6dv\u00e4ndiga mikrofaunan f\u00f6r att skapa en n\u00e4ringscykel i ditt Vivarium.<\/span><\/p>\n<p><span style=\"font-weight: 400;\">V\u00e5rt tips: L\u00e4gg alltid till sm\u00e5 djur som springsvansar och isopoder. Dessa \u00e4r inte bara en bra \"o\u00e4ndlig\" f\u00f6dok\u00e4lla i sig, om du vill ha andra djur i ditt Vivarium. De livn\u00e4r sig framf\u00f6r allt p\u00e5 m\u00f6gel som kan bildas p\u00e5 grund av h\u00f6g luftfuktighet och berikar jorden med n\u00e4rings\u00e4mnen, vilket i sin tur g\u00f6r att v\u00e4xterna kan v\u00e4xa friskt.<\/span><\/p>\n<p><span style=\"font-weight: 400;\">Tills\u00e4tt lite tr\u00e4kol i din jord som hj\u00e4lper mikrober att kolonisera den. Mossa och korkbark eller vitr\u00f6tat tr\u00e4 ut\u00f6ver l\u00f6vf\u00f6rna ser inte bara naturligt ut i din anl\u00e4ggning, de ger ocks\u00e5 mat \u00e5t dina \"st\u00e4dare\", ger dem g\u00f6mst\u00e4llen och fortplantningsst\u00e4llen och \u00e4r l\u00e4tta att bryta ner till n\u00e4rings\u00e4mnen f\u00f6r dina v\u00e4xter.<\/span><\/p>\n<p><b>I naturen handlar allt om balans<\/b><\/p>\n<p><span style=\"font-weight: 400;\">Det \u00e4r dock inte tillr\u00e5dligt att anv\u00e4nda vissa arter av isopoder utan att tills\u00e4tta n\u00e5got som jagar dem, eftersom en isopodpopulation utan rovdjur som t.ex. myror g\u00e4rna g\u00e5r \u00f6verstyr och v\u00e4xterna i ditt Vivarium d\u00e5 snabbt blir en o\u00f6nskad f\u00f6dok\u00e4lla. I naturen handlar allt om balans.<\/span><\/p>\n<p><b>Ytterligare information:<\/b><\/p>\n<p><span style=\"font-weight: 400;\">Glaset sk\u00e4rs enligt DIN 1249 med en tolerans p\u00e5 +\/- 1 mm. F\u00f6r extremt sm\u00e5 myrarter \u00e4r det n\u00f6dv\u00e4ndigt med ett extra utbrytningsskydd.<\/span><\/p>","protected":false},"excerpt":{"rendered":"<p>Anslutning: 2x borrning 27 mm<br \/>\n2x borrning 10 mm<\/p>","protected":false},"featured_media":12297,"comment_status":"open","ping_status":"closed","template":"","meta":{"_acf_changed":false,"content-type":"","_monsterinsights_skip_tracking":false,"_monsterinsights_sitenote_active":false,"_monsterinsights_sitenote_note":"","_monsterinsights_sitenote_category":0},"product_brand":[483],"product_cat":[341],"product_tag":[],"class_list":{"0":"post-4613","1":"product","2":"type-product","3":"status-publish","4":"has-post-thumbnail","6":"product_brand-plantcube","7":"product_cat-vivariums","9":"first","10":"instock","11":"taxable","12":"shipping-taxable","13":"purchasable","14":"product-type-simple"},"acf":[],"aioseo_notices":[],"jetpack_sharing_enabled":true,"_links":{"self":[{"href":"https:\/\/antcube.shop\/sv\/wp-json\/wp\/v2\/product\/4613","targetHints":{"allow":["GET"]}}],"collection":[{"href":"https:\/\/antcube.shop\/sv\/wp-json\/wp\/v2\/product"}],"about":[{"href":"https:\/\/antcube.shop\/sv\/wp-json\/wp\/v2\/types\/product"}],"replies":[{"embeddable":true,"href":"https:\/\/antcube.shop\/sv\/wp-json\/wp\/v2\/comments?post=4613"}],"wp:featuredmedia":[{"embeddable":true,"href":"https:\/\/antcube.shop\/sv\/wp-json\/wp\/v2\/media\/12297"}],"wp:attachment":[{"href":"https:\/\/antcube.shop\/sv\/wp-json\/wp\/v2\/media?parent=4613"}],"wp:term":[{"taxonomy":"product_brand","embeddable":true,"href":"https:\/\/antcube.shop\/sv\/wp-json\/wp\/v2\/product_brand?post=4613"},{"taxonomy":"product_cat","embeddable":true,"href":"https:\/\/antcube.shop\/sv\/wp-json\/wp\/v2\/product_cat?post=4613"},{"taxonomy":"product_tag","embeddable":true,"href":"https:\/\/antcube.shop\/sv\/wp-json\/wp\/v2\/product_tag?post=4613"}],"curies":[{"name":"wp","href":"https:\/\/api.w.org\/{rel}","templated":true}]}}