{"id":4611,"date":"2022-11-01T18:08:57","date_gmt":"2022-11-01T17:08:57","guid":{"rendered":"https:\/\/antcube.shop\/produkt\/antcube-arena-30x30x30-wurfel\/"},"modified":"2026-04-01T13:28:05","modified_gmt":"2026-04-01T11:28:05","slug":"antcube-arena-30x30x30-wurfel","status":"publish","type":"product","link":"https:\/\/antcube.shop\/sv\/produkt\/antcube-arena-30x30x30-wurfel\/","title":{"rendered":"ANTCUBE - Arena 30x30x30 - Cube"},"content":{"rendered":"<p><strong>M\u00e5tt:<\/strong> 300 x 300 x 300 mm; 4 mm glastjocklek<\/p>\n<p><strong>Material:<\/strong> floatglas<\/p>\n<p><strong>Anslutning:<\/strong> 2x h\u00e5l 50 mm<\/p>\n<p><strong>Beskrivning:<\/strong><br \/>\nGlasbass\u00e4ng 30x30x30 cm med 2x 50mm borrning.<br \/>\nBorrningen (mittpunkten) \u00e4r 3 cm h\u00f6g.<\/p>\n<p><strong>Observera:<\/strong> Glaset sk\u00e4rs enligt DIN 1249 med en tolerans p\u00e5 +\/- 1 mm. F\u00f6r extremt sm\u00e5 myrarter \u00e4r det n\u00f6dv\u00e4ndigt med ytterligare utbrytningsskydd.<\/p>","protected":false},"excerpt":{"rendered":"<p><strong>Anslutning:<\/strong> 2x h\u00e5l 50 mm<br \/>\n<strong>Storlek:<\/strong> S, M, L, XL<\/p>","protected":false},"featured_media":5130,"comment_status":"open","ping_status":"closed","template":"","meta":{"_acf_changed":false,"content-type":"","_monsterinsights_skip_tracking":false,"_monsterinsights_sitenote_active":false,"_monsterinsights_sitenote_note":"","_monsterinsights_sitenote_category":0},"product_brand":[],"product_cat":[85,86],"product_tag":[],"class_list":{"0":"post-4611","1":"product","2":"type-product","3":"status-publish","4":"has-post-thumbnail","6":"product_cat-ant-arenas","7":"product_cat-formicariums","9":"first","10":"instock","11":"taxable","12":"shipping-taxable","13":"purchasable","14":"product-type-simple"},"acf":[],"aioseo_notices":[],"jetpack_sharing_enabled":true,"_links":{"self":[{"href":"https:\/\/antcube.shop\/sv\/wp-json\/wp\/v2\/product\/4611","targetHints":{"allow":["GET"]}}],"collection":[{"href":"https:\/\/antcube.shop\/sv\/wp-json\/wp\/v2\/product"}],"about":[{"href":"https:\/\/antcube.shop\/sv\/wp-json\/wp\/v2\/types\/product"}],"replies":[{"embeddable":true,"href":"https:\/\/antcube.shop\/sv\/wp-json\/wp\/v2\/comments?post=4611"}],"wp:featuredmedia":[{"embeddable":true,"href":"https:\/\/antcube.shop\/sv\/wp-json\/wp\/v2\/media\/5130"}],"wp:attachment":[{"href":"https:\/\/antcube.shop\/sv\/wp-json\/wp\/v2\/media?parent=4611"}],"wp:term":[{"taxonomy":"product_brand","embeddable":true,"href":"https:\/\/antcube.shop\/sv\/wp-json\/wp\/v2\/product_brand?post=4611"},{"taxonomy":"product_cat","embeddable":true,"href":"https:\/\/antcube.shop\/sv\/wp-json\/wp\/v2\/product_cat?post=4611"},{"taxonomy":"product_tag","embeddable":true,"href":"https:\/\/antcube.shop\/sv\/wp-json\/wp\/v2\/product_tag?post=4611"}],"curies":[{"name":"wp","href":"https:\/\/api.w.org\/{rel}","templated":true}]}}