{"id":4610,"date":"2022-11-01T18:08:42","date_gmt":"2022-11-01T17:08:42","guid":{"rendered":"https:\/\/antcube.shop\/produkt\/formicarienunterlage-30x30cm\/"},"modified":"2026-03-30T10:29:22","modified_gmt":"2026-03-30T08:29:22","slug":"formicarienunterlage-30x30cm","status":"publish","type":"product","link":"https:\/\/antcube.shop\/sv\/produkt\/formicarienunterlage-30x30cm\/","title":{"rendered":"Formicarium - 30x30cm"},"content":{"rendered":"<p><strong>M\u00e5tt:<\/strong> 300 x 300 x 4mm<\/p>\n<p><strong>Material:<\/strong> PE-skum<\/p>\n<p><strong>F\u00e4rg:<\/strong> gr\u00e5<\/p>\n<p><strong>Inneh\u00e5ll:<\/strong> 1 st.<\/p>\n<p><strong>Beskrivning:<\/strong><br \/>\nFormicariumkudden \u00e4r tillverkad av ett mjukt skummaterial.<br \/>\nDen skyddar b\u00e5de formicariumet och den m\u00f6bel som formicariumet st\u00e5r p\u00e5 fr\u00e5n repor.<br \/>\nDessutom fungerar dynan som v\u00e4rmeisolering f\u00f6r att kompensera f\u00f6r minsta oj\u00e4mnhet och skyddar \u00e4ven mot vibrationer.<\/p>","protected":false},"excerpt":{"rendered":"<p>M\u00e5tt: Material: 390 x 60 x 4 mm: Material: PE-skum F\u00e4rg: gr\u00e5 Inneh\u00e5ll: F\u00e4rg: Gr\u00e5tt: 1 st. Beskrivning: 1: Formicariumkudden \u00e4r tillverkad av ett mjukt skummaterial. Den skyddar b\u00e5de formicariumet och den m\u00f6bel som formicariumet st\u00e5r p\u00e5 fr\u00e5n repor. Dessutom fungerar kudden som v\u00e4rmeisolering f\u00f6r att kompensera f\u00f6r","protected":false},"featured_media":4803,"comment_status":"open","ping_status":"closed","template":"","meta":{"_acf_changed":false,"content-type":"","_monsterinsights_skip_tracking":false,"_monsterinsights_sitenote_active":false,"_monsterinsights_sitenote_note":"","_monsterinsights_sitenote_category":0},"product_brand":[],"product_cat":[239],"product_tag":[],"class_list":{"0":"post-4610","1":"product","2":"type-product","3":"status-publish","4":"has-post-thumbnail","6":"product_cat-useful-additions","8":"first","9":"instock","10":"taxable","11":"shipping-taxable","12":"purchasable","13":"product-type-simple"},"acf":[],"aioseo_notices":[],"jetpack_sharing_enabled":true,"_links":{"self":[{"href":"https:\/\/antcube.shop\/sv\/wp-json\/wp\/v2\/product\/4610","targetHints":{"allow":["GET"]}}],"collection":[{"href":"https:\/\/antcube.shop\/sv\/wp-json\/wp\/v2\/product"}],"about":[{"href":"https:\/\/antcube.shop\/sv\/wp-json\/wp\/v2\/types\/product"}],"replies":[{"embeddable":true,"href":"https:\/\/antcube.shop\/sv\/wp-json\/wp\/v2\/comments?post=4610"}],"wp:featuredmedia":[{"embeddable":true,"href":"https:\/\/antcube.shop\/sv\/wp-json\/wp\/v2\/media\/4803"}],"wp:attachment":[{"href":"https:\/\/antcube.shop\/sv\/wp-json\/wp\/v2\/media?parent=4610"}],"wp:term":[{"taxonomy":"product_brand","embeddable":true,"href":"https:\/\/antcube.shop\/sv\/wp-json\/wp\/v2\/product_brand?post=4610"},{"taxonomy":"product_cat","embeddable":true,"href":"https:\/\/antcube.shop\/sv\/wp-json\/wp\/v2\/product_cat?post=4610"},{"taxonomy":"product_tag","embeddable":true,"href":"https:\/\/antcube.shop\/sv\/wp-json\/wp\/v2\/product_tag?post=4610"}],"curies":[{"name":"wp","href":"https:\/\/api.w.org\/{rel}","templated":true}]}}