{"id":4609,"date":"2022-11-01T18:08:27","date_gmt":"2022-11-01T17:08:27","guid":{"rendered":"https:\/\/antcube.shop\/produkt\/ameisenarena-abdeckung-30x30\/"},"modified":"2026-04-02T17:28:50","modified_gmt":"2026-04-02T15:28:50","slug":"ameisenarena-abdeckung-30x30","status":"publish","type":"product","link":"https:\/\/antcube.shop\/sv\/produkt\/ameisenarena-abdeckung-30x30\/","title":{"rendered":"T\u00e4ckning f\u00f6r myrarena 30\u00d730"},"content":{"rendered":"<p><strong>M\u00e5tt (LxBxH):<\/strong> 30x30x0,4 cm<\/p>\n<p><strong>Material:<\/strong> floatglas<\/p>\n<p><strong>F\u00e4rg:<\/strong> kristallklar\/genomskinlig<\/p>\n<p><strong>Inneh\u00e5ll:<\/strong><br \/>\n1x skydd f\u00f6r myrarena<br \/>\n1x f\u00e4stpunkter \u00e0 4 st.<\/p>\n<p><strong>Beskrivning:<\/strong><br \/>\nGlasskydd f\u00f6r myrarena som flyktskydd.<\/p>\n<p><strong>Anv\u00e4ndning:<\/strong><br \/>\nMyrarena\u00f6verdraget av glas placeras p\u00e5 en myrarena och tj\u00e4nar ocks\u00e5 omedelbart till klimatreglering.<br \/>\nOlika moduler f\u00f6r klimatkontroll kan s\u00e4ttas in i 50 mm-\u00f6ppningarna, t.ex. ventilationsgaller, belysning eller befuktning.<br \/>\nF\u00f6r att f\u00f6rhindra att myror flyr genom \u00f6ppningarna b\u00f6r ett flyktskydd (olja, pulver eller lack) appliceras p\u00e5 undersidan runt h\u00e5len.<\/p>\n<p><strong>Meddelande:<\/strong><br \/>\nEftersom artikeln \u00e4r gjord av glas och d\u00e4rf\u00f6r kan g\u00e5 s\u00f6nder, b\u00f6r den hanteras mycket f\u00f6rsiktigt.<\/p>","protected":false},"excerpt":{"rendered":"<p>M\u00e5tt (LxBxH): 30x30x0,4 cm Material: floatglas F\u00e4rg: kristallklart \/ transparent Inneh\u00e5ll: Inneh\u00e5ll: 1x ant arena cover 1x fixeringspunkter \u00e0 4 st. Beskrivning: T\u00e4cke av glas f\u00f6r myrarena som flyktskydd. Anv\u00e4ndning: Myrarena\u00f6verdraget av glas placeras p\u00e5 en myrarena och tj\u00e4nar ocks\u00e5 omedelbart f\u00f6r","protected":false},"featured_media":4800,"comment_status":"open","ping_status":"closed","template":"","meta":{"_acf_changed":false,"content-type":"","_monsterinsights_skip_tracking":false,"_monsterinsights_sitenote_active":false,"_monsterinsights_sitenote_note":"","_monsterinsights_sitenote_category":0},"product_brand":[],"product_cat":[91,92],"product_tag":[],"class_list":{"0":"post-4609","1":"product","2":"type-product","3":"status-publish","4":"has-post-thumbnail","6":"product_cat-formicarium-modules","7":"product_cat-arena-cover","9":"first","10":"instock","11":"taxable","12":"shipping-taxable","13":"purchasable","14":"product-type-simple"},"acf":[],"aioseo_notices":[],"jetpack_sharing_enabled":true,"_links":{"self":[{"href":"https:\/\/antcube.shop\/sv\/wp-json\/wp\/v2\/product\/4609","targetHints":{"allow":["GET"]}}],"collection":[{"href":"https:\/\/antcube.shop\/sv\/wp-json\/wp\/v2\/product"}],"about":[{"href":"https:\/\/antcube.shop\/sv\/wp-json\/wp\/v2\/types\/product"}],"replies":[{"embeddable":true,"href":"https:\/\/antcube.shop\/sv\/wp-json\/wp\/v2\/comments?post=4609"}],"wp:featuredmedia":[{"embeddable":true,"href":"https:\/\/antcube.shop\/sv\/wp-json\/wp\/v2\/media\/4800"}],"wp:attachment":[{"href":"https:\/\/antcube.shop\/sv\/wp-json\/wp\/v2\/media?parent=4609"}],"wp:term":[{"taxonomy":"product_brand","embeddable":true,"href":"https:\/\/antcube.shop\/sv\/wp-json\/wp\/v2\/product_brand?post=4609"},{"taxonomy":"product_cat","embeddable":true,"href":"https:\/\/antcube.shop\/sv\/wp-json\/wp\/v2\/product_cat?post=4609"},{"taxonomy":"product_tag","embeddable":true,"href":"https:\/\/antcube.shop\/sv\/wp-json\/wp\/v2\/product_tag?post=4609"}],"curies":[{"name":"wp","href":"https:\/\/api.w.org\/{rel}","templated":true}]}}