{"id":4606,"date":"2022-11-01T18:07:22","date_gmt":"2022-11-01T17:07:22","guid":{"rendered":"https:\/\/antcube.shop\/produkt\/formicariengranulat-1000ml-rot\/"},"modified":"2026-04-06T23:09:10","modified_gmt":"2026-04-06T21:09:10","slug":"formicariengranulat-1000ml-rot","status":"publish","type":"product","link":"https:\/\/antcube.shop\/sv\/produkt\/formicariengranulat-1000ml-rot\/","title":{"rendered":"Formicarium granulat 1000ml - r\u00f6d"},"content":{"rendered":"<p><strong>Inneh\u00e5ll:<\/strong> 1000 ml (motsvarar ~400g)<\/p>\n<p><strong>Kornstorlek:<\/strong> 1 - 6 mm<\/p>\n<p><strong>F\u00e4rg:<\/strong> r\u00f6d<\/p>\n<p><strong>Basmaterial:<\/strong> en speciell blandning av h\u00f6gkvalitativa leror<\/p>\n<p><strong>Beskrivning:<\/strong> Materialet beh\u00e5ller fukt och ger god luftning i jorden i formicariumet, vilket skyddar mot vattenm\u00e4ttnad och r\u00f6ta. Det granul\u00e4ra lagret b\u00f6r anv\u00e4ndas ca 1-2 cm som det l\u00e4gsta jordlagret p\u00e5 en g\u00e5rd.<\/p>\n<p><strong>Egenskaper:<\/strong><br \/>\n- oorganisk, mineralisk produkt<br \/>\n- biologiskt och kemiskt neutrala<br \/>\n- strukturellt stabilt<br \/>\n- lagrar fukt<\/p>","protected":false},"excerpt":{"rendered":"<p>F\u00f6r underlag av r\u00f6d sand\/lera<\/p>","protected":false},"featured_media":5732,"comment_status":"open","ping_status":"closed","template":"","meta":{"_acf_changed":false,"content-type":"","_monsterinsights_skip_tracking":false,"_monsterinsights_sitenote_active":false,"_monsterinsights_sitenote_note":"","_monsterinsights_sitenote_category":0},"product_brand":[],"product_cat":[241],"product_tag":[],"class_list":{"0":"post-4606","1":"product","2":"type-product","3":"status-publish","4":"has-post-thumbnail","6":"product_cat-granules","8":"first","9":"instock","10":"taxable","11":"shipping-taxable","12":"purchasable","13":"product-type-simple"},"acf":[],"aioseo_notices":[],"jetpack_sharing_enabled":true,"_links":{"self":[{"href":"https:\/\/antcube.shop\/sv\/wp-json\/wp\/v2\/product\/4606","targetHints":{"allow":["GET"]}}],"collection":[{"href":"https:\/\/antcube.shop\/sv\/wp-json\/wp\/v2\/product"}],"about":[{"href":"https:\/\/antcube.shop\/sv\/wp-json\/wp\/v2\/types\/product"}],"replies":[{"embeddable":true,"href":"https:\/\/antcube.shop\/sv\/wp-json\/wp\/v2\/comments?post=4606"}],"wp:featuredmedia":[{"embeddable":true,"href":"https:\/\/antcube.shop\/sv\/wp-json\/wp\/v2\/media\/5732"}],"wp:attachment":[{"href":"https:\/\/antcube.shop\/sv\/wp-json\/wp\/v2\/media?parent=4606"}],"wp:term":[{"taxonomy":"product_brand","embeddable":true,"href":"https:\/\/antcube.shop\/sv\/wp-json\/wp\/v2\/product_brand?post=4606"},{"taxonomy":"product_cat","embeddable":true,"href":"https:\/\/antcube.shop\/sv\/wp-json\/wp\/v2\/product_cat?post=4606"},{"taxonomy":"product_tag","embeddable":true,"href":"https:\/\/antcube.shop\/sv\/wp-json\/wp\/v2\/product_tag?post=4606"}],"curies":[{"name":"wp","href":"https:\/\/api.w.org\/{rel}","templated":true}]}}