{"id":4373,"date":"2022-06-20T09:12:57","date_gmt":"2022-06-20T07:12:57","guid":{"rendered":"https:\/\/antcube.shop\/produkt\/cricket-jam\/"},"modified":"2026-04-17T13:40:09","modified_gmt":"2026-04-17T11:40:09","slug":"cricket-jam","status":"publish","type":"product","link":"https:\/\/antcube.shop\/sv\/produkt\/cricket-jam\/","title":{"rendered":"Cricket Jam"},"content":{"rendered":"<p><strong>Nettovikt:<\/strong> 25 g per burk<br \/>\nmosade och \u00e5ngkokta syrsor<\/p>\n<p>enkelmatning<\/p>\n<p><strong>Beskrivning:<\/strong><br \/>\nV\u00e5r Cricket Jam \u00e4r ett enkelt s\u00e4tt att f\u00f6rse dina myror med f\u00e4rskt konserverat proteinfoder utan att beh\u00f6va mata levande insekter. De inkluderade syrsorna (Acheta domesticus) har \u00e5ngats f\u00f6rsiktigt f\u00f6r att s\u00e4kerst\u00e4lla att n\u00e4ringsv\u00e4rde, smak och arom bevaras. Dessutom mjukas insekternas kitinskal upp p\u00e5 detta s\u00e4tt, s\u00e5 att det kan sm\u00e4ltas l\u00e4ttare. De kollagena proteinernas f\u00f6reningar bryts ned s\u00e5 att myrorna kan utnyttja dem b\u00e4ttre. Mosad Acheta domesticus har samma n\u00e4ringsv\u00e4rde som levande syrsor, men \u00e4r l\u00e4ttare att sm\u00e4lta. Till skillnad fr\u00e5n frysta eller torkade syrsor, d\u00e4r ca 60% protein g\u00e5r f\u00f6rlorat, kan det ing\u00e5ende proteinet bearbetas till n\u00e4stan 100%.<\/p>\n<p>Cricket Jam \u00e4r inte l\u00e4mplig f\u00f6r att jaga myrarter som kr\u00e4ver levande f\u00f6da (t.ex. Ponerines (urmyror) som Harpegnathos eller Odontomachus).<\/p>\n<p><strong>Andra f\u00f6rdelar:<\/strong><\/p>\n<p>Garanterat fri fr\u00e5n kvalster<\/p>\n<p>Portionerbar och utsp\u00e4dningsbar med vatten.<\/p>\n<p>Steriliserat och vakuumiserat<br \/>\nUtan tillsatser<br \/>\nSyrsor fr\u00e5n h\u00e5llbar rent biologisk uppf\u00f6dning, utfodrade med organiskt avfall.<\/p>\n<p><strong>Information om n\u00e4ringsinneh\u00e5ll:<\/strong><br \/>\nR\u00e5protein: 20%<br \/>\nR\u00e5fett: 7%<br \/>\nR\u00e5 fiber: 22%<br \/>\nAsk: 4%<br \/>\nFukt: 46%<\/p>\n<p><strong>Meddelande:<\/strong><br \/>\nN\u00e4r de har \u00f6ppnats kan de f\u00f6rvaras i cirka fyra dagar i kylsk\u00e5p. L\u00e4ngre h\u00e5llbarhet om de fryses in.<br \/>\n<strong>Uppm\u00e4rksamhet:<\/strong> Portionera f\u00f6rst och frys sedan in.<\/p>","protected":false},"excerpt":{"rendered":"<p>Enkelmatning<\/p>","protected":false},"featured_media":4378,"comment_status":"open","ping_status":"closed","template":"","meta":{"_acf_changed":false,"content-type":"","_monsterinsights_skip_tracking":false,"_monsterinsights_sitenote_active":false,"_monsterinsights_sitenote_note":"","_monsterinsights_sitenote_category":0},"product_brand":[],"product_cat":[257,115,116],"product_tag":[],"class_list":{"0":"post-4373","1":"product","2":"type-product","3":"status-publish","4":"has-post-thumbnail","6":"product_cat-new-innovatve-products","7":"product_cat-food-and-feeding","8":"product_cat-food","10":"first","11":"instock","12":"taxable","13":"shipping-taxable","14":"purchasable","15":"product-type-simple"},"acf":[],"aioseo_notices":[],"jetpack_sharing_enabled":true,"_links":{"self":[{"href":"https:\/\/antcube.shop\/sv\/wp-json\/wp\/v2\/product\/4373","targetHints":{"allow":["GET"]}}],"collection":[{"href":"https:\/\/antcube.shop\/sv\/wp-json\/wp\/v2\/product"}],"about":[{"href":"https:\/\/antcube.shop\/sv\/wp-json\/wp\/v2\/types\/product"}],"replies":[{"embeddable":true,"href":"https:\/\/antcube.shop\/sv\/wp-json\/wp\/v2\/comments?post=4373"}],"wp:featuredmedia":[{"embeddable":true,"href":"https:\/\/antcube.shop\/sv\/wp-json\/wp\/v2\/media\/4378"}],"wp:attachment":[{"href":"https:\/\/antcube.shop\/sv\/wp-json\/wp\/v2\/media?parent=4373"}],"wp:term":[{"taxonomy":"product_brand","embeddable":true,"href":"https:\/\/antcube.shop\/sv\/wp-json\/wp\/v2\/product_brand?post=4373"},{"taxonomy":"product_cat","embeddable":true,"href":"https:\/\/antcube.shop\/sv\/wp-json\/wp\/v2\/product_cat?post=4373"},{"taxonomy":"product_tag","embeddable":true,"href":"https:\/\/antcube.shop\/sv\/wp-json\/wp\/v2\/product_tag?post=4373"}],"curies":[{"name":"wp","href":"https:\/\/api.w.org\/{rel}","templated":true}]}}