{"id":4343,"date":"2022-06-08T14:36:54","date_gmt":"2022-06-08T12:36:54","guid":{"rendered":"https:\/\/antcube.shop\/produkt\/naturbusch-auf-schieferplatte-gros\/"},"modified":"2025-10-19T15:15:12","modified_gmt":"2025-10-19T13:15:12","slug":"naturbusch-auf-schieferplatte-gros","status":"publish","type":"product","link":"https:\/\/antcube.shop\/sv\/produkt\/naturbusch-auf-schieferplatte-gros\/","title":{"rendered":"Prydnadsbuske"},"content":{"rendered":"<p>Storlek \/ h\u00f6jd 17 cm till 19 cm, diameter ~ 10 cm -12 cm, perfekt f\u00f6r arenor 30x30x30 cm och upp\u00e5t.<br \/>\nVikt varierar mellan 50 och 80 gram<\/p>\n<p>Dekorativ artikel som best\u00e5r av en naturligt torkad tr\u00e4buske och en bas av syntetiskt harts (basplatta).<br \/>\nDenna dekorativa buske \u00e4r handgjord i Tyskland och k\u00e4nnetecknas d\u00e4rf\u00f6r av h\u00e5llbarhet.<\/p>\n<p><strong>UPPM\u00c4RKSAMHET:<\/strong> Placera inte i mycket fuktiga formicarier (\u00f6ver 60% luftfuktighet). Busken kan b\u00f6rja m\u00f6gla. Med mycket god ventilation kan busken \u00e4ven placeras i fuktigare formicarier.<\/p>\n<p>Vissa prydnadsbuskar klarar inte av att st\u00e5 i formicarium p\u00e5 grund av sin h\u00f6jd. I det h\u00e4r fallet hj\u00e4lper det att t\u00e4cka basen lite med substrat eller placera produkten n\u00e4ra ytterf\u00f6nstren.<\/p>\n<p><span data-text-color=\"alert\"><strong>VIKTIG ANM\u00c4RKNING OM ARTIKELN:<\/strong><\/span><br \/>\nEftersom detta \u00e4r en naturprodukt\/unik produkt \u00e4r bilderna h\u00e4r inte helt identiska med den vara du kommer att f\u00e5. Det kommer att finnas variationer i storlek, form och f\u00e4rg p\u00e5 minitr\u00e4det samt p\u00e5 basplattan av brytningsskiffer. Vi garanterar endast f\u00f6rem\u00e5lets maximala h\u00f6jd.<\/p>\n<p>Genom att best\u00e4lla den h\u00e4r produkten godk\u00e4nner och samtycker du till ovanst\u00e5ende eventuella variationer av produktens storlek, form och f\u00e4rg vid tidpunkten f\u00f6r k\u00f6pet.<\/p>","protected":false},"excerpt":{"rendered":"<p>Storlek: 17-19 cm h\u00f6g<\/p>","protected":false},"featured_media":6380,"comment_status":"open","ping_status":"closed","template":"","meta":{"_acf_changed":false,"content-type":"","_monsterinsights_skip_tracking":false,"_monsterinsights_sitenote_active":false,"_monsterinsights_sitenote_note":"","_monsterinsights_sitenote_category":0},"product_brand":[],"product_cat":[99,101,102],"product_tag":[],"class_list":{"0":"post-4343","1":"product","2":"type-product","3":"status-publish","4":"has-post-thumbnail","6":"product_cat-desert","7":"product_cat-forest","8":"product_cat-meadow","10":"first","11":"outofstock","12":"taxable","13":"shipping-taxable","14":"purchasable","15":"product-type-simple"},"acf":[],"aioseo_notices":[],"jetpack_sharing_enabled":true,"_links":{"self":[{"href":"https:\/\/antcube.shop\/sv\/wp-json\/wp\/v2\/product\/4343","targetHints":{"allow":["GET"]}}],"collection":[{"href":"https:\/\/antcube.shop\/sv\/wp-json\/wp\/v2\/product"}],"about":[{"href":"https:\/\/antcube.shop\/sv\/wp-json\/wp\/v2\/types\/product"}],"replies":[{"embeddable":true,"href":"https:\/\/antcube.shop\/sv\/wp-json\/wp\/v2\/comments?post=4343"}],"wp:featuredmedia":[{"embeddable":true,"href":"https:\/\/antcube.shop\/sv\/wp-json\/wp\/v2\/media\/6380"}],"wp:attachment":[{"href":"https:\/\/antcube.shop\/sv\/wp-json\/wp\/v2\/media?parent=4343"}],"wp:term":[{"taxonomy":"product_brand","embeddable":true,"href":"https:\/\/antcube.shop\/sv\/wp-json\/wp\/v2\/product_brand?post=4343"},{"taxonomy":"product_cat","embeddable":true,"href":"https:\/\/antcube.shop\/sv\/wp-json\/wp\/v2\/product_cat?post=4343"},{"taxonomy":"product_tag","embeddable":true,"href":"https:\/\/antcube.shop\/sv\/wp-json\/wp\/v2\/product_tag?post=4343"}],"curies":[{"name":"wp","href":"https:\/\/api.w.org\/{rel}","templated":true}]}}