{"id":4342,"date":"2022-06-08T14:36:40","date_gmt":"2022-06-08T12:36:40","guid":{"rendered":"https:\/\/antcube.shop\/produkt\/naturbusch-auf-schieferplatte-klein\/"},"modified":"2026-04-06T16:26:17","modified_gmt":"2026-04-06T14:26:17","slug":"naturbusch-auf-schieferplatte-klein","status":"publish","type":"product","link":"https:\/\/antcube.shop\/sv\/produkt\/naturbusch-auf-schieferplatte-klein\/","title":{"rendered":"Naturlig buske p\u00e5 skiffer - Small"},"content":{"rendered":"<p>Storlek \/ h\u00f6jd upp till 9 cm, perfekt f\u00f6r arenor 20x20x10 cm.<br \/>\nVikten varierar mellan 200 och 600 gram.<\/p>\n<p>Dekorativ artikel som best\u00e5r av rent naturliga komponenter, fr\u00e5n en torkad tr\u00e4buske och en skifferplatta (bottenplatta). B\u00e5da obehandlade naturprodukter.<br \/>\nDet h\u00e4r minitr\u00e4det \u00e4r handgjort i Tyskland och k\u00e4nnetecknas d\u00e4rf\u00f6r av h\u00e5llbarhet.<\/p>\n<p><strong>UPPM\u00c4RKSAMHET:<\/strong> Placera den inte i mycket fuktig formicaria (\u00f6ver 60% luftfuktighet). Busken kan b\u00f6rja m\u00f6gla. Med mycket god ventilation kan busken placeras i mer fuktiga formicarier.<\/p>\n<p><strong>VIKTIG ANM\u00c4RKNING OM OBJEKTET:<\/strong><br \/>\nEftersom detta \u00e4r en naturprodukt\/unik produkt \u00e4r bilderna h\u00e4r inte helt identiska med den vara du kommer att f\u00e5. Det kommer att finnas variationer i storlek, form och f\u00e4rg p\u00e5 minitr\u00e4det samt p\u00e5 basplattan av brytningsskiffer. Vi garanterar endast f\u00f6rem\u00e5lets maximala h\u00f6jd.<\/p>\n<p>Genom att best\u00e4lla den h\u00e4r produkten godk\u00e4nner och samtycker du till ovanst\u00e5ende eventuella variationer av produktens storlek, form och f\u00e4rg vid tidpunkten f\u00f6r k\u00f6pet.<\/p>","protected":false},"excerpt":{"rendered":"<p>Storlek: 18x15x9<\/p>","protected":false},"featured_media":4355,"comment_status":"open","ping_status":"closed","template":"","meta":{"_acf_changed":false,"content-type":"","_monsterinsights_skip_tracking":false,"_monsterinsights_sitenote_active":false,"_monsterinsights_sitenote_note":"","_monsterinsights_sitenote_category":0},"product_brand":[],"product_cat":[99,101,102],"product_tag":[],"class_list":{"0":"post-4342","1":"product","2":"type-product","3":"status-publish","4":"has-post-thumbnail","6":"product_cat-desert","7":"product_cat-forest","8":"product_cat-meadow","10":"first","11":"instock","12":"taxable","13":"shipping-taxable","14":"purchasable","15":"product-type-simple"},"acf":[],"aioseo_notices":[],"jetpack_sharing_enabled":true,"_links":{"self":[{"href":"https:\/\/antcube.shop\/sv\/wp-json\/wp\/v2\/product\/4342","targetHints":{"allow":["GET"]}}],"collection":[{"href":"https:\/\/antcube.shop\/sv\/wp-json\/wp\/v2\/product"}],"about":[{"href":"https:\/\/antcube.shop\/sv\/wp-json\/wp\/v2\/types\/product"}],"replies":[{"embeddable":true,"href":"https:\/\/antcube.shop\/sv\/wp-json\/wp\/v2\/comments?post=4342"}],"wp:featuredmedia":[{"embeddable":true,"href":"https:\/\/antcube.shop\/sv\/wp-json\/wp\/v2\/media\/4355"}],"wp:attachment":[{"href":"https:\/\/antcube.shop\/sv\/wp-json\/wp\/v2\/media?parent=4342"}],"wp:term":[{"taxonomy":"product_brand","embeddable":true,"href":"https:\/\/antcube.shop\/sv\/wp-json\/wp\/v2\/product_brand?post=4342"},{"taxonomy":"product_cat","embeddable":true,"href":"https:\/\/antcube.shop\/sv\/wp-json\/wp\/v2\/product_cat?post=4342"},{"taxonomy":"product_tag","embeddable":true,"href":"https:\/\/antcube.shop\/sv\/wp-json\/wp\/v2\/product_tag?post=4342"}],"curies":[{"name":"wp","href":"https:\/\/api.w.org\/{rel}","templated":true}]}}