{"id":4259,"date":"2022-04-28T14:00:50","date_gmt":"2022-04-28T12:00:50","guid":{"rendered":"https:\/\/antcube.shop\/produkt\/nestrohrchen-rack-16mm\/"},"modified":"2026-03-04T13:09:34","modified_gmt":"2026-03-04T12:09:34","slug":"nestrohrchen-rack-16mm","status":"publish","type":"product","link":"https:\/\/antcube.shop\/sv\/produkt\/nestrohrchen-rack-16mm\/","title":{"rendered":"Nestr\u00f6rsst\u00e4ll 16mm"},"content":{"rendered":"<p style=\"margin-bottom: 0cm;\"><strong>M\u00e5tt:<\/strong> 25x12x3 cm<\/p>\n<p><strong>Material: <\/strong>PMMA, PVC<\/p>\n<p><strong>F\u00e4rg: <\/strong>kristallklar, transparent, genomskinlig, genomskinlig<\/p>\n<p><strong>Inneh\u00e5ll:<\/strong><br \/>\n2x borrplatta (10x h\u00e5l)<br \/>\n2x greppplatta<br \/>\n4x elastiska remmar<\/p>\n<p><strong>Observera: <\/strong>Delarna levereras som ett kit eller som ett plug-in-system. Ingen limning \u00e4r n\u00f6dv\u00e4ndig.<\/p>\n<p><strong>Anslutning:<\/strong><br \/>\nf\u00f6r boh\u00e5lsr\u00f6r med en diameter p\u00e5 16 mm<\/p>\n<p><strong>Beskrivning:<\/strong> R\u00f6rhyllan anv\u00e4nds f\u00f6r noggrann f\u00f6rvaring av r\u00f6ren fr\u00e5n myror. Satsen \u00e4r l\u00e4tt att s\u00e4tta ihop.<\/p>\n<p><strong>Anv\u00e4ndning:<\/strong> F\u00f6r f\u00f6rvaring av boh\u00e5lsr\u00f6r. L\u00e4mplig f\u00f6r v\u00e5r myrbr\u00f6dare<\/p>\n<p><strong>Observera:<\/strong> F\u00f6r att f\u00f6rb\u00e4ttra stabiliteten vid stapling rekommenderar vi att du anv\u00e4nder \"T\u00e4tningsring transparent flexibel 20-50 mm - 10 st\", se artikelrekommendation.<\/p>","protected":false},"excerpt":{"rendered":"<p>f\u00f6r 16mm r\u00f6r i boet<\/p>","protected":false},"featured_media":4273,"comment_status":"open","ping_status":"closed","template":"","meta":{"_acf_changed":false,"content-type":"","_monsterinsights_skip_tracking":false,"_monsterinsights_sitenote_active":false,"_monsterinsights_sitenote_note":"","_monsterinsights_sitenote_category":0},"product_brand":[],"product_cat":[237],"product_tag":[],"class_list":{"0":"post-4259","1":"product","2":"type-product","3":"status-publish","4":"has-post-thumbnail","6":"product_cat-tools","8":"first","9":"instock","10":"taxable","11":"shipping-taxable","12":"purchasable","13":"product-type-simple"},"acf":[],"aioseo_notices":[],"jetpack_sharing_enabled":true,"_links":{"self":[{"href":"https:\/\/antcube.shop\/sv\/wp-json\/wp\/v2\/product\/4259","targetHints":{"allow":["GET"]}}],"collection":[{"href":"https:\/\/antcube.shop\/sv\/wp-json\/wp\/v2\/product"}],"about":[{"href":"https:\/\/antcube.shop\/sv\/wp-json\/wp\/v2\/types\/product"}],"replies":[{"embeddable":true,"href":"https:\/\/antcube.shop\/sv\/wp-json\/wp\/v2\/comments?post=4259"}],"wp:featuredmedia":[{"embeddable":true,"href":"https:\/\/antcube.shop\/sv\/wp-json\/wp\/v2\/media\/4273"}],"wp:attachment":[{"href":"https:\/\/antcube.shop\/sv\/wp-json\/wp\/v2\/media?parent=4259"}],"wp:term":[{"taxonomy":"product_brand","embeddable":true,"href":"https:\/\/antcube.shop\/sv\/wp-json\/wp\/v2\/product_brand?post=4259"},{"taxonomy":"product_cat","embeddable":true,"href":"https:\/\/antcube.shop\/sv\/wp-json\/wp\/v2\/product_cat?post=4259"},{"taxonomy":"product_tag","embeddable":true,"href":"https:\/\/antcube.shop\/sv\/wp-json\/wp\/v2\/product_tag?post=4259"}],"curies":[{"name":"wp","href":"https:\/\/api.w.org\/{rel}","templated":true}]}}