{"id":4258,"date":"2022-04-28T14:00:36","date_gmt":"2022-04-28T12:00:36","guid":{"rendered":"https:\/\/antcube.shop\/produkt\/ameisen-inkubator\/"},"modified":"2026-04-09T15:04:51","modified_gmt":"2026-04-09T13:04:51","slug":"ameisen-inkubator","status":"publish","type":"product","link":"https:\/\/antcube.shop\/sv\/produkt\/ameisen-inkubator\/","title":{"rendered":"Myrbr\u00e4ckare"},"content":{"rendered":"<p><strong>Storlek:\u00a0<\/strong>Enhetens storlek: 40\u00d739,5\u00d748 cm ; Insida: 32\u00d722,5\u00d737 cm<\/p>\n<p><strong>F\u00e4rg:<\/strong> Svart<\/p>\n<p><strong>Tekniska specifikationer:<\/strong><br \/>\nSp\u00e4nning: 220-240V, 50Hz<br \/>\nEffekt: 70W<br \/>\nKabell\u00e4ngd n\u00e4tkabel: 1.60m<br \/>\nTemperaturomr\u00e5de: 5\u00b0C - 40\u00b0C<\/p>\n<p><strong>Material:<\/strong> Metall, glas<\/p>\n<p><strong>Beskrivning:<\/strong><br \/>\nDenna myrinkubator \u00e4r inte bara mycket l\u00e4mplig f\u00f6r uppf\u00f6dning av myrkolonier fr\u00e5n tropiska regioner utan \u00e4ven f\u00f6r myrkolonier i dvala.<br \/>\nDen har en temperaturregulator med digital display och en l\u00f6stagbar mellanhylla f\u00f6r mer utrymme. Temperaturen kan st\u00e4llas in och \u00e4ndras efter behov. Apparaten kan b\u00e5de kyla (till ca 5\u00b0C) och v\u00e4rma (upp till ca 40\u00b0C). Det justerbara temperaturomr\u00e5det \u00e4r ca 5\u00b0C-40\u00b0C. Den kan d\u00e4rf\u00f6r \u00e4ven anv\u00e4ndas f\u00f6r \u00f6vervintring av inhemska myror.<\/p>\n<p><strong>F\u00f6rdelar:<\/strong><br \/>\nOfta st\u00e4lls du inf\u00f6r fr\u00e5gan hur du ska f\u00f6rvara myror f\u00f6r vinterdvala okomplicerat vid r\u00e4tt temperatur. Kylsk\u00e5pet \u00e4r \u00e4nd\u00e5 f\u00f6r fullt, p\u00e5 balkongen kan det bli f\u00f6r kallt f\u00f6r djuren och i k\u00e4llaren \u00e4r det ocks\u00e5 tr\u00e5ngt, eller s\u00e5 har man inte tillr\u00e4ckligt med kontroll.<br \/>\n<strong>H\u00e4r \u00e4r l\u00f6sningen:<\/strong> Antingen kan du l\u00e5ta djuren \u00f6vervintra i inkubatorn med v\u00e5ra boh\u00e5lsst\u00e4ll i provr\u00f6r, i det h\u00e4r fallet till och med upp till 100 kolonier samtidigt, eller tillsammans med hela ANTCUBE Formicarium. Till exempel v\u00e5r ANTCUBE Arena Combi, som passar helt och h\u00e5llet in i den. Men \u00e4ven ett startset med arena 20x20x10 och 2 bon 20\u00d720 skulle ha tillr\u00e4ckligt med utrymme.<br \/>\nDet \u00e4r ocks\u00e5 m\u00f6jligt att f\u00f6rvara och transportera de s\u00e4rskilt k\u00e4nsliga bladklipparmyrorna med bilen, t.ex. under en sv\u00e4rmflygning, flyttning eller transport av dem.<br \/>\nDe praktiska st\u00e4llningarna f\u00f6r provr\u00f6r (nest tubes) finns i tre olika storlekar. H\u00e4r \u00e4r v\u00e5r rekommendation:<\/p>\n<p><strong>Rekommendation:<\/strong><br \/>\nUtrymmet i inkubatorn \u00e4r l\u00e4mpligt f\u00f6r:<br \/>\nUpp till 24x provr\u00f6r f\u00f6r syrsor\/ eller 24x insamlingsl\u00e5dan transparent 115x115x55<br \/>\nF\u00f6r myror i boh\u00e5l rekommenderar vi boh\u00e5lsst\u00e4llen f\u00f6r f\u00f6rvaring.<br \/>\nPassar in i inredningen:<br \/>\n- hyllor f\u00f6r 16 mm = 12 stycken eller 120 hyllor med 16 mm diameter.<br \/>\n- Hyllor f\u00f6r 18 mm = 12 stycken eller 120 hyllor med 18 mm diameter.<br \/>\n- Hylla f\u00f6r 25 mm r\u00f6r = 9 stycken resp. 54 r\u00f6r med 25 mm diameter.<\/p>\n<p><strong>Observera:<\/strong><br \/>\n- St\u00e4ll inte upp i direkt solljus eller bredvid en v\u00e4rmek\u00e4lla, eftersom yttre temperaturfluktuationer p\u00e5verkar den inre temperaturen.<br \/>\n- St\u00e4ll upp apparaten p\u00e5 en torr plats d\u00e4r temperaturen \u00e4r s\u00e5 konstant som m\u00f6jligt.<br \/>\n- Fl\u00e4ktarna m\u00e5ste kunna rotera fritt<br \/>\n- Luftytorna m\u00e5ste f\u00f6rbli fria<br \/>\n- Kontrollera regelbundet om det finns skador -&gt; stoppa omedelbart driften om s\u00e5dana finns<br \/>\n- Inkubatorn kan dubbelskyddas med ytterligare en Thermo Control II eller Thermo Control Pro II. En motsvarande genomf\u00f6ring finns p\u00e5 apparatens baksida.<\/p>\n<p><strong>Observera: <\/strong>20.01.2025 - Produktuppdatering - ny modell<\/p>","protected":false},"excerpt":{"rendered":"<p>Storlek: Enhetens storlek: 40\u00d739,5\u00d748 cm ; Insida: 32\u00d722,5\u00d737 cm F\u00e4rg: Svart Tekniska specifikationer: Sp\u00e4nning: 220-240V, 50Hz Effekt: 70W Kabell\u00e4ngd n\u00e4tkabel: 1,60 m Temperaturomr\u00e5de: 5\u00b0C - 40\u00b0C Material: Metall, glas Beskrivning: Denna myrinkubator \u00e4r inte bara mycket l\u00e4mplig f\u00f6r uppf\u00f6dning av myrkolonier fr\u00e5n tropiska regioner utan ocks\u00e5 f\u00f6r myrkolonier i dvala. Den har [...]","protected":false},"featured_media":11099,"comment_status":"open","ping_status":"closed","template":"","meta":{"_acf_changed":false,"content-type":"","_monsterinsights_skip_tracking":false,"_monsterinsights_sitenote_active":false,"_monsterinsights_sitenote_note":"","_monsterinsights_sitenote_category":0},"product_brand":[],"product_cat":[237],"product_tag":[],"class_list":{"0":"post-4258","1":"product","2":"type-product","3":"status-publish","4":"has-post-thumbnail","6":"product_cat-tools","8":"first","9":"instock","10":"taxable","11":"shipping-taxable","12":"purchasable","13":"product-type-simple"},"acf":[],"aioseo_notices":[],"jetpack_sharing_enabled":true,"_links":{"self":[{"href":"https:\/\/antcube.shop\/sv\/wp-json\/wp\/v2\/product\/4258","targetHints":{"allow":["GET"]}}],"collection":[{"href":"https:\/\/antcube.shop\/sv\/wp-json\/wp\/v2\/product"}],"about":[{"href":"https:\/\/antcube.shop\/sv\/wp-json\/wp\/v2\/types\/product"}],"replies":[{"embeddable":true,"href":"https:\/\/antcube.shop\/sv\/wp-json\/wp\/v2\/comments?post=4258"}],"wp:featuredmedia":[{"embeddable":true,"href":"https:\/\/antcube.shop\/sv\/wp-json\/wp\/v2\/media\/11099"}],"wp:attachment":[{"href":"https:\/\/antcube.shop\/sv\/wp-json\/wp\/v2\/media?parent=4258"}],"wp:term":[{"taxonomy":"product_brand","embeddable":true,"href":"https:\/\/antcube.shop\/sv\/wp-json\/wp\/v2\/product_brand?post=4258"},{"taxonomy":"product_cat","embeddable":true,"href":"https:\/\/antcube.shop\/sv\/wp-json\/wp\/v2\/product_cat?post=4258"},{"taxonomy":"product_tag","embeddable":true,"href":"https:\/\/antcube.shop\/sv\/wp-json\/wp\/v2\/product_tag?post=4258"}],"curies":[{"name":"wp","href":"https:\/\/api.w.org\/{rel}","templated":true}]}}