{"id":4175,"date":"2022-03-14T17:24:15","date_gmt":"2022-03-14T16:24:15","guid":{"rendered":"https:\/\/antcube.shop\/produkt\/candy-ant-snack-20g\/"},"modified":"2026-04-21T14:53:38","modified_gmt":"2026-04-21T12:53:38","slug":"godis-ant-snack-20g","status":"publish","type":"product","link":"https:\/\/antcube.shop\/sv\/produkt\/godis-ant-snack-20g\/","title":{"rendered":"Godis Myrsnack - 20g"},"content":{"rendered":"<p><strong>Inneh\u00e5ll:<\/strong><br \/>\n20g<\/p>\n<p><strong>Beskrivning:<\/strong><br \/>\nDetta \u00e4r en ren naturprodukt. V\u00e5r Candy Ant Snack, tillverkad av ekologiskt odlad Acheta domesticus, belagd med ekologisk honung.<br \/>\nL\u00e4ttsm\u00e4lt. Tack vare de h\u00f6gkvalitativa proteinerna \u00e4r det n\u00e4stan en komplett f\u00f6da (ers\u00e4tter honung\/socker och proteiner) f\u00f6r de flesta myrarter som Lasius sp., Camponotus sp. eller Messor sp. etc. Myrorna \u00e4lskar det. Det ers\u00e4tter inte det f\u00e4rskvatten som myrorna beh\u00f6ver. Det ers\u00e4tter inte heller behovet av levande proteiner, t.ex. sm\u00e5 insekter.<\/p>\n<p>Detta till\u00e4ggsfoder \u00e4r fullt av kraftprotein och inneh\u00e5ller ca 50% rent naturligt protein.<br \/>\nDessutom har produkten matats med bek\u00e4mpningsmedelsfritt organiskt v\u00e4xtavfall, vilket har ett h\u00f6gt ekologiskt v\u00e4rde eftersom mindre energi och vatten anv\u00e4nds vid tillverkningen.<\/p>\n<p>Merv\u00e4rdet f\u00f6r alla myr\u00e4lskare \u00e4r kombinationen av naturligt protein och \u00f6verdraget med naturlig honung. Myrorna \u00e4lskar och beh\u00f6ver detta f\u00f6r en god utveckling av yngel och en sund tillv\u00e4xt i kolonin.<\/p>\n<p><strong>Anv\u00e4ndning:<\/strong><br \/>\nF\u00f6r utfodring b\u00f6r Candy Ant Snack delas upp i mindre portioner eller l\u00f6sas upp i vatten.<\/p>\n<p><strong>Inneh\u00e5ller:<\/strong><br \/>\nNaturligt torkad Acheta domesticus \u00f6verdragen med ekologisk honung. Inte avsedd f\u00f6r m\u00e4nsklig konsumtion. Endast f\u00f6r myror.<br \/>\nUngef\u00e4rligt blandningsf\u00f6rh\u00e5llande 70% Acheta domesticus och 30% honung.<\/p>\n<p><strong>F\u00f6rvaring:<\/strong><br \/>\n\u00c5terf\u00f6rslutningsbar. F\u00f6rvaras p\u00e5 ett m\u00f6rkt, svalt och torrt st\u00e4lle.<\/p>\n<p><strong>Observera:<\/strong><br \/>\nKompletterande f\u00f6da f\u00f6r myror.<br \/>\nSe bipacksedeln f\u00f6r sammans\u00e4ttning, analytiska ingredienser, b\u00e4st f\u00f6re-datum och partinummer.<\/p>\n<p>Informationshotline +49 30 439703870<\/p>\n<p>Ansvarig veterin\u00e4r- och livsmedelsinspektion:<br \/>\nSteglitz Veterin\u00e4rbyr\u00e5<br \/>\nK\u00f6nigin-Luise-Str. 92<br \/>\n14195 Berlin<\/p>","protected":false},"excerpt":{"rendered":"<p>Kompletterande livsmedel<\/p>","protected":false},"featured_media":4182,"comment_status":"open","ping_status":"closed","template":"","meta":{"_acf_changed":false,"content-type":"","_monsterinsights_skip_tracking":false,"_monsterinsights_sitenote_active":false,"_monsterinsights_sitenote_note":"","_monsterinsights_sitenote_category":0},"product_brand":[],"product_cat":[115,116],"product_tag":[],"class_list":{"0":"post-4175","1":"product","2":"type-product","3":"status-publish","4":"has-post-thumbnail","6":"product_cat-food-and-feeding","7":"product_cat-food","9":"first","10":"instock","11":"taxable","12":"shipping-taxable","13":"purchasable","14":"product-type-simple"},"acf":[],"aioseo_notices":[],"jetpack_sharing_enabled":true,"_links":{"self":[{"href":"https:\/\/antcube.shop\/sv\/wp-json\/wp\/v2\/product\/4175","targetHints":{"allow":["GET"]}}],"collection":[{"href":"https:\/\/antcube.shop\/sv\/wp-json\/wp\/v2\/product"}],"about":[{"href":"https:\/\/antcube.shop\/sv\/wp-json\/wp\/v2\/types\/product"}],"replies":[{"embeddable":true,"href":"https:\/\/antcube.shop\/sv\/wp-json\/wp\/v2\/comments?post=4175"}],"wp:featuredmedia":[{"embeddable":true,"href":"https:\/\/antcube.shop\/sv\/wp-json\/wp\/v2\/media\/4182"}],"wp:attachment":[{"href":"https:\/\/antcube.shop\/sv\/wp-json\/wp\/v2\/media?parent=4175"}],"wp:term":[{"taxonomy":"product_brand","embeddable":true,"href":"https:\/\/antcube.shop\/sv\/wp-json\/wp\/v2\/product_brand?post=4175"},{"taxonomy":"product_cat","embeddable":true,"href":"https:\/\/antcube.shop\/sv\/wp-json\/wp\/v2\/product_cat?post=4175"},{"taxonomy":"product_tag","embeddable":true,"href":"https:\/\/antcube.shop\/sv\/wp-json\/wp\/v2\/product_tag?post=4175"}],"curies":[{"name":"wp","href":"https:\/\/api.w.org\/{rel}","templated":true}]}}