{"id":4165,"date":"2022-02-28T11:41:35","date_gmt":"2022-02-28T10:41:35","guid":{"rendered":"https:\/\/antcube.shop\/produkt\/fixier-punkte-8-st\/"},"modified":"2026-04-05T12:30:31","modified_gmt":"2026-04-05T10:30:31","slug":"fixier-punkte-8-st","status":"publish","type":"product","link":"https:\/\/antcube.shop\/sv\/produkt\/fixier-punkte-8-st\/","title":{"rendered":"F\u00e4stpunkter - 8 st"},"content":{"rendered":"<p><strong>M\u00e5tt (LxBxH):<\/strong> 12x12x3 mm (genom en trapetsform p\u00e5 toppen 10x10 mm).<\/p>\n<p><strong>Material:<\/strong> polyuretan utan mjukg\u00f6rare med klister akrylat<\/p>\n<p><strong>F\u00e4rg:<\/strong> genomskinlig<\/p>\n<p><strong>Inneh\u00e5ll:<\/strong><br \/>\n8x fixeringspunkter<\/p>\n<p><strong>Beskrivning:<\/strong> F\u00f6r v\u00e5r t\u00e4ckmantel f\u00f6r myrarena. F\u00e4stpunkterna limmas fast p\u00e5 undersidan av skyddet f\u00f6r att f\u00f6rhindra att det glider av arenan. Punkterna kan ocks\u00e5 anv\u00e4ndas som f\u00f6tter f\u00f6r arenan och \u00e4ven f\u00f6r insatserna p\u00e5 insidan av \u00e4ndarena f\u00f6r att skydda dem fr\u00e5n att tippa \u00f6ver.<\/p>","protected":false},"excerpt":{"rendered":"<p>M\u00e5tt (LxBxH): 12x12x3 mm (genom trapetsform p\u00e5 toppen 10x10mm). Material: polyuretan utan mjukg\u00f6rare med sj\u00e4lvh\u00e4ftande akrylat F\u00e4rg: transparent Inneh\u00e5ll: Inneh\u00e5ll: 8x fixeringspunkter Beskrivning: L\u00e4tt att anv\u00e4nda: F\u00f6r v\u00e5rt skydd f\u00f6r myrarena. Fixeringspunkterna limmas fast p\u00e5 undersidan av skyddet f\u00f6r att f\u00f6rhindra att det glider av arenan. Punkterna kan ocks\u00e5 anv\u00e4ndas som","protected":false},"featured_media":4178,"comment_status":"open","ping_status":"closed","template":"","meta":{"_acf_changed":false,"content-type":"","_monsterinsights_skip_tracking":false,"_monsterinsights_sitenote_active":false,"_monsterinsights_sitenote_note":"","_monsterinsights_sitenote_category":0},"product_brand":[],"product_cat":[92,237],"product_tag":[],"class_list":{"0":"post-4165","1":"product","2":"type-product","3":"status-publish","4":"has-post-thumbnail","6":"product_cat-arena-cover","7":"product_cat-tools","9":"first","10":"instock","11":"taxable","12":"shipping-taxable","13":"purchasable","14":"product-type-simple"},"acf":[],"aioseo_notices":[],"jetpack_sharing_enabled":true,"_links":{"self":[{"href":"https:\/\/antcube.shop\/sv\/wp-json\/wp\/v2\/product\/4165","targetHints":{"allow":["GET"]}}],"collection":[{"href":"https:\/\/antcube.shop\/sv\/wp-json\/wp\/v2\/product"}],"about":[{"href":"https:\/\/antcube.shop\/sv\/wp-json\/wp\/v2\/types\/product"}],"replies":[{"embeddable":true,"href":"https:\/\/antcube.shop\/sv\/wp-json\/wp\/v2\/comments?post=4165"}],"wp:featuredmedia":[{"embeddable":true,"href":"https:\/\/antcube.shop\/sv\/wp-json\/wp\/v2\/media\/4178"}],"wp:attachment":[{"href":"https:\/\/antcube.shop\/sv\/wp-json\/wp\/v2\/media?parent=4165"}],"wp:term":[{"taxonomy":"product_brand","embeddable":true,"href":"https:\/\/antcube.shop\/sv\/wp-json\/wp\/v2\/product_brand?post=4165"},{"taxonomy":"product_cat","embeddable":true,"href":"https:\/\/antcube.shop\/sv\/wp-json\/wp\/v2\/product_cat?post=4165"},{"taxonomy":"product_tag","embeddable":true,"href":"https:\/\/antcube.shop\/sv\/wp-json\/wp\/v2\/product_tag?post=4165"}],"curies":[{"name":"wp","href":"https:\/\/api.w.org\/{rel}","templated":true}]}}