{"id":4151,"date":"2022-02-14T17:00:31","date_gmt":"2022-02-14T16:00:31","guid":{"rendered":"https:\/\/antcube.shop\/produkt\/sand-0-1mm-gewaschen-1000g\/"},"modified":"2026-04-11T10:43:16","modified_gmt":"2026-04-11T08:43:16","slug":"sand-0-1mm-gewaschen-1000g","status":"publish","type":"product","link":"https:\/\/antcube.shop\/sv\/produkt\/sand-0-1mm-gewaschen-1000g\/","title":{"rendered":"sand 0-1mm tv\u00e4ttad 1000g"},"content":{"rendered":"<p><strong>\u00a0Inneh\u00e5ll\/volym:<\/strong> 1000g<\/p>\n<p><strong>Inneh\u00e5ll:<\/strong> granulering: 0,1 - 1 mms; tv\u00e4ttad; utan f\u00e4rg\u00e4mnen.<\/p>\n<p><strong>Beskrivning:<\/strong> Fin sand. I boet ska sanden blandas 3:1 med lera f\u00f6r att skapa en h\u00e5rd och fast substans d\u00e4r myrorna kan gr\u00e4va sina tunnlar.<\/p>","protected":false},"excerpt":{"rendered":"<p>Kornstorlek: 0,1 - 1 mm<\/p>","protected":false},"featured_media":4381,"comment_status":"open","ping_status":"closed","template":"","meta":{"_acf_changed":false,"content-type":"","_monsterinsights_skip_tracking":false,"_monsterinsights_sitenote_active":false,"_monsterinsights_sitenote_note":"","_monsterinsights_sitenote_category":0},"product_brand":[],"product_cat":[96],"product_tag":[],"class_list":{"0":"post-4151","1":"product","2":"type-product","3":"status-publish","4":"has-post-thumbnail","6":"product_cat-soil","8":"first","9":"instock","10":"taxable","11":"shipping-taxable","12":"purchasable","13":"product-type-simple"},"acf":[],"aioseo_notices":[],"jetpack_sharing_enabled":true,"_links":{"self":[{"href":"https:\/\/antcube.shop\/sv\/wp-json\/wp\/v2\/product\/4151","targetHints":{"allow":["GET"]}}],"collection":[{"href":"https:\/\/antcube.shop\/sv\/wp-json\/wp\/v2\/product"}],"about":[{"href":"https:\/\/antcube.shop\/sv\/wp-json\/wp\/v2\/types\/product"}],"replies":[{"embeddable":true,"href":"https:\/\/antcube.shop\/sv\/wp-json\/wp\/v2\/comments?post=4151"}],"wp:featuredmedia":[{"embeddable":true,"href":"https:\/\/antcube.shop\/sv\/wp-json\/wp\/v2\/media\/4381"}],"wp:attachment":[{"href":"https:\/\/antcube.shop\/sv\/wp-json\/wp\/v2\/media?parent=4151"}],"wp:term":[{"taxonomy":"product_brand","embeddable":true,"href":"https:\/\/antcube.shop\/sv\/wp-json\/wp\/v2\/product_brand?post=4151"},{"taxonomy":"product_cat","embeddable":true,"href":"https:\/\/antcube.shop\/sv\/wp-json\/wp\/v2\/product_cat?post=4151"},{"taxonomy":"product_tag","embeddable":true,"href":"https:\/\/antcube.shop\/sv\/wp-json\/wp\/v2\/product_tag?post=4151"}],"curies":[{"name":"wp","href":"https:\/\/api.w.org\/{rel}","templated":true}]}}