{"id":4145,"date":"2022-02-14T15:54:25","date_gmt":"2022-02-14T14:54:25","guid":{"rendered":"https:\/\/antcube.shop\/produkt\/ant-nuggets-20g\/"},"modified":"2026-04-08T08:48:09","modified_gmt":"2026-04-08T06:48:09","slug":"myrklumpar-20g","status":"publish","type":"product","link":"https:\/\/antcube.shop\/sv\/produkt\/myrklumpar-20g\/","title":{"rendered":"Myrklumpar - 20g"},"content":{"rendered":"<p><strong>Inneh\u00e5ll:<\/strong><br \/>\n20g<\/p>\n<p><strong>Beskrivning:<\/strong><br \/>\nDetta \u00e4r en ren naturprodukt. V\u00e5ra myrklumpar samlades omsorgsfullt in i Bulgariens vilda natur av biodlare. L\u00e4tt att sm\u00e4lta tack vare naturlig j\u00e4sning. Tack vare h\u00f6gkvalitativa proteiner \u00e4r det n\u00e4stan en komplett f\u00f6da (ers\u00e4tter honung\/socker och proteiner) f\u00f6r de flesta formicoida myrarter som Lasius sp., Camponotus sp. eller Messor sp. och \u00e4ven bladklipparmyror \u00e4lskar det. Det ers\u00e4tter inte det f\u00e4rskvatten som myrorna beh\u00f6ver. Det ers\u00e4tter inte heller behovet av levande proteiner, t.ex. sm\u00e5 insekter.<\/p>\n<p><strong>Anv\u00e4ndning:<\/strong><br \/>\nF\u00f6r utfodring b\u00f6r Ant Nuggets delas upp i mindre portioner eller l\u00f6sas upp i vatten.<\/p>\n<p><strong>Inneh\u00e5ller:<\/strong><br \/>\n100% naturligt fermenterat blompollen. Inte avsedd f\u00f6r m\u00e4nsklig konsumtion. Endast f\u00f6r myror.<\/p>\n<p><strong>F\u00f6rvaring:<\/strong><br \/>\n\u00c5terf\u00f6rslutningsbar. F\u00f6rvaras p\u00e5 ett m\u00f6rkt, svalt och torrt st\u00e4lle.<\/p>\n<p><strong>Observera:<\/strong><br \/>\nKompletterande f\u00f6da f\u00f6r myror.<br \/>\nSe bipacksedeln f\u00f6r sammans\u00e4ttning, analytiska ingredienser, b\u00e4st f\u00f6re-datum och partinummer.<\/p>\n<p>Informationshotline +49 30 439703870<\/p>\n<p>Ansvarig veterin\u00e4r- och livsmedelsinspektion:<br \/>\nSteglitz Veterin\u00e4rbyr\u00e5<br \/>\nK\u00f6nigin-Luise-Str. 92<br \/>\n14195 Berlin<\/p>","protected":false},"excerpt":{"rendered":"<p>Kompletterande livsmedel<\/p>","protected":false},"featured_media":4149,"comment_status":"open","ping_status":"closed","template":"","meta":{"_acf_changed":false,"content-type":"","_monsterinsights_skip_tracking":false,"_monsterinsights_sitenote_active":false,"_monsterinsights_sitenote_note":"","_monsterinsights_sitenote_category":0},"product_brand":[],"product_cat":[115,116],"product_tag":[],"class_list":{"0":"post-4145","1":"product","2":"type-product","3":"status-publish","4":"has-post-thumbnail","6":"product_cat-food-and-feeding","7":"product_cat-food","9":"first","10":"instock","11":"taxable","12":"shipping-taxable","13":"purchasable","14":"product-type-simple"},"acf":[],"aioseo_notices":[],"jetpack_sharing_enabled":true,"_links":{"self":[{"href":"https:\/\/antcube.shop\/sv\/wp-json\/wp\/v2\/product\/4145","targetHints":{"allow":["GET"]}}],"collection":[{"href":"https:\/\/antcube.shop\/sv\/wp-json\/wp\/v2\/product"}],"about":[{"href":"https:\/\/antcube.shop\/sv\/wp-json\/wp\/v2\/types\/product"}],"replies":[{"embeddable":true,"href":"https:\/\/antcube.shop\/sv\/wp-json\/wp\/v2\/comments?post=4145"}],"wp:featuredmedia":[{"embeddable":true,"href":"https:\/\/antcube.shop\/sv\/wp-json\/wp\/v2\/media\/4149"}],"wp:attachment":[{"href":"https:\/\/antcube.shop\/sv\/wp-json\/wp\/v2\/media?parent=4145"}],"wp:term":[{"taxonomy":"product_brand","embeddable":true,"href":"https:\/\/antcube.shop\/sv\/wp-json\/wp\/v2\/product_brand?post=4145"},{"taxonomy":"product_cat","embeddable":true,"href":"https:\/\/antcube.shop\/sv\/wp-json\/wp\/v2\/product_cat?post=4145"},{"taxonomy":"product_tag","embeddable":true,"href":"https:\/\/antcube.shop\/sv\/wp-json\/wp\/v2\/product_tag?post=4145"}],"curies":[{"name":"wp","href":"https:\/\/api.w.org\/{rel}","templated":true}]}}