{"id":4047,"date":"2021-11-30T15:12:53","date_gmt":"2021-11-30T14:12:53","guid":{"rendered":"https:\/\/antcube.shop\/produkt\/enamel-mug\/"},"modified":"2024-12-12T12:25:27","modified_gmt":"2024-12-12T11:25:27","slug":"emaljkrus","status":"publish","type":"product","link":"https:\/\/antcube.shop\/sv\/produkt\/emaljkrus\/","title":{"rendered":"Emaljmugg"},"content":{"rendered":"<p>Varje lycklig campare beh\u00f6ver en unik mugg. Den \u00e4r l\u00e4tt, h\u00e5llbar och multifunktionell. Anv\u00e4nd den till din favoritdryck eller en varm m\u00e5ltid, och f\u00e4st den p\u00e5 v\u00e4skan f\u00f6r att ha l\u00e4tt tillg\u00e5ng till den p\u00e5 en vandring.<\/p>\n<p>- Material: Material: Emalj<br \/>\n- M\u00e5tt: h\u00f6jd 3,14\u2033 (8 cm), diameter 3,25\u2033 (8,25 cm)<br \/>\n- Vit bel\u00e4ggning med silverf\u00e4rgad kant<br \/>\n- Endast handtv\u00e4tt<br \/>\n- Blank produkt som kommer fr\u00e5n Kina<\/p>\n<p><strong>Uppm\u00e4rksamhet! V\u00e4rm inte v\u00e4tskor eller mat direkt i muggen - det kan skada bel\u00e4ggningen.<\/strong><\/p>","protected":false},"excerpt":{"rendered":"<p>Varje lycklig campare beh\u00f6ver en unik camparmugg. Den \u00e4r l\u00e4tt, h\u00e5llbar och multifunktionell. Anv\u00e4nd den till din favoritdryck eller en varm m\u00e5ltid, och f\u00e4st den p\u00e5 v\u00e4skan f\u00f6r enkel \u00e5tkomst under vandringen. - Material: Emalj Emalj - M\u00e5tt: h\u00f6jd 3,14\u2033 (8 cm), diameter 3,25\u2033(8,25 cm) - Vit bel\u00e4ggning med silverf\u00e4rgad kant - [...]","protected":false},"featured_media":4048,"comment_status":"open","ping_status":"closed","template":"","meta":{"_acf_changed":false,"content-type":"","_monsterinsights_skip_tracking":false,"_monsterinsights_sitenote_active":false,"_monsterinsights_sitenote_note":"","_monsterinsights_sitenote_category":0},"product_brand":[],"product_cat":[245],"product_tag":[],"class_list":{"0":"post-4047","1":"product","2":"type-product","3":"status-publish","4":"has-post-thumbnail","6":"product_cat-merchandise","8":"first","9":"instock","10":"taxable","11":"shipping-taxable","12":"purchasable","13":"product-type-simple"},"acf":[],"aioseo_notices":[],"jetpack_sharing_enabled":true,"_links":{"self":[{"href":"https:\/\/antcube.shop\/sv\/wp-json\/wp\/v2\/product\/4047","targetHints":{"allow":["GET"]}}],"collection":[{"href":"https:\/\/antcube.shop\/sv\/wp-json\/wp\/v2\/product"}],"about":[{"href":"https:\/\/antcube.shop\/sv\/wp-json\/wp\/v2\/types\/product"}],"replies":[{"embeddable":true,"href":"https:\/\/antcube.shop\/sv\/wp-json\/wp\/v2\/comments?post=4047"}],"wp:featuredmedia":[{"embeddable":true,"href":"https:\/\/antcube.shop\/sv\/wp-json\/wp\/v2\/media\/4048"}],"wp:attachment":[{"href":"https:\/\/antcube.shop\/sv\/wp-json\/wp\/v2\/media?parent=4047"}],"wp:term":[{"taxonomy":"product_brand","embeddable":true,"href":"https:\/\/antcube.shop\/sv\/wp-json\/wp\/v2\/product_brand?post=4047"},{"taxonomy":"product_cat","embeddable":true,"href":"https:\/\/antcube.shop\/sv\/wp-json\/wp\/v2\/product_cat?post=4047"},{"taxonomy":"product_tag","embeddable":true,"href":"https:\/\/antcube.shop\/sv\/wp-json\/wp\/v2\/product_tag?post=4047"}],"curies":[{"name":"wp","href":"https:\/\/api.w.org\/{rel}","templated":true}]}}