{"id":4002,"date":"2021-11-30T13:36:03","date_gmt":"2021-11-30T12:36:03","guid":{"rendered":"https:\/\/antcube.shop\/produkt\/cuffed-beanie\/"},"modified":"2024-12-12T12:25:36","modified_gmt":"2024-12-12T11:25:36","slug":"manschettbossa","status":"publish","type":"product","link":"https:\/\/antcube.shop\/sv\/produkt\/manschettbossa\/","title":{"rendered":"Manschettm\u00f6ssa"},"content":{"rendered":"<p>En sk\u00f6n, formt\u00e5lig m\u00f6ssa. Den \u00e4r inte bara en bra huvudv\u00e4rmare utan ocks\u00e5 en viktig accessoar i alla m\u00e4nniskors garderob.<\/p>\n<p>- 100% Turbo akryl<br \/>\n- 30 cm (12\u2033) i l\u00e4ngd<br \/>\n- Hypoallergen<br \/>\n- Unisex stil<br \/>\n- Kan tv\u00e4ttas f\u00f6r hand<br \/>\n- Blank produkt som kommer fr\u00e5n Vietnam eller Bangladesh<\/p>","protected":false},"excerpt":{"rendered":"<p>En sk\u00f6n, formt\u00e5lig m\u00f6ssa. Den \u00e4r inte bara en bra huvudv\u00e4rmare utan ocks\u00e5 en viktig accessoar i alla m\u00e4nniskors garderob. - 100% Turbo Akryl - 30 cm l\u00e5ng - Allergiv\u00e4nlig - Unisex-stil - Handtv\u00e4ttbar - Blank produkt fr\u00e5n Vietnam eller Bangladesh.<\/p>","protected":false},"featured_media":4004,"comment_status":"open","ping_status":"closed","template":"","meta":{"_acf_changed":false,"content-type":"","_monsterinsights_skip_tracking":false,"_monsterinsights_sitenote_active":false,"_monsterinsights_sitenote_note":"","_monsterinsights_sitenote_category":0},"product_brand":[],"product_cat":[245],"product_tag":[],"class_list":{"0":"post-4002","1":"product","2":"type-product","3":"status-publish","4":"has-post-thumbnail","6":"product_cat-merchandise","8":"first","9":"instock","10":"taxable","11":"shipping-taxable","12":"purchasable","13":"product-type-simple"},"acf":[],"aioseo_notices":[],"jetpack_sharing_enabled":true,"_links":{"self":[{"href":"https:\/\/antcube.shop\/sv\/wp-json\/wp\/v2\/product\/4002","targetHints":{"allow":["GET"]}}],"collection":[{"href":"https:\/\/antcube.shop\/sv\/wp-json\/wp\/v2\/product"}],"about":[{"href":"https:\/\/antcube.shop\/sv\/wp-json\/wp\/v2\/types\/product"}],"replies":[{"embeddable":true,"href":"https:\/\/antcube.shop\/sv\/wp-json\/wp\/v2\/comments?post=4002"}],"wp:featuredmedia":[{"embeddable":true,"href":"https:\/\/antcube.shop\/sv\/wp-json\/wp\/v2\/media\/4004"}],"wp:attachment":[{"href":"https:\/\/antcube.shop\/sv\/wp-json\/wp\/v2\/media?parent=4002"}],"wp:term":[{"taxonomy":"product_brand","embeddable":true,"href":"https:\/\/antcube.shop\/sv\/wp-json\/wp\/v2\/product_brand?post=4002"},{"taxonomy":"product_cat","embeddable":true,"href":"https:\/\/antcube.shop\/sv\/wp-json\/wp\/v2\/product_cat?post=4002"},{"taxonomy":"product_tag","embeddable":true,"href":"https:\/\/antcube.shop\/sv\/wp-json\/wp\/v2\/product_tag?post=4002"}],"curies":[{"name":"wp","href":"https:\/\/api.w.org\/{rel}","templated":true}]}}