{"id":3957,"date":"2021-11-30T13:32:38","date_gmt":"2021-11-30T12:32:38","guid":{"rendered":"https:\/\/antcube.shop\/produkt\/mens-high-top-canvas-shoes\/"},"modified":"2024-12-12T12:25:45","modified_gmt":"2024-12-12T11:25:45","slug":"herr-hoga-hoga-overdelar-kanvas-skor","status":"publish","type":"product","link":"https:\/\/antcube.shop\/sv\/produkt\/herr-hoga-hoga-overdelar-kanvas-skor\/","title":{"rendered":"H\u00f6gkvalitativa skor av canvas f\u00f6r m\u00e4n"},"content":{"rendered":"<p>Ta ett kliv upp ditt skospel med High Top Canvas Shoes. De h\u00e4r handgjorda, trendiga skorna kommer garanterat att piffa upp din outfit. Skaffa dina nu!<\/p>\n<p>- 100% polyester, \u00f6verdel av canvas<br \/>\n- Yttersula i EVA-gummi (etylen-vinylacetat)<br \/>\n- Andningsbart foder, mjuk innersula<br \/>\n- T\u00e5h\u00e4tta i konstl\u00e4der<br \/>\n- Vita skosn\u00f6ren<br \/>\n- Vadderad krage, sn\u00f6rning framtill<br \/>\n- Blank produkt som kommer fr\u00e5n Kina<\/p>\n<p><strong>Viktigt:<\/strong> Den h\u00e4r produkten finns i f\u00f6ljande l\u00e4nder: USA, Kanada, Australien, Nya Zeeland och Japan. Om din leveransadress ligger utanf\u00f6r dessa l\u00e4nder, v\u00e4nligen v\u00e4lj en annan produkt.<\/p>\n<p><strong>Ansvarsfriskrivning:<\/strong> Skorna luktar lim n\u00e4r du \u00f6ppnar l\u00e5dan. Lukten f\u00f6rsvinner n\u00e5gra dagar efter att skorna packats upp.<\/p>","protected":false},"excerpt":{"rendered":"<p>Ta ett kliv upp ditt skospel med High Top Canvas Shoes. De h\u00e4r handgjorda, trendiga skorna kommer garanterat att ge din kl\u00e4dsel en extra krydda. Skaffa dina nu! - 100% polyester, \u00f6verdel av canvas - Yttersula av gummi av EVA (Etylen-vinylacetat) - Andningsbart foder, mjuk innersula - T\u00e5h\u00e4tta av konstl\u00e4der - Vita sn\u00f6ren - Vadderad krage, sn\u00f6rning framtill [...]","protected":false},"featured_media":3975,"comment_status":"open","ping_status":"closed","template":"","meta":{"_acf_changed":false,"content-type":"","_monsterinsights_skip_tracking":false,"_monsterinsights_sitenote_active":false,"_monsterinsights_sitenote_note":"","_monsterinsights_sitenote_category":0},"product_brand":[],"product_cat":[245],"product_tag":[],"class_list":{"0":"post-3957","1":"product","2":"type-product","3":"status-publish","4":"has-post-thumbnail","6":"product_cat-merchandise","8":"first","9":"instock","10":"taxable","11":"shipping-taxable","12":"purchasable","13":"product-type-variable"},"acf":[],"aioseo_notices":[],"jetpack_sharing_enabled":true,"_links":{"self":[{"href":"https:\/\/antcube.shop\/sv\/wp-json\/wp\/v2\/product\/3957","targetHints":{"allow":["GET"]}}],"collection":[{"href":"https:\/\/antcube.shop\/sv\/wp-json\/wp\/v2\/product"}],"about":[{"href":"https:\/\/antcube.shop\/sv\/wp-json\/wp\/v2\/types\/product"}],"replies":[{"embeddable":true,"href":"https:\/\/antcube.shop\/sv\/wp-json\/wp\/v2\/comments?post=3957"}],"wp:featuredmedia":[{"embeddable":true,"href":"https:\/\/antcube.shop\/sv\/wp-json\/wp\/v2\/media\/3975"}],"wp:attachment":[{"href":"https:\/\/antcube.shop\/sv\/wp-json\/wp\/v2\/media?parent=3957"}],"wp:term":[{"taxonomy":"product_brand","embeddable":true,"href":"https:\/\/antcube.shop\/sv\/wp-json\/wp\/v2\/product_brand?post=3957"},{"taxonomy":"product_cat","embeddable":true,"href":"https:\/\/antcube.shop\/sv\/wp-json\/wp\/v2\/product_cat?post=3957"},{"taxonomy":"product_tag","embeddable":true,"href":"https:\/\/antcube.shop\/sv\/wp-json\/wp\/v2\/product_tag?post=3957"}],"curies":[{"name":"wp","href":"https:\/\/api.w.org\/{rel}","templated":true}]}}