{"id":3877,"date":"2021-11-23T18:19:27","date_gmt":"2021-11-23T17:19:27","guid":{"rendered":"https:\/\/antcube.shop\/produkt\/ameisen-spiralturm-l-30\/"},"modified":"2026-04-07T16:26:46","modified_gmt":"2026-04-07T14:26:46","slug":"myrspiraltorn-l-30","status":"publish","type":"product","link":"https:\/\/antcube.shop\/sv\/produkt\/myrspiraltorn-l-30\/","title":{"rendered":"Myrspiraltorn L - 30"},"content":{"rendered":"<div><strong>M\u00e5tt<\/strong>: 19x19x30cm; <strong>L<\/strong> f\u00f6r slang 20\/16 mm<\/div>\n<div><\/div>\n<div><strong>Material<\/strong>: PMMA, PVC<\/div>\n<div><\/div>\n<div><strong>F\u00e4rg<\/strong>: kristallklar, transparent, genomskinlig<\/div>\n<div><\/div>\n<div><strong>Inneh\u00e5ll<\/strong>:<\/div>\n<div>2x botten \/ t\u00e4ckplatta<\/div>\n<div>2x slangtilltr\u00e4de f\u00f6r 20\/16 mm slang<\/div>\n<div>4x slangpelare f\u00f6r 20\/16 mm slang<\/div>\n<div>10x sp\u00e4nnstift<\/div>\n<div>5 m slang 20\/16 mm<\/div>\n<div><strong>Obs<\/strong>: Delarna levereras som ett kit eller som ett plug-in-system. Ingen limning \u00e4r n\u00f6dv\u00e4ndig.<\/div>\n<div><\/div>\n<div><strong>Anslutning<\/strong>:<\/div>\n<div>2x slang 20\/16 mm<\/div>\n<div><\/div>\n<div><strong>Beskrivning<\/strong>: Myrspiraltornet anv\u00e4nds f\u00f6r att \u00f6verbrygga h\u00f6jden fr\u00e5n arenan till myrstacken och ger dessutom djuren m\u00e5nga g\u00e5ngavst\u00e5nd p\u00e5 ett kompakt utrymme. Det extra g\u00e5ngavst\u00e5ndet simulerar de v\u00e4gar som myrorna m\u00e5ste g\u00e5 i naturen till sina f\u00f6dok\u00e4llor och kan ha en positiv effekt p\u00e5 myrkolonins utveckling och beteende.<\/div>\n<div><\/div>\n<div><strong>Ans\u00f6kan<\/strong>: f\u00f6r myrstackar av storlek <strong>L<\/strong><\/div>","protected":false},"excerpt":{"rendered":"<p>Anslutning: slang 20\/16 mm<br \/>\nStorlek <strong>L<\/strong><\/p>","protected":false},"featured_media":3879,"comment_status":"open","ping_status":"closed","template":"","meta":{"_acf_changed":false,"content-type":"","_monsterinsights_skip_tracking":false,"_monsterinsights_sitenote_active":false,"_monsterinsights_sitenote_note":"","_monsterinsights_sitenote_category":0},"product_brand":[],"product_cat":[119,256],"product_tag":[],"class_list":{"0":"post-3877","1":"product","2":"type-product","3":"status-publish","4":"has-post-thumbnail","6":"product_cat-formicarium-components","7":"product_cat-spiral-tower","9":"first","10":"instock","11":"taxable","12":"shipping-taxable","13":"purchasable","14":"product-type-simple"},"acf":[],"aioseo_notices":[],"jetpack_sharing_enabled":true,"_links":{"self":[{"href":"https:\/\/antcube.shop\/sv\/wp-json\/wp\/v2\/product\/3877","targetHints":{"allow":["GET"]}}],"collection":[{"href":"https:\/\/antcube.shop\/sv\/wp-json\/wp\/v2\/product"}],"about":[{"href":"https:\/\/antcube.shop\/sv\/wp-json\/wp\/v2\/types\/product"}],"replies":[{"embeddable":true,"href":"https:\/\/antcube.shop\/sv\/wp-json\/wp\/v2\/comments?post=3877"}],"wp:featuredmedia":[{"embeddable":true,"href":"https:\/\/antcube.shop\/sv\/wp-json\/wp\/v2\/media\/3879"}],"wp:attachment":[{"href":"https:\/\/antcube.shop\/sv\/wp-json\/wp\/v2\/media?parent=3877"}],"wp:term":[{"taxonomy":"product_brand","embeddable":true,"href":"https:\/\/antcube.shop\/sv\/wp-json\/wp\/v2\/product_brand?post=3877"},{"taxonomy":"product_cat","embeddable":true,"href":"https:\/\/antcube.shop\/sv\/wp-json\/wp\/v2\/product_cat?post=3877"},{"taxonomy":"product_tag","embeddable":true,"href":"https:\/\/antcube.shop\/sv\/wp-json\/wp\/v2\/product_tag?post=3877"}],"curies":[{"name":"wp","href":"https:\/\/api.w.org\/{rel}","templated":true}]}}