{"id":3873,"date":"2021-11-23T18:18:50","date_gmt":"2021-11-23T17:18:50","guid":{"rendered":"https:\/\/antcube.shop\/produkt\/ameisen-spiralturm-m-20\/"},"modified":"2026-04-24T12:42:34","modified_gmt":"2026-04-24T10:42:34","slug":"ameisen-spiralturm-m-20","status":"publish","type":"product","link":"https:\/\/antcube.shop\/sv\/produkt\/ameisen-spiralturm-m-20\/","title":{"rendered":"Myrspiraltorn M - 20"},"content":{"rendered":"<div><strong>M\u00e5tt<\/strong>: 19x19x20cm; <strong>M<\/strong> f\u00f6r slang 14\/10 mm<\/div>\n<div><\/div>\n<div><strong>Material<\/strong>: PMMA, PVC<\/div>\n<div><\/div>\n<div><strong>F\u00e4rg<\/strong>: kristallklar, transparent, genomskinlig<\/div>\n<div><\/div>\n<div><strong>Inneh\u00e5ll<\/strong>:<\/div>\n<div>2x botten \/ t\u00e4ckplatta<\/div>\n<div>2x slangtilltr\u00e4de f\u00f6r 14\/10 mm slang<\/div>\n<div>4x slangpelare f\u00f6r 14\/10 mm slang<\/div>\n<div>10x sp\u00e4nnstift<\/div>\n<div>5m slang 14\/10mm<\/div>\n<div><strong>Obs<\/strong>: Delarna levereras som ett kit eller som ett plug-in-system. Ingen limning \u00e4r n\u00f6dv\u00e4ndig.<\/div>\n<div><\/div>\n<div><strong>Anslutning<\/strong>:<\/div>\n<div>2x slang 14\/10 mm<\/div>\n<div><\/div>\n<div><strong>Beskrivning<\/strong>: Myrspiraltornet anv\u00e4nds f\u00f6r att \u00f6verbrygga h\u00f6jden fr\u00e5n arenan till myrstacken och ger dessutom djuren m\u00e5nga g\u00e5ngavst\u00e5nd p\u00e5 ett kompakt utrymme. Det extra g\u00e5ngavst\u00e5ndet simulerar de v\u00e4gar som myrorna m\u00e5ste g\u00e5 i naturen till sina f\u00f6dok\u00e4llor och kan ha en positiv effekt p\u00e5 myrkolonins utveckling och beteende.<\/div>\n<div><\/div>\n<div><strong>Ans\u00f6kan<\/strong>: storlek p\u00e5 myrfarmar <strong>M<\/strong><\/div>","protected":false},"excerpt":{"rendered":"<p>Anslutning: slang 14\/10 mm<br \/>\nStorlek <strong>M<\/strong><\/p>","protected":false},"featured_media":3880,"comment_status":"open","ping_status":"closed","template":"","meta":{"_acf_changed":false,"content-type":"","_monsterinsights_skip_tracking":false,"_monsterinsights_sitenote_active":false,"_monsterinsights_sitenote_note":"","_monsterinsights_sitenote_category":0},"product_brand":[],"product_cat":[119,256],"product_tag":[],"class_list":{"0":"post-3873","1":"product","2":"type-product","3":"status-publish","4":"has-post-thumbnail","6":"product_cat-formicarium-components","7":"product_cat-spiral-tower","9":"first","10":"instock","11":"taxable","12":"shipping-taxable","13":"purchasable","14":"product-type-simple"},"acf":[],"aioseo_notices":[],"jetpack_sharing_enabled":true,"_links":{"self":[{"href":"https:\/\/antcube.shop\/sv\/wp-json\/wp\/v2\/product\/3873","targetHints":{"allow":["GET"]}}],"collection":[{"href":"https:\/\/antcube.shop\/sv\/wp-json\/wp\/v2\/product"}],"about":[{"href":"https:\/\/antcube.shop\/sv\/wp-json\/wp\/v2\/types\/product"}],"replies":[{"embeddable":true,"href":"https:\/\/antcube.shop\/sv\/wp-json\/wp\/v2\/comments?post=3873"}],"wp:featuredmedia":[{"embeddable":true,"href":"https:\/\/antcube.shop\/sv\/wp-json\/wp\/v2\/media\/3880"}],"wp:attachment":[{"href":"https:\/\/antcube.shop\/sv\/wp-json\/wp\/v2\/media?parent=3873"}],"wp:term":[{"taxonomy":"product_brand","embeddable":true,"href":"https:\/\/antcube.shop\/sv\/wp-json\/wp\/v2\/product_brand?post=3873"},{"taxonomy":"product_cat","embeddable":true,"href":"https:\/\/antcube.shop\/sv\/wp-json\/wp\/v2\/product_cat?post=3873"},{"taxonomy":"product_tag","embeddable":true,"href":"https:\/\/antcube.shop\/sv\/wp-json\/wp\/v2\/product_tag?post=3873"}],"curies":[{"name":"wp","href":"https:\/\/api.w.org\/{rel}","templated":true}]}}