{"id":3625,"date":"2021-11-19T12:53:34","date_gmt":"2021-11-19T11:53:34","guid":{"rendered":"https:\/\/antcube.shop\/produkt\/snapback-hat\/"},"modified":"2024-12-12T12:26:44","modified_gmt":"2024-12-12T11:26:44","slug":"snapback-hatt","status":"publish","type":"product","link":"https:\/\/antcube.shop\/sv\/produkt\/snapback-hatt\/","title":{"rendered":"Snapback-hatt"},"content":{"rendered":"<p>Den h\u00e4r hatten \u00e4r strukturerad med en klassisk passform, platt br\u00e4tte och full buckram. Den justerbara sn\u00e4ppst\u00e4ngningen g\u00f6r den till en bekv\u00e4m hatt i en storlek som passar de flesta.<\/p>\n<p>- 80% akryl, 20% ull<br \/>\n- Gr\u00f6n camo \u00e4r 60% bomull, 40% polyester.<br \/>\n- Strukturerad, 6-panel, h\u00f6gprofilerad<br \/>\n- 6 broderade \u00f6glor<br \/>\n- Snappl\u00e5s i plast<br \/>\n- Gr\u00f6n underredare<br \/>\n- Huvudets omkrets: 21\u215d\u2033-23\u215d\u2033 (54,9 cm-60 cm)<br \/>\n- Blank produkt som kommer fr\u00e5n Vietnam eller Bangladesh<\/p>\n<p>&nbsp;<\/p>\n<p>Leverans och produktion av produkter i kategorin Merchandise sk\u00f6ts av v\u00e5r partner PRINTFUL. Genom att best\u00e4lla en av dessa produkter godk\u00e4nner du PRINTFUL:s villkor, sekretesspolicy och returpolicy.<\/p>\n<p><a href=\"https:\/\/www.printful.com\/policies\/terms-of-service\">Du hittar PRINTFULs villkor h\u00e4r.<\/a><\/p>\n<p><a href=\"https:\/\/www.printful.com\/policies\/returns\">L\u00e4s PRINTFULs returpolicy h\u00e4r.<\/a><\/p>\n<p><a href=\"https:\/\/www.printful.com\/policies\/privacy\">PRINTFULs sekretesspolicy finns h\u00e4r.<\/a><\/p>","protected":false},"excerpt":{"rendered":"<p>Den h\u00e4r hatten \u00e4r strukturerad med en klassisk passform, platt br\u00e4tte och full buckram. Den justerbara sn\u00e4ppst\u00e4ngningen g\u00f6r den till en bekv\u00e4m hatt i en storlek som passar de flesta. - 80% akryl, 20% ull - Green Camo \u00e4r 60% bomull, 40% polyester - Strukturerad, 6-panel, h\u00f6g profil - 6 broderade \u00f6glor - Plastknappst\u00e4ngning - Gr\u00f6n underst\u00e4ll - Huvudomkrets: 21\u215d\u2033-23\u215d\u2033 [...]","protected":false},"featured_media":3627,"comment_status":"open","ping_status":"closed","template":"","meta":{"_acf_changed":false,"content-type":"","_monsterinsights_skip_tracking":false,"_monsterinsights_sitenote_active":false,"_monsterinsights_sitenote_note":"","_monsterinsights_sitenote_category":0},"product_brand":[],"product_cat":[245],"product_tag":[],"class_list":{"0":"post-3625","1":"product","2":"type-product","3":"status-publish","4":"has-post-thumbnail","6":"product_cat-merchandise","8":"first","9":"instock","10":"taxable","11":"shipping-taxable","12":"purchasable","13":"product-type-simple"},"acf":[],"aioseo_notices":[],"jetpack_sharing_enabled":true,"_links":{"self":[{"href":"https:\/\/antcube.shop\/sv\/wp-json\/wp\/v2\/product\/3625","targetHints":{"allow":["GET"]}}],"collection":[{"href":"https:\/\/antcube.shop\/sv\/wp-json\/wp\/v2\/product"}],"about":[{"href":"https:\/\/antcube.shop\/sv\/wp-json\/wp\/v2\/types\/product"}],"replies":[{"embeddable":true,"href":"https:\/\/antcube.shop\/sv\/wp-json\/wp\/v2\/comments?post=3625"}],"wp:featuredmedia":[{"embeddable":true,"href":"https:\/\/antcube.shop\/sv\/wp-json\/wp\/v2\/media\/3627"}],"wp:attachment":[{"href":"https:\/\/antcube.shop\/sv\/wp-json\/wp\/v2\/media?parent=3625"}],"wp:term":[{"taxonomy":"product_brand","embeddable":true,"href":"https:\/\/antcube.shop\/sv\/wp-json\/wp\/v2\/product_brand?post=3625"},{"taxonomy":"product_cat","embeddable":true,"href":"https:\/\/antcube.shop\/sv\/wp-json\/wp\/v2\/product_cat?post=3625"},{"taxonomy":"product_tag","embeddable":true,"href":"https:\/\/antcube.shop\/sv\/wp-json\/wp\/v2\/product_tag?post=3625"}],"curies":[{"name":"wp","href":"https:\/\/api.w.org\/{rel}","templated":true}]}}