{"id":3611,"date":"2021-11-19T12:49:31","date_gmt":"2021-11-19T11:49:31","guid":{"rendered":"https:\/\/antcube.shop\/produkt\/dad-hat\/"},"modified":"2024-12-12T12:26:53","modified_gmt":"2024-12-12T11:26:53","slug":"pappahatt","status":"publish","type":"product","link":"https:\/\/antcube.shop\/sv\/produkt\/pappahatt\/","title":{"rendered":"Hatt f\u00f6r pappa"},"content":{"rendered":"<p>Pappahattar \u00e4r inte bara f\u00f6r pappor. Den h\u00e4r har en l\u00e5g profil med en justerbar rem och ett b\u00f6jt visir.<\/p>\n<p>- 100% chino bomullstwill<br \/>- Gr\u00f6n Camo f\u00e4rg \u00e4r 35% chino bomullstwill, 65% polyester.<br \/>- Ostrukturerad, 6-panel, l\u00e5g profil<br \/>- 6 broderade \u00f6glor<br \/>- 3 \u215b\" (7,6 cm) krona<br \/>- Justerbar rem med antikt sp\u00e4nne<br \/>- Blank produkt som kommer fr\u00e5n Vietnam eller Bangladesh<\/p>\n<p>\u00a0<\/p>\n<p>Leverans och produktion av produkter i kategorin Merchandise sk\u00f6ts av v\u00e5r partner PRINTFUL. Genom att best\u00e4lla en av dessa produkter godk\u00e4nner du PRINTFUL:s villkor, sekretesspolicy och returpolicy.\u00a0<\/p>\n<p><a href=\"https:\/\/www.printful.com\/policies\/terms-of-service\">Du hittar PRINTFULs villkor h\u00e4r.<\/a><\/p>\n<p><a href=\"https:\/\/www.printful.com\/policies\/returns\">L\u00e4s PRINTFULs returpolicy h\u00e4r.<\/a><\/p>\n<p><a href=\"https:\/\/www.printful.com\/policies\/privacy\">PRINTFULs sekretesspolicy finns h\u00e4r.<\/a><\/p>","protected":false},"excerpt":{"rendered":"<p>Pappahattar \u00e4r inte bara f\u00f6r pappor. Den h\u00e4r har en l\u00e5g profil med en justerbar rem och ett b\u00f6jt visir. - 100% chino bomullstwill - Gr\u00f6n Camo f\u00e4rg \u00e4r 35% chino bomullstwill, 65% polyester - Ostrukturerad, 6-panel, l\u00e5g profil - 6 broderade \u00f6glor - 7,6 cm krona - Justerbar rem med antikt sp\u00e4nne - Blank produkt fr\u00e5n Vietnam [...]","protected":false},"featured_media":3613,"comment_status":"open","ping_status":"closed","template":"","meta":{"_acf_changed":false,"content-type":"","_monsterinsights_skip_tracking":false,"_monsterinsights_sitenote_active":false,"_monsterinsights_sitenote_note":"","_monsterinsights_sitenote_category":0},"product_brand":[],"product_cat":[245],"product_tag":[],"class_list":{"0":"post-3611","1":"product","2":"type-product","3":"status-publish","4":"has-post-thumbnail","6":"product_cat-merchandise","8":"first","9":"instock","10":"taxable","11":"shipping-taxable","12":"purchasable","13":"product-type-simple"},"acf":[],"aioseo_notices":[],"jetpack_sharing_enabled":true,"_links":{"self":[{"href":"https:\/\/antcube.shop\/sv\/wp-json\/wp\/v2\/product\/3611","targetHints":{"allow":["GET"]}}],"collection":[{"href":"https:\/\/antcube.shop\/sv\/wp-json\/wp\/v2\/product"}],"about":[{"href":"https:\/\/antcube.shop\/sv\/wp-json\/wp\/v2\/types\/product"}],"replies":[{"embeddable":true,"href":"https:\/\/antcube.shop\/sv\/wp-json\/wp\/v2\/comments?post=3611"}],"wp:featuredmedia":[{"embeddable":true,"href":"https:\/\/antcube.shop\/sv\/wp-json\/wp\/v2\/media\/3613"}],"wp:attachment":[{"href":"https:\/\/antcube.shop\/sv\/wp-json\/wp\/v2\/media?parent=3611"}],"wp:term":[{"taxonomy":"product_brand","embeddable":true,"href":"https:\/\/antcube.shop\/sv\/wp-json\/wp\/v2\/product_brand?post=3611"},{"taxonomy":"product_cat","embeddable":true,"href":"https:\/\/antcube.shop\/sv\/wp-json\/wp\/v2\/product_cat?post=3611"},{"taxonomy":"product_tag","embeddable":true,"href":"https:\/\/antcube.shop\/sv\/wp-json\/wp\/v2\/product_tag?post=3611"}],"curies":[{"name":"wp","href":"https:\/\/api.w.org\/{rel}","templated":true}]}}