{"id":3599,"date":"2021-11-19T12:47:56","date_gmt":"2021-11-19T11:47:56","guid":{"rendered":"https:\/\/antcube.shop\/produkt\/premium-eco-hoodie\/"},"modified":"2024-12-12T12:27:02","modified_gmt":"2024-12-12T11:27:02","slug":"premium-eco-hoodie","status":"publish","type":"product","link":"https:\/\/antcube.shop\/sv\/produkt\/premium-eco-hoodie\/","title":{"rendered":"Premium ekologisk hoodie"},"content":{"rendered":"<p>M\u00f6t den f\u00f6rstklassiga ekologiska hoodie som \u00e4r tillverkad av ekologiska och \u00e5tervunna material. Med sin bekv\u00e4ma passform, fickan p\u00e5 framsidan och huvan i dubbla lager \u00e4r hoodien ett klassiskt streetwearplagg som kan stylas med flera olika looks.<\/p>\n<p>- 85% ekologisk bomull, 15% \u00e5tervunnen polyester<br \/>\n- Ribbningar: 97% ekologisk bomull, 3% elastan<br \/>\n- Borstat fleecetyg p\u00e5 insidan<br \/>\n- Bekv\u00e4m unisexpassform<br \/>\n- Dubbelskiktad huva<br \/>\n- Platta dragband med metall\u00f6glor f\u00f6r en f\u00f6rstklassig k\u00e4nsla<br \/>\n- K\u00e4nguruficka<br \/>\n- Etikett p\u00e5 insidan\/utanf\u00f6r f\u00f6r m\u00e4rkesm\u00e4rkning<br \/>\n- Skyddsetikett som g\u00e5r att riva bort<\/p>\n<p>&nbsp;<\/p>\n<p>Leverans och produktion av produkter i kategorin Merchandise sk\u00f6ts av v\u00e5r partner PRINTFUL. Genom att best\u00e4lla en av dessa produkter godk\u00e4nner du PRINTFUL:s villkor, sekretesspolicy och returpolicy.<\/p>\n<p><a href=\"https:\/\/www.printful.com\/policies\/terms-of-service\">Du hittar PRINTFULs villkor h\u00e4r.<\/a><\/p>\n<p><a href=\"https:\/\/www.printful.com\/policies\/returns\">L\u00e4s PRINTFULs returpolicy h\u00e4r.<\/a><\/p>\n<p><a href=\"https:\/\/www.printful.com\/policies\/privacy\">PRINTFULs sekretesspolicy finns h\u00e4r.<\/a><\/p>","protected":false},"excerpt":{"rendered":"<p>M\u00f6t den f\u00f6rstklassiga ekologiska hoodie som \u00e4r tillverkad av ekologiska och \u00e5tervunna material. Med sin bekv\u00e4ma passform, fickan p\u00e5 framsidan och huvan i dubbla lager \u00e4r hoodien ett klassiskt streetwearplagg som kan stylas med flera olika looks. - 85% ekologisk bomull, 15% \u00e5tervunnen polyester - Ribbningar: 97% ekologisk bomull, 3% elastan - Borstat fleecetyg p\u00e5 insidan [...]","protected":false},"featured_media":3607,"comment_status":"open","ping_status":"closed","template":"","meta":{"_acf_changed":false,"content-type":"","_monsterinsights_skip_tracking":false,"_monsterinsights_sitenote_active":false,"_monsterinsights_sitenote_note":"","_monsterinsights_sitenote_category":0},"product_brand":[],"product_cat":[245],"product_tag":[],"class_list":{"0":"post-3599","1":"product","2":"type-product","3":"status-publish","4":"has-post-thumbnail","6":"product_cat-merchandise","8":"first","9":"instock","10":"taxable","11":"shipping-taxable","12":"purchasable","13":"product-type-variable"},"acf":[],"aioseo_notices":[],"jetpack_sharing_enabled":true,"_links":{"self":[{"href":"https:\/\/antcube.shop\/sv\/wp-json\/wp\/v2\/product\/3599","targetHints":{"allow":["GET"]}}],"collection":[{"href":"https:\/\/antcube.shop\/sv\/wp-json\/wp\/v2\/product"}],"about":[{"href":"https:\/\/antcube.shop\/sv\/wp-json\/wp\/v2\/types\/product"}],"replies":[{"embeddable":true,"href":"https:\/\/antcube.shop\/sv\/wp-json\/wp\/v2\/comments?post=3599"}],"wp:featuredmedia":[{"embeddable":true,"href":"https:\/\/antcube.shop\/sv\/wp-json\/wp\/v2\/media\/3607"}],"wp:attachment":[{"href":"https:\/\/antcube.shop\/sv\/wp-json\/wp\/v2\/media?parent=3599"}],"wp:term":[{"taxonomy":"product_brand","embeddable":true,"href":"https:\/\/antcube.shop\/sv\/wp-json\/wp\/v2\/product_brand?post=3599"},{"taxonomy":"product_cat","embeddable":true,"href":"https:\/\/antcube.shop\/sv\/wp-json\/wp\/v2\/product_cat?post=3599"},{"taxonomy":"product_tag","embeddable":true,"href":"https:\/\/antcube.shop\/sv\/wp-json\/wp\/v2\/product_tag?post=3599"}],"curies":[{"name":"wp","href":"https:\/\/api.w.org\/{rel}","templated":true}]}}