{"id":3575,"date":"2021-11-19T12:45:26","date_gmt":"2021-11-19T11:45:26","guid":{"rendered":"https:\/\/antcube.shop\/produkt\/unisex-organic-cotton-t-shirt\/"},"modified":"2024-12-12T12:27:10","modified_gmt":"2024-12-12T11:27:10","slug":"unisex-organic-cotton-t-shirt","status":"publish","type":"product","link":"https:\/\/antcube.shop\/sv\/produkt\/unisex-organic-cotton-t-shirt\/","title":{"rendered":"Unisex t-shirt i ekologisk bomull"},"content":{"rendered":"<p>Den h\u00e4r unisex-t-shirten \u00e4r tillverkad av 100% ekologisk ringspunnen bomull och \u00e4r ett absolut m\u00e5ste. Den \u00e4r h\u00f6gkvalitativ, superbekv\u00e4m och b\u00e4st av allt milj\u00f6v\u00e4nlig.<\/p>\n<p>- 100% ekologisk ringspunnen bomull<br \/>\n- Tygvikt: 5,3 oz\/yd\u00b2 (180 g\/m\u00b2)<br \/>\n- Enkel tr\u00f6ja<br \/>\n- Medium passform<br \/>\n- Inst\u00e4llda \u00e4rmar<br \/>\n- 1 \u00d7 1 res\u00e5r vid kragen<br \/>\n- Bred dubbeln\u00e5lsbroderi p\u00e5 \u00e4rmarna och nedersta f\u00e5llen<br \/>\n- Sj\u00e4lvklart halsband (p\u00e5 insidan, baksidan av nacken)<br \/>\n- Blank produkt som kommer fr\u00e5n Kina eller Bangladesh.<\/p>\n<p>&nbsp;<\/p>\n<p>Leverans och produktion av produkter i kategorin Merchandise sk\u00f6ts av v\u00e5r partner PRINTFUL. Genom att best\u00e4lla en av dessa produkter godk\u00e4nner du PRINTFUL:s villkor, sekretesspolicy och returpolicy.<\/p>\n<p><a href=\"https:\/\/www.printful.com\/policies\/terms-of-service\">Du hittar PRINTFULs villkor h\u00e4r.<\/a><\/p>\n<p><a href=\"https:\/\/www.printful.com\/policies\/returns\">L\u00e4s PRINTFULs returpolicy h\u00e4r.<\/a><\/p>\n<p><a href=\"https:\/\/www.printful.com\/policies\/privacy\">PRINTFULs sekretesspolicy finns h\u00e4r.<\/a><\/p>","protected":false},"excerpt":{"rendered":"<p>Den h\u00e4r unisex-t-shirten \u00e4r tillverkad av 100% ekologisk ringspunnen bomull och \u00e4r ett absolut m\u00e5ste. Den \u00e4r h\u00f6gkvalitativ, superbekv\u00e4m och b\u00e4st av allt milj\u00f6v\u00e4nlig. - 100% ekologisk ringspunnen bomull - Tygvikt: 5,3 oz\/yd\u00b2 (180 g\/m\u00b2) - Single jersey - Medium passform - Inst\u00e4llda \u00e4rmar - 1 \u00d7 1 ribb i kragen - Bred dubbeln\u00e5lsbroderi p\u00e5 [...]","protected":false},"featured_media":3582,"comment_status":"open","ping_status":"closed","template":"","meta":{"_acf_changed":false,"content-type":"","_monsterinsights_skip_tracking":false,"_monsterinsights_sitenote_active":false,"_monsterinsights_sitenote_note":"","_monsterinsights_sitenote_category":0},"product_brand":[],"product_cat":[245],"product_tag":[],"class_list":{"0":"post-3575","1":"product","2":"type-product","3":"status-publish","4":"has-post-thumbnail","6":"product_cat-merchandise","8":"first","9":"instock","10":"taxable","11":"shipping-taxable","12":"purchasable","13":"product-type-variable"},"acf":[],"aioseo_notices":[],"jetpack_sharing_enabled":true,"_links":{"self":[{"href":"https:\/\/antcube.shop\/sv\/wp-json\/wp\/v2\/product\/3575","targetHints":{"allow":["GET"]}}],"collection":[{"href":"https:\/\/antcube.shop\/sv\/wp-json\/wp\/v2\/product"}],"about":[{"href":"https:\/\/antcube.shop\/sv\/wp-json\/wp\/v2\/types\/product"}],"replies":[{"embeddable":true,"href":"https:\/\/antcube.shop\/sv\/wp-json\/wp\/v2\/comments?post=3575"}],"wp:featuredmedia":[{"embeddable":true,"href":"https:\/\/antcube.shop\/sv\/wp-json\/wp\/v2\/media\/3582"}],"wp:attachment":[{"href":"https:\/\/antcube.shop\/sv\/wp-json\/wp\/v2\/media?parent=3575"}],"wp:term":[{"taxonomy":"product_brand","embeddable":true,"href":"https:\/\/antcube.shop\/sv\/wp-json\/wp\/v2\/product_brand?post=3575"},{"taxonomy":"product_cat","embeddable":true,"href":"https:\/\/antcube.shop\/sv\/wp-json\/wp\/v2\/product_cat?post=3575"},{"taxonomy":"product_tag","embeddable":true,"href":"https:\/\/antcube.shop\/sv\/wp-json\/wp\/v2\/product_tag?post=3575"}],"curies":[{"name":"wp","href":"https:\/\/api.w.org\/{rel}","templated":true}]}}