{"id":3566,"date":"2021-11-19T12:43:48","date_gmt":"2021-11-19T11:43:48","guid":{"rendered":"https:\/\/antcube.shop\/produkt\/youth-short-sleeve-t-shirt\/"},"modified":"2024-12-12T12:27:18","modified_gmt":"2024-12-12T11:27:18","slug":"ungdomskortsarmat-t-shirt","status":"publish","type":"product","link":"https:\/\/antcube.shop\/sv\/produkt\/ungdomskortsarmat-t-shirt\/","title":{"rendered":"Kort\u00e4rmad T-shirt f\u00f6r ungdomar"},"content":{"rendered":"<p>Det h\u00e4r \u00e4r den t-shirt som du har letat efter och den kommer garanterat att bli en favorit i alla ungdomars garderob. Den \u00e4r l\u00e4tt, mjuk och har en unik design.<\/p>\n<p>- 100% kammad och ringspunnen bomull<br \/>\n- F\u00e4rgerna i Heather \u00e4r 52% kammad och ringspunnen bomull, 48% polyester.<br \/>\n- Athletic Heather \u00e4r 90% kammad och ringspunnen bomull, 10% polyester.<br \/>\n- Tygvikt: 4,2 oz\/yd\u00b2 (142 g\/m2)<br \/>\n- F\u00f6rkrympt tyg<br \/>\n- 32 singlar<br \/>\n- Avslappnad unisex passform<br \/>\n- Konstruktion med sidos\u00f6mmar<br \/>\n- Blank produkt som kommer fr\u00e5n Nicaragua, USA eller Honduras.<\/p>\n<p>&nbsp;<\/p>\n<p>Leverans och produktion av produkter i kategorin Merchandise sk\u00f6ts av v\u00e5r partner PRINTFUL. Genom att best\u00e4lla en av dessa produkter godk\u00e4nner du PRINTFUL:s villkor, sekretesspolicy och returpolicy.<\/p>\n<p><a href=\"https:\/\/www.printful.com\/policies\/terms-of-service\">Du hittar PRINTFULs villkor h\u00e4r.<\/a><\/p>\n<p><a href=\"https:\/\/www.printful.com\/policies\/returns\">L\u00e4s PRINTFULs returpolicy h\u00e4r.<\/a><\/p>\n<p><a href=\"https:\/\/www.printful.com\/policies\/privacy\">PRINTFULs sekretesspolicy finns h\u00e4r.<\/a><\/p>","protected":false},"excerpt":{"rendered":"<p>Det h\u00e4r \u00e4r den t-shirt som du har letat efter, och den kommer garanterat att bli en favorit i alla ungdomars garderob. Den \u00e4r l\u00e4tt, mjuk och har en unik design. - 100% kammad och ringspunnen bomull - Heather-f\u00e4rger \u00e4r 52% kammad och ringspunnen bomull, 48% polyester - Athletic Heather \u00e4r 90% kammad och ringspunnen bomull, [...]","protected":false},"featured_media":3573,"comment_status":"open","ping_status":"closed","template":"","meta":{"_acf_changed":false,"content-type":"","_monsterinsights_skip_tracking":false,"_monsterinsights_sitenote_active":false,"_monsterinsights_sitenote_note":"","_monsterinsights_sitenote_category":0},"product_brand":[],"product_cat":[245],"product_tag":[],"class_list":{"0":"post-3566","1":"product","2":"type-product","3":"status-publish","4":"has-post-thumbnail","6":"product_cat-merchandise","8":"first","9":"instock","10":"taxable","11":"shipping-taxable","12":"purchasable","13":"product-type-variable"},"acf":[],"aioseo_notices":[],"jetpack_sharing_enabled":true,"_links":{"self":[{"href":"https:\/\/antcube.shop\/sv\/wp-json\/wp\/v2\/product\/3566","targetHints":{"allow":["GET"]}}],"collection":[{"href":"https:\/\/antcube.shop\/sv\/wp-json\/wp\/v2\/product"}],"about":[{"href":"https:\/\/antcube.shop\/sv\/wp-json\/wp\/v2\/types\/product"}],"replies":[{"embeddable":true,"href":"https:\/\/antcube.shop\/sv\/wp-json\/wp\/v2\/comments?post=3566"}],"wp:featuredmedia":[{"embeddable":true,"href":"https:\/\/antcube.shop\/sv\/wp-json\/wp\/v2\/media\/3573"}],"wp:attachment":[{"href":"https:\/\/antcube.shop\/sv\/wp-json\/wp\/v2\/media?parent=3566"}],"wp:term":[{"taxonomy":"product_brand","embeddable":true,"href":"https:\/\/antcube.shop\/sv\/wp-json\/wp\/v2\/product_brand?post=3566"},{"taxonomy":"product_cat","embeddable":true,"href":"https:\/\/antcube.shop\/sv\/wp-json\/wp\/v2\/product_cat?post=3566"},{"taxonomy":"product_tag","embeddable":true,"href":"https:\/\/antcube.shop\/sv\/wp-json\/wp\/v2\/product_tag?post=3566"}],"curies":[{"name":"wp","href":"https:\/\/api.w.org\/{rel}","templated":true}]}}