{"id":3443,"date":"2021-11-18T15:53:00","date_gmt":"2021-11-18T14:53:00","guid":{"rendered":"https:\/\/antcube.shop\/produkt\/mens-heavyweight-tee\/"},"modified":"2024-12-12T12:27:24","modified_gmt":"2024-12-12T11:27:24","slug":"herr-tungvikt-tee","status":"publish","type":"product","link":"https:\/\/antcube.shop\/sv\/produkt\/herr-tungvikt-tee\/","title":{"rendered":"T-shirt i premium bomull f\u00f6r m\u00e4n"},"content":{"rendered":"<p>100% Premium T-Shirt i bomull f\u00f6r m\u00e4n hj\u00e4lper dig att f\u00e5 en mer strukturerad look. Den sitter fint, har skarpa linjer runt kanterna och passar perfekt till streetwear-outfits i lager.<br \/>\n- 100% bomull<br \/>\n- 90% bomull, 10% polyester<br \/>\n- Tygvikt: 5,0-5,3 oz\/yd\u00b2 (170-180 g\/m\u00b2)<br \/>\n- Garn med \u00f6ppen \u00e4nde<br \/>\n- R\u00f6rformigt tyg<br \/>\n- Tejpad nacke och axlar<br \/>\n- Dubbel s\u00f6m vid \u00e4rmar och nederkant<br \/>\n- Blank produkt fr\u00e5n Honduras, Nicaragua, Haiti, Dominikanska republiken, Bangladesh och Mexiko.<\/p>\n<p>&nbsp;<\/p>\n<p>Leverans och produktion av produkter i kategorin Merchandise sk\u00f6ts av v\u00e5r partner PRINTFUL. Genom att best\u00e4lla en av dessa produkter godk\u00e4nner du PRINTFUL:s villkor, sekretesspolicy och returpolicy.<\/p>\n<p><a href=\"https:\/\/www.printful.com\/policies\/terms-of-service\">Du hittar PRINTFULs villkor h\u00e4r.<\/a><\/p>\n<p><a href=\"https:\/\/www.printful.com\/policies\/returns\">L\u00e4s PRINTFULs returpolicy h\u00e4r.<\/a><\/p>\n<p><a href=\"https:\/\/www.printful.com\/policies\/privacy\">PRINTFULs sekretesspolicy finns h\u00e4r.<\/a><\/p>","protected":false},"excerpt":{"rendered":"<p>100% Premium T-Shirt i bomull f\u00f6r m\u00e4n hj\u00e4lper dig att f\u00e5 en mer strukturerad look. Den sitter fint, har skarpa linjer runt kanterna och passar perfekt till streetwear-outfits i lager. - 100% bomull - 90% bomull, 10% polyester - Tygvikt: 5,0-5,3 oz\/yd\u00b2 (170-180 g\/m\u00b2) - \u00d6ppet garn - Tubul\u00e4rt tyg - Tejpad hals och [...]","protected":false},"featured_media":3451,"comment_status":"open","ping_status":"closed","template":"","meta":{"_acf_changed":false,"content-type":"","_monsterinsights_skip_tracking":false,"_monsterinsights_sitenote_active":false,"_monsterinsights_sitenote_note":"","_monsterinsights_sitenote_category":0},"product_brand":[],"product_cat":[245],"product_tag":[],"class_list":{"0":"post-3443","1":"product","2":"type-product","3":"status-publish","4":"has-post-thumbnail","6":"product_cat-merchandise","8":"first","9":"instock","10":"taxable","11":"shipping-taxable","12":"purchasable","13":"product-type-variable"},"acf":[],"aioseo_notices":[],"jetpack_sharing_enabled":true,"_links":{"self":[{"href":"https:\/\/antcube.shop\/sv\/wp-json\/wp\/v2\/product\/3443","targetHints":{"allow":["GET"]}}],"collection":[{"href":"https:\/\/antcube.shop\/sv\/wp-json\/wp\/v2\/product"}],"about":[{"href":"https:\/\/antcube.shop\/sv\/wp-json\/wp\/v2\/types\/product"}],"replies":[{"embeddable":true,"href":"https:\/\/antcube.shop\/sv\/wp-json\/wp\/v2\/comments?post=3443"}],"wp:featuredmedia":[{"embeddable":true,"href":"https:\/\/antcube.shop\/sv\/wp-json\/wp\/v2\/media\/3451"}],"wp:attachment":[{"href":"https:\/\/antcube.shop\/sv\/wp-json\/wp\/v2\/media?parent=3443"}],"wp:term":[{"taxonomy":"product_brand","embeddable":true,"href":"https:\/\/antcube.shop\/sv\/wp-json\/wp\/v2\/product_brand?post=3443"},{"taxonomy":"product_cat","embeddable":true,"href":"https:\/\/antcube.shop\/sv\/wp-json\/wp\/v2\/product_cat?post=3443"},{"taxonomy":"product_tag","embeddable":true,"href":"https:\/\/antcube.shop\/sv\/wp-json\/wp\/v2\/product_tag?post=3443"}],"curies":[{"name":"wp","href":"https:\/\/api.w.org\/{rel}","templated":true}]}}