{"id":3174,"date":"2021-11-08T12:21:44","date_gmt":"2021-11-08T11:21:44","guid":{"rendered":"https:\/\/antcube.shop\/produkt\/ytongnest-40x20-mit-arena\/"},"modified":"2026-04-01T09:56:00","modified_gmt":"2026-04-01T07:56:00","slug":"ytongnest-40x20-mit-arena","status":"publish","type":"product","link":"https:\/\/antcube.shop\/sv\/produkt\/ytongnest-40x20-mit-arena\/","title":{"rendered":"Ytongnest - 40\u00d720 med arena"},"content":{"rendered":"<p><strong>Material:<\/strong> gasbetong, glas, plast PMMA och PVC.<\/p>\n<p><strong>Anslutning:<\/strong> 1x 14mm \u00f6ppning; 1x 27mm \u00f6ppning<\/p>\n<p><strong>Inneh\u00e5ll:<\/strong><br \/>\n1x block av gasbetong 40x20x5 cm med 20 mm djupa kammare.<br \/>\n1x glasplatta 40\u00d720 cm med en \u00f6ppning p\u00e5 50 mm och en arena 20\u00d720 cm.<br \/>\n1x ram f\u00f6r myrarena 20\u00d720<br \/>\n1x skydd f\u00f6r myrarena 20\u00d720<br \/>\n1x 50mm ring med 27mm \u00f6ppning<br \/>\n1x formicariumpropp 13mm<br \/>\n2x Formicarium plugg 27mm<br \/>\n2x Formicarium plugg 50mm<\/p>\n<p><strong>Beskrivning:<\/strong><br \/>\nYtong \u00e4r ett varum\u00e4rke, sj\u00e4lva materialet kallas f\u00f6r gasbetong.<br \/>\nP\u00e5 grund av den vattenh\u00e5llande egenskapen \u00e4r materialet v\u00e4l l\u00e4mpat f\u00f6r myrh\u00e5llning. Det kan anv\u00e4ndas f\u00f6r att h\u00e5lla ett stort antal gr\u00e4vande arter, b\u00e5de fr\u00e5n torra och v\u00e5ta livsmilj\u00f6er. Beroende p\u00e5 myrarten rekommenderas att man t\u00e4cker botten av kamrarna med substrat. Vissa arter trivs b\u00e4ttre p\u00e5 detta s\u00e4tt och till exempel Ponerinae-myrarter beh\u00f6ver jord f\u00f6r att deras larver ska kunna f\u00f6rpuppas ordentligt. Eftersom det h\u00e4r boet redan inneh\u00e5ller en arena kan det anv\u00e4ndas som en komplett formicariumupps\u00e4ttning.<\/p>\n<p><strong>Tips:<\/strong><br \/>\nF\u00f6r att f\u00f6rhindra att vatten l\u00e4cker ut ur Ytong efter att ha fuktat boet och samlas p\u00e5 ytan av m\u00f6blerna nedanf\u00f6r, eller att det grova materialet reder ytorna, rekommenderar vi att du best\u00e4ller ett av v\u00e5ra matchande glaskar till v\u00e5ra Ytong-n\u00e4sten. Dessa \u00e4r vattent\u00e4ta och skyddar d\u00e4rf\u00f6r effektivt de underliggande ytorna fr\u00e5n vatten- och skrapskador.<\/p>\n<p><strong>Anv\u00e4ndning:<\/strong><br \/>\nF\u00f6r myrarter av storlek <b>M<\/b> <b>&#8211;\u00a0<\/b><b>L<\/b>.<br \/>\nGasbetong \u00e4r ett mycket sk\u00f6rt och br\u00e4ckligt material. P\u00e5 grund av tillverkningsprocessen \u00e4r det d\u00e4rf\u00f6r om\u00f6jligt att f\u00f6rhindra att h\u00f6rn och kanter uppvisar sm\u00e5 brott och oj\u00e4mnheter. P\u00e5 grund av detta \u00e4r Ytong-n\u00e4sten inte l\u00e4mpliga f\u00f6r mycket sm\u00e5 myrarter av storlek <b>S<\/b>eftersom dessa arter l\u00e4tt skulle kunna bryta ut h\u00e4r.<\/p>","protected":false},"excerpt":{"rendered":"<p>Anslutning: 1x14mm 1x27mm<br \/>\nStorlek: <strong><span style=\"color: #339966;\">M<\/span><\/strong><strong> &#8211; <span style=\"color: #0000ff;\">L<\/span><\/strong><\/p>","protected":false},"featured_media":3011,"comment_status":"open","ping_status":"closed","template":"","meta":{"_acf_changed":false,"content-type":"","_monsterinsights_skip_tracking":false,"_monsterinsights_sitenote_active":false,"_monsterinsights_sitenote_note":"","_monsterinsights_sitenote_category":0},"product_brand":[],"product_cat":[85,86],"product_tag":[],"class_list":{"0":"post-3174","1":"product","2":"type-product","3":"status-publish","4":"has-post-thumbnail","6":"product_cat-ant-arenas","7":"product_cat-formicariums","9":"first","10":"instock","11":"taxable","12":"shipping-taxable","13":"purchasable","14":"product-type-simple"},"acf":[],"aioseo_notices":[],"jetpack_sharing_enabled":true,"_links":{"self":[{"href":"https:\/\/antcube.shop\/sv\/wp-json\/wp\/v2\/product\/3174","targetHints":{"allow":["GET"]}}],"collection":[{"href":"https:\/\/antcube.shop\/sv\/wp-json\/wp\/v2\/product"}],"about":[{"href":"https:\/\/antcube.shop\/sv\/wp-json\/wp\/v2\/types\/product"}],"replies":[{"embeddable":true,"href":"https:\/\/antcube.shop\/sv\/wp-json\/wp\/v2\/comments?post=3174"}],"wp:featuredmedia":[{"embeddable":true,"href":"https:\/\/antcube.shop\/sv\/wp-json\/wp\/v2\/media\/3011"}],"wp:attachment":[{"href":"https:\/\/antcube.shop\/sv\/wp-json\/wp\/v2\/media?parent=3174"}],"wp:term":[{"taxonomy":"product_brand","embeddable":true,"href":"https:\/\/antcube.shop\/sv\/wp-json\/wp\/v2\/product_brand?post=3174"},{"taxonomy":"product_cat","embeddable":true,"href":"https:\/\/antcube.shop\/sv\/wp-json\/wp\/v2\/product_cat?post=3174"},{"taxonomy":"product_tag","embeddable":true,"href":"https:\/\/antcube.shop\/sv\/wp-json\/wp\/v2\/product_tag?post=3174"}],"curies":[{"name":"wp","href":"https:\/\/api.w.org\/{rel}","templated":true}]}}