{"id":3168,"date":"2021-11-08T10:47:51","date_gmt":"2021-11-08T09:47:51","guid":{"rendered":"https:\/\/antcube.shop\/produkt\/glaswanne-20x20\/"},"modified":"2026-04-07T13:49:56","modified_gmt":"2026-04-07T11:49:56","slug":"glaswanne-20x20","status":"publish","type":"product","link":"https:\/\/antcube.shop\/sv\/produkt\/glaswanne-20x20\/","title":{"rendered":"Glaskar 20\u00d720"},"content":{"rendered":"<p><strong>M\u00e5tt:<\/strong> 22 x 22 x 2 cm<br \/>\n<strong>Inre m\u00e5tt:<\/strong> 21 x 21 x 1,6 cm<\/p>\n<p><strong>Inneh\u00e5ll:<\/strong><br \/>\n1x badkar 22x22x2 cm tillverkat av 4mm floatglas.<\/p>\n<p><strong>Beskrivning:<\/strong><br \/>\nGlaskaret har inga h\u00e5l, \u00e4r vattent\u00e4tt limmat och kan d\u00e4rf\u00f6r ocks\u00e5 fyllas med vatten. Den \u00e4r utformad f\u00f6r v\u00e5ra Ytong-n\u00e4sten f\u00f6r myror. Dessa kan l\u00e4tt vattnas och flyttas utan att vatten hamnar p\u00e5 den underliggande ytan (bord, sk\u00e5p etc.) eller utan att den grova Ytong skrapar underliggande ytor. Eventuellt kan olika bon placeras centralt som en \u00f6.<\/p>","protected":false},"excerpt":{"rendered":"<p>Glaskar f\u00f6r v\u00e5rt Ytong-n\u00e4ste 20\u00d720<\/p>","protected":false},"featured_media":3005,"comment_status":"open","ping_status":"closed","template":"","meta":{"_acf_changed":false,"content-type":"","_monsterinsights_skip_tracking":false,"_monsterinsights_sitenote_active":false,"_monsterinsights_sitenote_note":"","_monsterinsights_sitenote_category":0},"product_brand":[],"product_cat":[119,239],"product_tag":[],"class_list":{"0":"post-3168","1":"product","2":"type-product","3":"status-publish","4":"has-post-thumbnail","6":"product_cat-formicarium-components","7":"product_cat-useful-additions","9":"first","10":"instock","11":"taxable","12":"shipping-taxable","13":"purchasable","14":"product-type-simple"},"acf":[],"aioseo_notices":[],"jetpack_sharing_enabled":true,"_links":{"self":[{"href":"https:\/\/antcube.shop\/sv\/wp-json\/wp\/v2\/product\/3168","targetHints":{"allow":["GET"]}}],"collection":[{"href":"https:\/\/antcube.shop\/sv\/wp-json\/wp\/v2\/product"}],"about":[{"href":"https:\/\/antcube.shop\/sv\/wp-json\/wp\/v2\/types\/product"}],"replies":[{"embeddable":true,"href":"https:\/\/antcube.shop\/sv\/wp-json\/wp\/v2\/comments?post=3168"}],"wp:featuredmedia":[{"embeddable":true,"href":"https:\/\/antcube.shop\/sv\/wp-json\/wp\/v2\/media\/3005"}],"wp:attachment":[{"href":"https:\/\/antcube.shop\/sv\/wp-json\/wp\/v2\/media?parent=3168"}],"wp:term":[{"taxonomy":"product_brand","embeddable":true,"href":"https:\/\/antcube.shop\/sv\/wp-json\/wp\/v2\/product_brand?post=3168"},{"taxonomy":"product_cat","embeddable":true,"href":"https:\/\/antcube.shop\/sv\/wp-json\/wp\/v2\/product_cat?post=3168"},{"taxonomy":"product_tag","embeddable":true,"href":"https:\/\/antcube.shop\/sv\/wp-json\/wp\/v2\/product_tag?post=3168"}],"curies":[{"name":"wp","href":"https:\/\/api.w.org\/{rel}","templated":true}]}}