{"id":3164,"date":"2021-11-08T10:47:18","date_gmt":"2021-11-08T09:47:18","guid":{"rendered":"https:\/\/antcube.shop\/produkt\/fotoruckwand-regenwald-20x20-cube\/"},"modified":"2026-04-04T12:46:28","modified_gmt":"2026-04-04T10:46:28","slug":"fotoruckwand-regenwald-20x20-kubus","status":"publish","type":"product","link":"https:\/\/antcube.shop\/sv\/produkt\/fotoruckwand-regenwald-20x20-kubus\/","title":{"rendered":"Fotobakgrundsv\u00e4gg - Regnskog - 20\u00d720"},"content":{"rendered":"<p><strong>M\u00e5tt:<\/strong> 20x20cm<\/p>\n<p><strong>Material:<\/strong> Glansigt foliepapper<\/p>\n<p><strong>Inneh\u00e5ll:<\/strong> 1x fotobakgrundsv\u00e4gg<\/p>\n<p><strong>Beskrivning:<\/strong> Den h\u00e4r fotoryggv\u00e4ggen limmas fast p\u00e5 formicariumets baksida fr\u00e5n utsidan f\u00f6r att ge intryck av en milj\u00f6 som motsvarar myrornas naturliga livsmilj\u00f6.<\/p>","protected":false},"excerpt":{"rendered":"<p>M\u00e5tt: 20x20cm\r\n\r\nMaterial: Material: Gl\u00e4nsande foliepapper\r\n\r\nInneh\u00e5ll: 1x fotobakgrundsv\u00e4gg\r\n\r\nBeskrivning: 1 x fotobild: Den h\u00e4r fotobackv\u00e4ggen limmas fast p\u00e5 formicariumets baksida fr\u00e5n utsidan f\u00f6r att ge intryck av en milj\u00f6 som motsvarar myrornas naturliga livsmilj\u00f6.<\/p>","protected":false},"featured_media":3133,"comment_status":"open","ping_status":"closed","template":"","meta":{"_acf_changed":false,"content-type":"","_monsterinsights_skip_tracking":false,"_monsterinsights_sitenote_active":false,"_monsterinsights_sitenote_note":"","_monsterinsights_sitenote_category":0},"product_brand":[],"product_cat":[97,106],"product_tag":[],"class_list":{"0":"post-3164","1":"product","2":"type-product","3":"status-publish","4":"has-post-thumbnail","6":"product_cat-photo-backwalls","7":"product_cat-rainforest-photo-backwall","9":"first","10":"instock","11":"taxable","12":"shipping-taxable","13":"purchasable","14":"product-type-simple"},"acf":[],"aioseo_notices":[],"jetpack_sharing_enabled":true,"_links":{"self":[{"href":"https:\/\/antcube.shop\/sv\/wp-json\/wp\/v2\/product\/3164","targetHints":{"allow":["GET"]}}],"collection":[{"href":"https:\/\/antcube.shop\/sv\/wp-json\/wp\/v2\/product"}],"about":[{"href":"https:\/\/antcube.shop\/sv\/wp-json\/wp\/v2\/types\/product"}],"replies":[{"embeddable":true,"href":"https:\/\/antcube.shop\/sv\/wp-json\/wp\/v2\/comments?post=3164"}],"wp:featuredmedia":[{"embeddable":true,"href":"https:\/\/antcube.shop\/sv\/wp-json\/wp\/v2\/media\/3133"}],"wp:attachment":[{"href":"https:\/\/antcube.shop\/sv\/wp-json\/wp\/v2\/media?parent=3164"}],"wp:term":[{"taxonomy":"product_brand","embeddable":true,"href":"https:\/\/antcube.shop\/sv\/wp-json\/wp\/v2\/product_brand?post=3164"},{"taxonomy":"product_cat","embeddable":true,"href":"https:\/\/antcube.shop\/sv\/wp-json\/wp\/v2\/product_cat?post=3164"},{"taxonomy":"product_tag","embeddable":true,"href":"https:\/\/antcube.shop\/sv\/wp-json\/wp\/v2\/product_tag?post=3164"}],"curies":[{"name":"wp","href":"https:\/\/api.w.org\/{rel}","templated":true}]}}