{"id":3162,"date":"2021-11-08T10:46:52","date_gmt":"2021-11-08T09:46:52","guid":{"rendered":"https:\/\/antcube.shop\/produkt\/antcube-eck-plattform-8x8-magnet\/"},"modified":"2026-04-14T14:05:22","modified_gmt":"2026-04-14T12:05:22","slug":"antcube-eck-plattform-8x8-magnet","status":"publish","type":"product","link":"https:\/\/antcube.shop\/sv\/produkt\/antcube-eck-plattform-8x8-magnet\/","title":{"rendered":"ANTCUBE h\u00f6rnplattform 8\u00d78 - magnetisk"},"content":{"rendered":"<p><strong>M\u00e5tt:<\/strong> 80 x 80 x 22 mm<\/p>\n<p><strong>Material:<\/strong> akrylglas<\/p>\n<p><strong>F\u00e4rg:<\/strong> genomskinlig<\/p>\n<p><strong>Inneh\u00e5ll:<\/strong> 1 st. (3 delar)<\/p>\n<p><strong>Beskrivning:<\/strong><br \/>\nANTCUBE h\u00f6rnplattformen 8\u00d78 - magnetisk kan f\u00e4stas i vilket formicarium som helst med hj\u00e4lp av magneterna. Den \u00e4r s\u00e4rskilt l\u00e4mplig i v\u00e5ra h\u00f6gre ANTCUBE-formicarior f\u00f6r att placera foderautomater, sk\u00e5lar eller drickare p\u00e5 den.<br \/>\nANTCUBE Corner Platform 8\u00d78 - Magnetic kan flyttas till \u00f6nskad h\u00f6jd eller djup genom att f\u00e4stas p\u00e5 utsidan med hj\u00e4lp av magneterna.<\/p>\n<p><strong>Meddelande:<\/strong><br \/>\nP\u00e5 grund av tillverkningsprocessen kan det finnas sm\u00e5 till medelstora sprickor p\u00e5 magnetdelarna.<\/p>\n<p>&nbsp;<\/p>","protected":false},"excerpt":{"rendered":"<p>M\u00e5tt: Material: akrylglas F\u00e4rg: genomskinlig Inneh\u00e5ll: 80 x 80 x 22 mm: Beskrivning: 1 st: ANTCUBE h\u00f6rnplattform 8x8 - magnetisk kan f\u00e4stas i alla formicarium med hj\u00e4lp av magneterna. Den \u00e4r s\u00e4rskilt l\u00e4mplig i v\u00e5ra h\u00f6gre ANTCUBE-formicarior f\u00f6r att placera foderautomater, sk\u00e5lar eller drickare p\u00e5 den.","protected":false},"featured_media":3140,"comment_status":"open","ping_status":"closed","template":"","meta":{"_acf_changed":false,"content-type":"","_monsterinsights_skip_tracking":false,"_monsterinsights_sitenote_active":false,"_monsterinsights_sitenote_note":"","_monsterinsights_sitenote_category":0},"product_brand":[],"product_cat":[119,239],"product_tag":[],"class_list":{"0":"post-3162","1":"product","2":"type-product","3":"status-publish","4":"has-post-thumbnail","6":"product_cat-formicarium-components","7":"product_cat-useful-additions","9":"first","10":"instock","11":"taxable","12":"shipping-taxable","13":"purchasable","14":"product-type-simple"},"acf":[],"aioseo_notices":[],"jetpack_sharing_enabled":true,"_links":{"self":[{"href":"https:\/\/antcube.shop\/sv\/wp-json\/wp\/v2\/product\/3162","targetHints":{"allow":["GET"]}}],"collection":[{"href":"https:\/\/antcube.shop\/sv\/wp-json\/wp\/v2\/product"}],"about":[{"href":"https:\/\/antcube.shop\/sv\/wp-json\/wp\/v2\/types\/product"}],"replies":[{"embeddable":true,"href":"https:\/\/antcube.shop\/sv\/wp-json\/wp\/v2\/comments?post=3162"}],"wp:featuredmedia":[{"embeddable":true,"href":"https:\/\/antcube.shop\/sv\/wp-json\/wp\/v2\/media\/3140"}],"wp:attachment":[{"href":"https:\/\/antcube.shop\/sv\/wp-json\/wp\/v2\/media?parent=3162"}],"wp:term":[{"taxonomy":"product_brand","embeddable":true,"href":"https:\/\/antcube.shop\/sv\/wp-json\/wp\/v2\/product_brand?post=3162"},{"taxonomy":"product_cat","embeddable":true,"href":"https:\/\/antcube.shop\/sv\/wp-json\/wp\/v2\/product_cat?post=3162"},{"taxonomy":"product_tag","embeddable":true,"href":"https:\/\/antcube.shop\/sv\/wp-json\/wp\/v2\/product_tag?post=3162"}],"curies":[{"name":"wp","href":"https:\/\/api.w.org\/{rel}","templated":true}]}}