{"id":3161,"date":"2021-11-08T10:46:44","date_gmt":"2021-11-08T09:46:44","guid":{"rendered":"https:\/\/antcube.shop\/produkt\/malvenbluten-100g-getrocknet\/"},"modified":"2026-04-13T10:48:21","modified_gmt":"2026-04-13T08:48:21","slug":"malvenbluten-100g-getrocknet","status":"publish","type":"product","link":"https:\/\/antcube.shop\/sv\/produkt\/malvenbluten-100g-getrocknet\/","title":{"rendered":"Mallow blommor 100g - torkade"},"content":{"rendered":"<p><strong>Inneh\u00e5ll:<\/strong><br \/>\n100 g torkade mallowblommor<\/p>\n<p><strong>Beskrivning:<\/strong><br \/>\nMalvablommor som grogrund f\u00f6r svampf\u00f6r\u00f6kande myrarter. Det \u00e4r en rent naturlig produkt.<\/p>\n<p><strong>Anv\u00e4ndning:<\/strong><br \/>\nMallow blommor = f\u00f6r svampartade myrarter.<br \/>\nDe torra blommorna tj\u00e4nar bara som en grogrund f\u00f6r svampen hos bladklipparmyrorna (det \u00e4r l\u00e4mpligt att samtidigt erbjuda f\u00e4rska blad som en fuktighetskr\u00e4m).<br \/>\nPlacera bara blommorna som ska matas i en torrfoderkammare.<\/p>\n<p><strong>F\u00f6rvaring:<\/strong><br \/>\nI en torr milj\u00f6<\/p>\n<p><strong>Inneh\u00e5ller:<\/strong><br \/>\n100% torkade malvblommor<\/p>","protected":false},"excerpt":{"rendered":"<p>Contents: 100g dried mallow flowers Description: Mallow flowers as a breeding ground for fungus-breeding ant species. It is a purely natural product. Usage: Mallow flowers = for fungus breeding ant species. The dry blossoms only serve as a breeding ground for the fungus of leafcutter ants (offering fresh leafs as a moisturizer at the same [&#8230;]","protected":false},"featured_media":5483,"comment_status":"open","ping_status":"closed","template":"","meta":{"_acf_changed":false,"content-type":"","_monsterinsights_skip_tracking":false,"_monsterinsights_sitenote_active":false,"_monsterinsights_sitenote_note":"","_monsterinsights_sitenote_category":0},"product_brand":[],"product_cat":[115,116],"product_tag":[],"class_list":{"0":"post-3161","1":"product","2":"type-product","3":"status-publish","4":"has-post-thumbnail","6":"product_cat-food-and-feeding","7":"product_cat-food","9":"first","10":"instock","11":"taxable","12":"shipping-taxable","13":"purchasable","14":"product-type-simple"},"acf":[],"aioseo_notices":[],"jetpack_sharing_enabled":true,"_links":{"self":[{"href":"https:\/\/antcube.shop\/sv\/wp-json\/wp\/v2\/product\/3161","targetHints":{"allow":["GET"]}}],"collection":[{"href":"https:\/\/antcube.shop\/sv\/wp-json\/wp\/v2\/product"}],"about":[{"href":"https:\/\/antcube.shop\/sv\/wp-json\/wp\/v2\/types\/product"}],"replies":[{"embeddable":true,"href":"https:\/\/antcube.shop\/sv\/wp-json\/wp\/v2\/comments?post=3161"}],"wp:featuredmedia":[{"embeddable":true,"href":"https:\/\/antcube.shop\/sv\/wp-json\/wp\/v2\/media\/5483"}],"wp:attachment":[{"href":"https:\/\/antcube.shop\/sv\/wp-json\/wp\/v2\/media?parent=3161"}],"wp:term":[{"taxonomy":"product_brand","embeddable":true,"href":"https:\/\/antcube.shop\/sv\/wp-json\/wp\/v2\/product_brand?post=3161"},{"taxonomy":"product_cat","embeddable":true,"href":"https:\/\/antcube.shop\/sv\/wp-json\/wp\/v2\/product_cat?post=3161"},{"taxonomy":"product_tag","embeddable":true,"href":"https:\/\/antcube.shop\/sv\/wp-json\/wp\/v2\/product_tag?post=3161"}],"curies":[{"name":"wp","href":"https:\/\/api.w.org\/{rel}","templated":true}]}}