{"id":3160,"date":"2021-11-08T10:46:36","date_gmt":"2021-11-08T09:46:36","guid":{"rendered":"https:\/\/antcube.shop\/produkt\/sonnenblumenblutenblatter-100g-getrocknet\/"},"modified":"2026-04-14T09:35:50","modified_gmt":"2026-04-14T07:35:50","slug":"sonnenblumenblutenblatter-100g-getrocknet","status":"publish","type":"product","link":"https:\/\/antcube.shop\/sv\/produkt\/sonnenblumenblutenblatter-100g-getrocknet\/","title":{"rendered":"Solrosblad 100g - torkade"},"content":{"rendered":"<p><strong>Inneh\u00e5ll:<\/strong><br \/>\n100 g torkade solrosblad.<\/p>\n<p><strong>Beskrivning:<\/strong><br \/>\nSolrosblad som n\u00e4ringsmedium f\u00f6r svampv\u00e4xande myrarter. Det \u00e4r en rent naturlig produkt.<\/p>\n<p><strong>Anv\u00e4ndning:<\/strong><br \/>\nSolrosblad = f\u00f6r svampartade myrarter.<br \/>\nDe torra kronbladen fungerar bara som en grogrund f\u00f6r svampen hos bladklipparmyrorna (det \u00e4r l\u00e4mpligt att samtidigt erbjuda f\u00e4rska blad som en fuktighetskr\u00e4m).<br \/>\nPlacera bara de kronblad som ska utfodras i en torrfoderkammare.<\/p>\n<p><strong>F\u00f6rvaring:<\/strong><br \/>\nI en torr milj\u00f6<\/p>\n<p><strong>Inneh\u00e5ller:<\/strong><br \/>\n100% torkade solrosblad.<\/p>","protected":false},"excerpt":{"rendered":"<p>Inneh\u00e5ll: 100 g torkade solrosblad. Beskrivning: Solrosblad som n\u00e4ringsmedium f\u00f6r svampodlande myrarter. Det \u00e4r en rent naturlig produkt. Anv\u00e4ndning: Solrosblad = f\u00f6r svampuppf\u00f6dande myrarter. De torra kronbladen fungerar bara som en grogrund f\u00f6r svampen hos bladsk\u00e4rarmyror (erbjuder f\u00e4rska blad som en fuktighetskr\u00e4m vid [...]","protected":false},"featured_media":10875,"comment_status":"open","ping_status":"closed","template":"","meta":{"_acf_changed":false,"content-type":"","_monsterinsights_skip_tracking":false,"_monsterinsights_sitenote_active":false,"_monsterinsights_sitenote_note":"","_monsterinsights_sitenote_category":0},"product_brand":[],"product_cat":[115,116],"product_tag":[],"class_list":{"0":"post-3160","1":"product","2":"type-product","3":"status-publish","4":"has-post-thumbnail","6":"product_cat-food-and-feeding","7":"product_cat-food","9":"first","10":"instock","11":"taxable","12":"shipping-taxable","13":"purchasable","14":"product-type-simple"},"acf":[],"aioseo_notices":[],"jetpack_sharing_enabled":true,"_links":{"self":[{"href":"https:\/\/antcube.shop\/sv\/wp-json\/wp\/v2\/product\/3160","targetHints":{"allow":["GET"]}}],"collection":[{"href":"https:\/\/antcube.shop\/sv\/wp-json\/wp\/v2\/product"}],"about":[{"href":"https:\/\/antcube.shop\/sv\/wp-json\/wp\/v2\/types\/product"}],"replies":[{"embeddable":true,"href":"https:\/\/antcube.shop\/sv\/wp-json\/wp\/v2\/comments?post=3160"}],"wp:featuredmedia":[{"embeddable":true,"href":"https:\/\/antcube.shop\/sv\/wp-json\/wp\/v2\/media\/10875"}],"wp:attachment":[{"href":"https:\/\/antcube.shop\/sv\/wp-json\/wp\/v2\/media?parent=3160"}],"wp:term":[{"taxonomy":"product_brand","embeddable":true,"href":"https:\/\/antcube.shop\/sv\/wp-json\/wp\/v2\/product_brand?post=3160"},{"taxonomy":"product_cat","embeddable":true,"href":"https:\/\/antcube.shop\/sv\/wp-json\/wp\/v2\/product_cat?post=3160"},{"taxonomy":"product_tag","embeddable":true,"href":"https:\/\/antcube.shop\/sv\/wp-json\/wp\/v2\/product_tag?post=3160"}],"curies":[{"name":"wp","href":"https:\/\/api.w.org\/{rel}","templated":true}]}}