{"id":3158,"date":"2021-11-08T10:46:20","date_gmt":"2021-11-08T09:46:20","guid":{"rendered":"https:\/\/antcube.shop\/produkt\/zuckerlosung-in-2ml-futterrohrchen-10-st\/"},"modified":"2026-04-03T11:58:54","modified_gmt":"2026-04-03T09:58:54","slug":"zuckerlosung-in-2ml-futterrohrchen-10-st","status":"publish","type":"product","link":"https:\/\/antcube.shop\/sv\/produkt\/zuckerlosung-in-2ml-futterrohrchen-10-st\/","title":{"rendered":"Sockerl\u00f6sning i 2 ml matningsr\u00f6r - 10 st."},"content":{"rendered":"<p><strong>Inneh\u00e5ll:<\/strong> 10x 2 ml<\/p>\n<p><strong>Beskrivning:<\/strong> Sockerl\u00f6sningen \u00e4r ett till\u00e4ggsfoder till andra fodermedel.<\/p>\n<p><strong>Anv\u00e4ndning:<\/strong><br \/>\nSockerl\u00f6sning = f\u00f6r socker\u00e4tande myrarter.<br \/>\nDet \u00e4r ett till\u00e4ggsfoder (enkelfoder).<br \/>\nDen kan erbjudas djuren i levererat skick. Den kan anv\u00e4ndas tills sockret har torkat upp. Reng\u00f6r fodersk\u00e5len\/r\u00f6ret noggrant innan den \u00e5teranv\u00e4nds.<br \/>\nEn \u00f6ppnad f\u00f6rpackning kan anv\u00e4ndas t\u00e4tt st\u00e4ngd fram till det angivna (b\u00e4st f\u00f6re-datum).<\/p>\n<p><strong>Inneh\u00e5ller:<\/strong><br \/>\nInvertsocker 55%<br \/>\nSackaros 45%<\/p>\n<p><strong>F\u00f6rvaring:<\/strong> F\u00f6r att s\u00e4kerst\u00e4lla fodrets kvalitet b\u00f6r det f\u00f6rvaras p\u00e5 ett m\u00f6rkt och torrt st\u00e4lle.<\/p>\n<p><strong>Meddelande:<\/strong><br \/>\nInformation om hur du anv\u00e4nder foderr\u00f6ret finns h\u00e4r: L\u00e4nk<br \/>\nSe bipacksedeln f\u00f6r sammans\u00e4ttning, analytiska ingredienser, b\u00e4st f\u00f6re-datum och partinummer.<\/p>\n<p>Informationshotline +49 30 439703870<\/p>\n<p>Ansvarig veterin\u00e4r- och livsmedelsmyndighet:<br \/>\nSteglitz Veterin\u00e4rbyr\u00e5<br \/>\nK\u00f6nigin-Luise-Str. 92<br \/>\n14195 Berlin<\/p>","protected":false},"excerpt":{"rendered":"<p>Kompletterande livsmedel<\/p>","protected":false},"featured_media":3147,"comment_status":"open","ping_status":"closed","template":"","meta":{"_acf_changed":false,"content-type":"","_monsterinsights_skip_tracking":false,"_monsterinsights_sitenote_active":false,"_monsterinsights_sitenote_note":"","_monsterinsights_sitenote_category":0},"product_brand":[],"product_cat":[115,116],"product_tag":[],"class_list":{"0":"post-3158","1":"product","2":"type-product","3":"status-publish","4":"has-post-thumbnail","6":"product_cat-food-and-feeding","7":"product_cat-food","9":"first","10":"instock","11":"taxable","12":"shipping-taxable","13":"purchasable","14":"product-type-simple"},"acf":[],"aioseo_notices":[],"jetpack_sharing_enabled":true,"_links":{"self":[{"href":"https:\/\/antcube.shop\/sv\/wp-json\/wp\/v2\/product\/3158","targetHints":{"allow":["GET"]}}],"collection":[{"href":"https:\/\/antcube.shop\/sv\/wp-json\/wp\/v2\/product"}],"about":[{"href":"https:\/\/antcube.shop\/sv\/wp-json\/wp\/v2\/types\/product"}],"replies":[{"embeddable":true,"href":"https:\/\/antcube.shop\/sv\/wp-json\/wp\/v2\/comments?post=3158"}],"wp:featuredmedia":[{"embeddable":true,"href":"https:\/\/antcube.shop\/sv\/wp-json\/wp\/v2\/media\/3147"}],"wp:attachment":[{"href":"https:\/\/antcube.shop\/sv\/wp-json\/wp\/v2\/media?parent=3158"}],"wp:term":[{"taxonomy":"product_brand","embeddable":true,"href":"https:\/\/antcube.shop\/sv\/wp-json\/wp\/v2\/product_brand?post=3158"},{"taxonomy":"product_cat","embeddable":true,"href":"https:\/\/antcube.shop\/sv\/wp-json\/wp\/v2\/product_cat?post=3158"},{"taxonomy":"product_tag","embeddable":true,"href":"https:\/\/antcube.shop\/sv\/wp-json\/wp\/v2\/product_tag?post=3158"}],"curies":[{"name":"wp","href":"https:\/\/api.w.org\/{rel}","templated":true}]}}