{"id":3154,"date":"2021-11-08T10:45:55","date_gmt":"2021-11-08T09:45:55","guid":{"rendered":"https:\/\/antcube.shop\/produkt\/kornerfutter-major-in-2ml-futterrohrchen-10-st\/"},"modified":"2026-01-28T17:19:17","modified_gmt":"2026-01-28T16:19:17","slug":"kornerfutter-major-in-2ml-futterrohrchen-10-st","status":"publish","type":"product","link":"https:\/\/antcube.shop\/sv\/produkt\/kornerfutter-major-in-2ml-futterrohrchen-10-st\/","title":{"rendered":"Kornfoder major i 2 ml foderr\u00f6r - 10 st."},"content":{"rendered":"<p><strong>Inneh\u00e5ll:<\/strong> 10x 2 ml<\/p>\n<p><strong>Beskrivning:<\/strong> St\u00f6rre korn\/fr\u00f6n f\u00f6r st\u00f6rre kolonier av korns\u00f6kande myrarter, t.ex. av sl\u00e4ktet Messor, som redan har stora arbetsmyror i dem.<\/p>\n<p><strong>Anv\u00e4ndning:<\/strong> Foderr\u00f6ret kan placeras i sin helhet i formicariumet, alternativt kan du l\u00e4gga mindre m\u00e4ngder i en matsk\u00e5l efter behov\/efter kolonins storlek. Kornfoder accepteras fr\u00e4mst av korns\u00f6kande arter som arter av sl\u00e4ktet Messor eller \u00e4ven Pheidole.<\/p>\n<p><strong>Meddelande:<\/strong><br \/>\nInformation om anv\u00e4ndning av sondmatning finns h\u00e4r: L\u00e4nk<br \/>\nKompletterande f\u00f6da f\u00f6r granivoresiska myror.<br \/>\nF\u00f6r sammans\u00e4ttning, analytiska komponenter, b\u00e4st f\u00f6re-datum och partinummer h\u00e4nvisas till bipacksedeln.<\/p>\n<p>Informationshotline +49 30 439703870<\/p>\n<p>Ansvarig veterin\u00e4r- och livsmedelsmyndighet:<br \/>\nSteglitz Veterin\u00e4rbyr\u00e5<br \/>\nK\u00f6nigin-Luise-Str. 92<br \/>\n14195 Berlin<\/p>","protected":false},"excerpt":{"rendered":"<p>Kompletterande livsmedel<\/p>","protected":false},"featured_media":3151,"comment_status":"open","ping_status":"closed","template":"","meta":{"_acf_changed":false,"content-type":"","_monsterinsights_skip_tracking":false,"_monsterinsights_sitenote_active":false,"_monsterinsights_sitenote_note":"","_monsterinsights_sitenote_category":0},"product_brand":[],"product_cat":[115,116],"product_tag":[],"class_list":{"0":"post-3154","1":"product","2":"type-product","3":"status-publish","4":"has-post-thumbnail","6":"product_cat-food-and-feeding","7":"product_cat-food","9":"first","10":"instock","11":"taxable","12":"shipping-taxable","13":"purchasable","14":"product-type-simple"},"acf":[],"aioseo_notices":[],"jetpack_sharing_enabled":true,"_links":{"self":[{"href":"https:\/\/antcube.shop\/sv\/wp-json\/wp\/v2\/product\/3154","targetHints":{"allow":["GET"]}}],"collection":[{"href":"https:\/\/antcube.shop\/sv\/wp-json\/wp\/v2\/product"}],"about":[{"href":"https:\/\/antcube.shop\/sv\/wp-json\/wp\/v2\/types\/product"}],"replies":[{"embeddable":true,"href":"https:\/\/antcube.shop\/sv\/wp-json\/wp\/v2\/comments?post=3154"}],"wp:featuredmedia":[{"embeddable":true,"href":"https:\/\/antcube.shop\/sv\/wp-json\/wp\/v2\/media\/3151"}],"wp:attachment":[{"href":"https:\/\/antcube.shop\/sv\/wp-json\/wp\/v2\/media?parent=3154"}],"wp:term":[{"taxonomy":"product_brand","embeddable":true,"href":"https:\/\/antcube.shop\/sv\/wp-json\/wp\/v2\/product_brand?post=3154"},{"taxonomy":"product_cat","embeddable":true,"href":"https:\/\/antcube.shop\/sv\/wp-json\/wp\/v2\/product_cat?post=3154"},{"taxonomy":"product_tag","embeddable":true,"href":"https:\/\/antcube.shop\/sv\/wp-json\/wp\/v2\/product_tag?post=3154"}],"curies":[{"name":"wp","href":"https:\/\/api.w.org\/{rel}","templated":true}]}}