{"id":3153,"date":"2021-11-08T10:45:48","date_gmt":"2021-11-08T09:45:48","guid":{"rendered":"https:\/\/antcube.shop\/produkt\/antcube-digfix-platte-20x20-xl\/"},"modified":"2026-03-06T14:52:51","modified_gmt":"2026-03-06T13:52:51","slug":"antcube-digfix-platte-20x20-xl","status":"publish","type":"product","link":"https:\/\/antcube.shop\/sv\/produkt\/antcube-digfix-platte-20x20-xl\/","title":{"rendered":"ANTCUBE - Digfix-platta 20\u00d720 - XL"},"content":{"rendered":"<p><strong>M\u00e5tt:<\/strong> 184x130x50 mm (tolerans182-185 mm)<\/p>\n<p><strong>Material:<\/strong> Digfix<\/p>\n<p><strong>Beskrivning:<\/strong> Digfix-plattan \u00e4r tillverkad av gr\u00e4vbart material och passar perfekt till v\u00e5ra ANTCUBE-myrfarmar. Den kan anv\u00e4ndas b\u00e5de torr och v\u00e5t. Den \u00e4r ocks\u00e5 l\u00e4mplig f\u00f6r m\u00e5nga myrarter, s\u00e4rskilt de som h\u00e4ckar i sand och i (d\u00f6d) ved. Den kan anv\u00e4ndas i st\u00e4llet f\u00f6r sand-lam-blandningar eller boinsatser av kork eller gips. En stor f\u00f6rdel j\u00e4mf\u00f6rt med korkn\u00e4sten \u00e4r att Digfix inte m\u00f6glar ens n\u00e4r det \u00e4r bl\u00f6tt. Detta inneb\u00e4r att myrarter med stort fuktbehov kan f\u00e5 tillr\u00e4ckligt med vatten utan problem. Digfix har ocks\u00e5 den f\u00f6rdelen att gr\u00e4vande myrarter inte smutsar ner glasrutorna i boet med jord n\u00e4r de gr\u00e4ver, vilket ger en perfekt sikt in i boet.<\/p>\n<p><strong>Observera:<\/strong> Den naturliga f\u00e4rgnyansen kan variera mellan gr\u00f6nligt\/gr\u00e5brunt och jordbrunt. Nyansen p\u00e5verkar inte kvaliteten.<br \/>\nP\u00e5 grund av tillverkning kan m\u00e5tten variera +\/- 1 mm.<\/p>","protected":false},"excerpt":{"rendered":"<p>Storlek: <span style=\"color: #ff0000;\"><strong>XL<\/strong><\/span><\/p>","protected":false},"featured_media":3950,"comment_status":"open","ping_status":"closed","template":"","meta":{"_acf_changed":false,"content-type":"","_monsterinsights_skip_tracking":false,"_monsterinsights_sitenote_active":false,"_monsterinsights_sitenote_note":"","_monsterinsights_sitenote_category":0},"product_brand":[],"product_cat":[87,88],"product_tag":[],"class_list":{"0":"post-3153","1":"product","2":"type-product","3":"status-publish","4":"has-post-thumbnail","6":"product_cat-nest-insets","7":"product_cat-digfix","9":"first","10":"instock","11":"taxable","12":"shipping-taxable","13":"purchasable","14":"product-type-simple"},"acf":[],"aioseo_notices":[],"jetpack_sharing_enabled":true,"_links":{"self":[{"href":"https:\/\/antcube.shop\/sv\/wp-json\/wp\/v2\/product\/3153","targetHints":{"allow":["GET"]}}],"collection":[{"href":"https:\/\/antcube.shop\/sv\/wp-json\/wp\/v2\/product"}],"about":[{"href":"https:\/\/antcube.shop\/sv\/wp-json\/wp\/v2\/types\/product"}],"replies":[{"embeddable":true,"href":"https:\/\/antcube.shop\/sv\/wp-json\/wp\/v2\/comments?post=3153"}],"wp:featuredmedia":[{"embeddable":true,"href":"https:\/\/antcube.shop\/sv\/wp-json\/wp\/v2\/media\/3950"}],"wp:attachment":[{"href":"https:\/\/antcube.shop\/sv\/wp-json\/wp\/v2\/media?parent=3153"}],"wp:term":[{"taxonomy":"product_brand","embeddable":true,"href":"https:\/\/antcube.shop\/sv\/wp-json\/wp\/v2\/product_brand?post=3153"},{"taxonomy":"product_cat","embeddable":true,"href":"https:\/\/antcube.shop\/sv\/wp-json\/wp\/v2\/product_cat?post=3153"},{"taxonomy":"product_tag","embeddable":true,"href":"https:\/\/antcube.shop\/sv\/wp-json\/wp\/v2\/product_tag?post=3153"}],"curies":[{"name":"wp","href":"https:\/\/api.w.org\/{rel}","templated":true}]}}