{"id":2872,"date":"2021-10-13T18:47:01","date_gmt":"2021-10-13T16:47:01","guid":{"rendered":"https:\/\/antcube.shop\/produkt\/formicarienunterlage-20x6cm\/"},"modified":"2026-04-08T08:47:50","modified_gmt":"2026-04-08T06:47:50","slug":"formicarienunterlage-20x6cm","status":"publish","type":"product","link":"https:\/\/antcube.shop\/sv\/produkt\/formicarienunterlage-20x6cm\/","title":{"rendered":"Formicarium pad - 20x6cm"},"content":{"rendered":"<p><strong>M\u00e5tt:<\/strong> 190 x 60 x 4mm<\/p>\n<p><strong>Material:<\/strong> PE-skum<\/p>\n<p><strong>F\u00e4rg:<\/strong> gr\u00e5<\/p>\n<p><strong>Inneh\u00e5ll:<\/strong> 1 st.<\/p>\n<p><strong>Beskrivning:<\/strong><br \/>\nFormicariumkudden \u00e4r tillverkad av ett mjukt skummaterial.<br \/>\nDen skyddar b\u00e5de formicariumet och den m\u00f6bel som formicariumet st\u00e5r p\u00e5 fr\u00e5n repor.<br \/>\nDessutom fungerar dynan som v\u00e4rmeisolering f\u00f6r att kompensera f\u00f6r minsta oj\u00e4mnhet och skyddar \u00e4ven mot vibrationer.<\/p>","protected":false},"excerpt":{"rendered":"<p>M\u00e5tt: Material: 390 x 60 x 4 mm: Material: PE-skum F\u00e4rg: gr\u00e5 Inneh\u00e5ll: F\u00e4rg: Gr\u00e5tt: 1 st. Beskrivning: 1: Formicariumkudden \u00e4r tillverkad av ett mjukt skummaterial. Den skyddar b\u00e5de formicariumet och den m\u00f6bel som formicariumet st\u00e5r p\u00e5 fr\u00e5n repor. Dessutom fungerar kudden som v\u00e4rmeisolering f\u00f6r att kompensera f\u00f6r","protected":false},"featured_media":312,"comment_status":"open","ping_status":"closed","template":"","meta":{"_acf_changed":false,"content-type":"","_monsterinsights_skip_tracking":false,"_monsterinsights_sitenote_active":false,"_monsterinsights_sitenote_note":"","_monsterinsights_sitenote_category":0},"product_brand":[],"product_cat":[119,239],"product_tag":[],"class_list":{"0":"post-2872","1":"product","2":"type-product","3":"status-publish","4":"has-post-thumbnail","6":"product_cat-formicarium-components","7":"product_cat-useful-additions","9":"first","10":"instock","11":"taxable","12":"shipping-taxable","13":"purchasable","14":"product-type-simple"},"acf":[],"aioseo_notices":[],"jetpack_sharing_enabled":true,"_links":{"self":[{"href":"https:\/\/antcube.shop\/sv\/wp-json\/wp\/v2\/product\/2872","targetHints":{"allow":["GET"]}}],"collection":[{"href":"https:\/\/antcube.shop\/sv\/wp-json\/wp\/v2\/product"}],"about":[{"href":"https:\/\/antcube.shop\/sv\/wp-json\/wp\/v2\/types\/product"}],"replies":[{"embeddable":true,"href":"https:\/\/antcube.shop\/sv\/wp-json\/wp\/v2\/comments?post=2872"}],"wp:featuredmedia":[{"embeddable":true,"href":"https:\/\/antcube.shop\/sv\/wp-json\/wp\/v2\/media\/312"}],"wp:attachment":[{"href":"https:\/\/antcube.shop\/sv\/wp-json\/wp\/v2\/media?parent=2872"}],"wp:term":[{"taxonomy":"product_brand","embeddable":true,"href":"https:\/\/antcube.shop\/sv\/wp-json\/wp\/v2\/product_brand?post=2872"},{"taxonomy":"product_cat","embeddable":true,"href":"https:\/\/antcube.shop\/sv\/wp-json\/wp\/v2\/product_cat?post=2872"},{"taxonomy":"product_tag","embeddable":true,"href":"https:\/\/antcube.shop\/sv\/wp-json\/wp\/v2\/product_tag?post=2872"}],"curies":[{"name":"wp","href":"https:\/\/api.w.org\/{rel}","templated":true}]}}