{"id":2871,"date":"2021-10-13T18:46:51","date_gmt":"2021-10-13T16:46:51","guid":{"rendered":"https:\/\/antcube.shop\/produkt\/beckenverbinder-b-27-und-s-10-16-mm-m25-set\/"},"modified":"2026-04-09T20:29:08","modified_gmt":"2026-04-09T18:29:08","slug":"beckenverbinder-b-27-und-s-10-16-mm-m25-set","status":"publish","type":"product","link":"https:\/\/antcube.shop\/sv\/produkt\/beckenverbinder-b-27-und-s-10-16-mm-m25-set\/","title":{"rendered":"Koppling B-27 och S-10-16 mm M25 - set"},"content":{"rendered":"<p><strong>M\u00e5tt:<\/strong> f\u00f6r borrning 27 och slang 10-16 mm<\/p>\n<p><strong>Inneh\u00e5ll:<\/strong><br \/>\n1x skruvadapter<br \/>\n1x l\u00e5smutter<\/p>\n<p><strong>Beskrivning:<\/strong> Denna koppling s\u00e4tts in genom h\u00e5let och skruvas fast med den medf\u00f6ljande l\u00e5smuttern. Detta garanterar att anslutningen \u00e4r avbrottss\u00e4ker och h\u00e5ller ocks\u00e5 s\u00e4kert n\u00e4r man flyttar tv\u00e4ttst\u00e4llen. En l\u00e4mplig slang s\u00e4tts in i den andra \u00e4nden.<\/p>","protected":false},"excerpt":{"rendered":"<p>M\u00e5tt: f\u00f6r borrning 27 och slang 10-16 mm\r\n\r\nInneh\u00e5ll:\r\n1x skruvadapter\r\n1x l\u00e5smutter\r\n\r\nBeskrivning: Denna bass\u00e4ngkontakt, s\u00e4tts in genom h\u00e5let och skruvas fast med den medf\u00f6ljande muttern. Detta s\u00e4kerst\u00e4ller att anslutningen \u00e4r utbrottss\u00e4ker och h\u00e5ller ocks\u00e5 s\u00e4kert n\u00e4r man flyttar tv\u00e4ttst\u00e4llen. En l\u00e4mplig slang s\u00e4tts in i den andra \u00e4nden.<\/p>","protected":false},"featured_media":2991,"comment_status":"open","ping_status":"closed","template":"","meta":{"_acf_changed":false,"content-type":"","_monsterinsights_skip_tracking":false,"_monsterinsights_sitenote_active":false,"_monsterinsights_sitenote_note":"","_monsterinsights_sitenote_category":0},"product_brand":[],"product_cat":[121],"product_tag":[],"class_list":{"0":"post-2871","1":"product","2":"type-product","3":"status-publish","4":"has-post-thumbnail","6":"product_cat-connectors","8":"first","9":"instock","10":"taxable","11":"shipping-taxable","12":"purchasable","13":"product-type-simple"},"acf":[],"aioseo_notices":[],"jetpack_sharing_enabled":true,"_links":{"self":[{"href":"https:\/\/antcube.shop\/sv\/wp-json\/wp\/v2\/product\/2871","targetHints":{"allow":["GET"]}}],"collection":[{"href":"https:\/\/antcube.shop\/sv\/wp-json\/wp\/v2\/product"}],"about":[{"href":"https:\/\/antcube.shop\/sv\/wp-json\/wp\/v2\/types\/product"}],"replies":[{"embeddable":true,"href":"https:\/\/antcube.shop\/sv\/wp-json\/wp\/v2\/comments?post=2871"}],"wp:featuredmedia":[{"embeddable":true,"href":"https:\/\/antcube.shop\/sv\/wp-json\/wp\/v2\/media\/2991"}],"wp:attachment":[{"href":"https:\/\/antcube.shop\/sv\/wp-json\/wp\/v2\/media?parent=2871"}],"wp:term":[{"taxonomy":"product_brand","embeddable":true,"href":"https:\/\/antcube.shop\/sv\/wp-json\/wp\/v2\/product_brand?post=2871"},{"taxonomy":"product_cat","embeddable":true,"href":"https:\/\/antcube.shop\/sv\/wp-json\/wp\/v2\/product_cat?post=2871"},{"taxonomy":"product_tag","embeddable":true,"href":"https:\/\/antcube.shop\/sv\/wp-json\/wp\/v2\/product_tag?post=2871"}],"curies":[{"name":"wp","href":"https:\/\/api.w.org\/{rel}","templated":true}]}}