{"id":2869,"date":"2021-10-13T18:46:31","date_gmt":"2021-10-13T16:46:31","guid":{"rendered":"https:\/\/antcube.shop\/produkt\/antcube-gipsnest-20x20-liegend\/"},"modified":"2026-03-30T20:07:30","modified_gmt":"2026-03-30T18:07:30","slug":"antcube-gipsnest-20x20-liegend-2","status":"publish","type":"product","link":"https:\/\/antcube.shop\/sv\/produkt\/antcube-gipsnest-20x20-liegend-2\/","title":{"rendered":"ANTCUBE - gipsbo 20\u00d720 - liggande"},"content":{"rendered":"<p><strong>M\u00e5tt:<\/strong><br \/>\n<strong>Bo av gips: <\/strong>190 x 190 x 20mm<br \/>\n<strong>Glasskydd:<\/strong> 179 x 179 x 4mm<\/p>\n<p><strong>Material:<\/strong> Gips<\/p>\n<p><strong>Inneh\u00e5ll:<\/strong><br \/>\n1x gipsbo 20\u00d720 med tv\u00e5 anslutningsuttag M 10\/08<br \/>\n1x glasskydd med 50 mm h\u00e5l<br \/>\n1x akryl - ring 50mm f\u00f6r 27mm h\u00e5l<br \/>\n1x Formicarium bas 20\u00d720<br \/>\n2x gitterlock - 10mm - rostfritt st\u00e5l<br \/>\n1x gallerinsats - 27mm - rostfritt st\u00e5l<\/p>\n<p><strong>Beskrivning:<\/strong> V\u00e5rt gipsbo med prefabricerade g\u00e5ngar och kamrar \u00e4r l\u00e4mpligt f\u00f6r m\u00e5nga myrarter, s\u00e4rskilt f\u00f6r arter som bygger sina bon i mycket sandiga eller steniga jordar. Det har tv\u00e5 anslutningsuttag som tillg\u00e5ng till boet. Gips har egenskapen att absorbera vatten, s\u00e5 en viss m\u00e4ngd fukt lagras. Trots detta b\u00f6r gipsboet inte anv\u00e4ndas permanent fuktigt eftersom det annars kan leda till m\u00f6gel (genom matrester eller avf\u00f6ring fr\u00e5n myrorna). D\u00e4rf\u00f6r b\u00f6r man om m\u00f6jligt h\u00e5lla arter fr\u00e5n ganska torra regioner h\u00e4r. Detta skulle till exempel vara arter fr\u00e5n Medelhavs- eller \u00f6kenregioner.<\/p>\n<p><strong>Observera:<\/strong> P\u00e5 grund av konstruktionen \u00e4r de inte l\u00e4mpliga f\u00f6r mycket sm\u00e5 arter (t.ex. Pheidole-arter, Temnothorax-arter), luckor p\u00e5 0,3-0,5 mm kan f\u00f6rekomma.<\/p>\n<p>Anm\u00e4rkning om anslutningsuttagen<br \/>\nObservera f\u00f6ljande n\u00e4r du f\u00e4ster eller lossar slangar:<br \/>\nOm det \u00e4r mycket sv\u00e5rt att f\u00e5 slangen att passa p\u00e5 anslutningsbussningen b\u00f6r du gnugga den l\u00e4tt med en droppe av v\u00e5r olja eller v\u00e5rt pulver f\u00f6r att skydda mot utbrott. Slangen ska sedan skjutas p\u00e5 bussningen med vrid- eller skruvr\u00f6relser, utan att stressa bussningen med upp- och nedg\u00e5ende r\u00f6relser. Samma sak g\u00e4ller n\u00e4r slangarna avl\u00e4gsnas fr\u00e5n anslutningsbussningen. Dra inte bara av!<\/p>\n<p>&nbsp;<\/p>\n<p>&nbsp;<\/p>","protected":false},"excerpt":{"rendered":"<p>Dimensions: Plaster nest: 190 x 190 x 20mm Glass cover: 179 x 179 x 4mm Material: Plaster Contents: 1x plaster nest 20&#215;20 with two connection sockets M 10\/08 1x glass cover with 50mm hole 1x acrylic &#8211; ring 50mm for 27mm hole 1x Formicarium base 20&#215;20 2x grid cap &#8211; 10mm &#8211; stainless steel 1x [&#8230;]","protected":false},"featured_media":3194,"comment_status":"open","ping_status":"closed","template":"","meta":{"_acf_changed":false,"content-type":"","_monsterinsights_skip_tracking":false,"_monsterinsights_sitenote_active":false,"_monsterinsights_sitenote_note":"","_monsterinsights_sitenote_category":0},"product_brand":[],"product_cat":[80,86],"product_tag":[],"class_list":{"0":"post-2869","1":"product","2":"type-product","3":"status-publish","4":"has-post-thumbnail","6":"product_cat-antfarms","7":"product_cat-formicariums","9":"first","10":"instock","11":"taxable","12":"shipping-taxable","13":"purchasable","14":"product-type-simple"},"acf":[],"aioseo_notices":[],"jetpack_sharing_enabled":true,"_links":{"self":[{"href":"https:\/\/antcube.shop\/sv\/wp-json\/wp\/v2\/product\/2869","targetHints":{"allow":["GET"]}}],"collection":[{"href":"https:\/\/antcube.shop\/sv\/wp-json\/wp\/v2\/product"}],"about":[{"href":"https:\/\/antcube.shop\/sv\/wp-json\/wp\/v2\/types\/product"}],"replies":[{"embeddable":true,"href":"https:\/\/antcube.shop\/sv\/wp-json\/wp\/v2\/comments?post=2869"}],"wp:featuredmedia":[{"embeddable":true,"href":"https:\/\/antcube.shop\/sv\/wp-json\/wp\/v2\/media\/3194"}],"wp:attachment":[{"href":"https:\/\/antcube.shop\/sv\/wp-json\/wp\/v2\/media?parent=2869"}],"wp:term":[{"taxonomy":"product_brand","embeddable":true,"href":"https:\/\/antcube.shop\/sv\/wp-json\/wp\/v2\/product_brand?post=2869"},{"taxonomy":"product_cat","embeddable":true,"href":"https:\/\/antcube.shop\/sv\/wp-json\/wp\/v2\/product_cat?post=2869"},{"taxonomy":"product_tag","embeddable":true,"href":"https:\/\/antcube.shop\/sv\/wp-json\/wp\/v2\/product_tag?post=2869"}],"curies":[{"name":"wp","href":"https:\/\/api.w.org\/{rel}","templated":true}]}}