{"id":2868,"date":"2021-10-13T18:43:30","date_gmt":"2021-10-13T16:43:30","guid":{"rendered":"https:\/\/antcube.shop\/produkt\/antcube-gipsnest-20x20-stehend\/"},"modified":"2026-04-14T12:07:30","modified_gmt":"2026-04-14T10:07:30","slug":"antcube-gipsnest-20x20-stehend","status":"publish","type":"product","link":"https:\/\/antcube.shop\/sv\/produkt\/antcube-gipsnest-20x20-stehend\/","title":{"rendered":"ANTCUBE - Gipsbo 20\u00d720 - st\u00e5ende"},"content":{"rendered":"<p><strong>M\u00e5tt:<\/strong> 182 x 159 x 19,5 mm<\/p>\n<p><strong>Material:<\/strong> Gips\/ gips<\/p>\n<p>Passar endast i v\u00e5r myrfarms storlek <strong>L<\/strong><\/p>\n<p><strong>Beskrivning:<\/strong> V\u00e5rt gipsbo med prefabricerade g\u00e5ngar och kamrar \u00e4r l\u00e4mpligt f\u00f6r m\u00e5nga myrarter, s\u00e4rskilt f\u00f6r arter som bygger sina bon i mycket sandiga eller steniga jordar. Det har ett h\u00e5l f\u00f6r tilltr\u00e4de till boet. Gips har egenskapen att absorbera vatten, s\u00e5 en viss m\u00e4ngd fukt lagras. Trots detta b\u00f6r gipsboet inte anv\u00e4ndas permanent fuktigt eftersom det annars kan leda till m\u00f6gel (genom matrester eller avf\u00f6ring fr\u00e5n myrorna). D\u00e4rf\u00f6r b\u00f6r man om m\u00f6jligt h\u00e5lla arter fr\u00e5n ganska torra regioner h\u00e4r. Detta skulle till exempel vara arter fr\u00e5n Medelhavs- eller \u00f6kenregioner.<\/p>\n<p>&nbsp;<\/p>","protected":false},"excerpt":{"rendered":"<p>Passar endast i v\u00e5r myrfarms storlek <strong>L<\/strong><\/p>","protected":false},"featured_media":351,"comment_status":"open","ping_status":"closed","template":"","meta":{"_acf_changed":false,"content-type":"","_monsterinsights_skip_tracking":false,"_monsterinsights_sitenote_active":false,"_monsterinsights_sitenote_note":"","_monsterinsights_sitenote_category":0},"product_brand":[],"product_cat":[87,90],"product_tag":[],"class_list":{"0":"post-2868","1":"product","2":"type-product","3":"status-publish","4":"has-post-thumbnail","6":"product_cat-nest-insets","7":"product_cat-gypsum","9":"first","10":"instock","11":"taxable","12":"shipping-taxable","13":"purchasable","14":"product-type-simple"},"acf":[],"aioseo_notices":[],"jetpack_sharing_enabled":true,"_links":{"self":[{"href":"https:\/\/antcube.shop\/sv\/wp-json\/wp\/v2\/product\/2868","targetHints":{"allow":["GET"]}}],"collection":[{"href":"https:\/\/antcube.shop\/sv\/wp-json\/wp\/v2\/product"}],"about":[{"href":"https:\/\/antcube.shop\/sv\/wp-json\/wp\/v2\/types\/product"}],"replies":[{"embeddable":true,"href":"https:\/\/antcube.shop\/sv\/wp-json\/wp\/v2\/comments?post=2868"}],"wp:featuredmedia":[{"embeddable":true,"href":"https:\/\/antcube.shop\/sv\/wp-json\/wp\/v2\/media\/351"}],"wp:attachment":[{"href":"https:\/\/antcube.shop\/sv\/wp-json\/wp\/v2\/media?parent=2868"}],"wp:term":[{"taxonomy":"product_brand","embeddable":true,"href":"https:\/\/antcube.shop\/sv\/wp-json\/wp\/v2\/product_brand?post=2868"},{"taxonomy":"product_cat","embeddable":true,"href":"https:\/\/antcube.shop\/sv\/wp-json\/wp\/v2\/product_cat?post=2868"},{"taxonomy":"product_tag","embeddable":true,"href":"https:\/\/antcube.shop\/sv\/wp-json\/wp\/v2\/product_tag?post=2868"}],"curies":[{"name":"wp","href":"https:\/\/api.w.org\/{rel}","templated":true}]}}