{"id":2866,"date":"2021-10-13T18:43:01","date_gmt":"2021-10-13T16:43:01","guid":{"rendered":"https:\/\/antcube.shop\/produkt\/antcube-rote-folie-20x20-selbstklebend\/"},"modified":"2025-10-19T21:05:19","modified_gmt":"2025-10-19T19:05:19","slug":"antcube-rote-folie-20x20-selbstklebend","status":"publish","type":"product","link":"https:\/\/antcube.shop\/sv\/produkt\/antcube-rote-folie-20x20-selbstklebend\/","title":{"rendered":"ANTCUBE - r\u00f6d folie 20\u00d720 - sj\u00e4lvh\u00e4ftande"},"content":{"rendered":"<p><strong>M\u00e5tt:<\/strong> 19x19cm<\/p>\n<p><strong>Material:<\/strong> PVC<\/p>\n<p><strong>Beskrivning:<\/strong> Den sj\u00e4lvh\u00e4ftande r\u00f6da genomskinliga filmen anv\u00e4nds f\u00f6r att ge myrorna en k\u00e4nsla av att vara under jord. D\u00e4rf\u00f6r rekommenderar vi att produkten anv\u00e4nds \u00e5tminstone delvis i boet. Trots detta kan du observera myrorna v\u00e4l i boet. Exakt tillskurna f\u00f6r ANTCUBE \"Myrfarm 20x20cm\". <strong>S\/M\/L<\/strong> - st\u00e5ende\".<\/p>","protected":false},"excerpt":{"rendered":"<p>M\u00e5tt: 19x19cm\r\n\r\nMaterial: PVC\r\n\r\nBeskrivning: PVC: 1: Den sj\u00e4lvh\u00e4ftande r\u00f6da genomskinliga filmen anv\u00e4nds f\u00f6r att ge myrorna en underjordisk k\u00e4nsla. D\u00e4rf\u00f6r rekommenderar vi att man anv\u00e4nder denna produkt \u00e5tminstone delvis i boomr\u00e5det. Trots detta kan du observera myrorna v\u00e4l i boet. Exakt tillskuret f\u00f6r ANTCUBE \"Myrfarm 20x20cm S\/M\/L - st\u00e5ende\".<\/p>","protected":false},"featured_media":302,"comment_status":"open","ping_status":"closed","template":"","meta":{"_acf_changed":false,"content-type":"","_monsterinsights_skip_tracking":false,"_monsterinsights_sitenote_active":false,"_monsterinsights_sitenote_note":"","_monsterinsights_sitenote_category":0},"product_brand":[],"product_cat":[119,239],"product_tag":[],"class_list":{"0":"post-2866","1":"product","2":"type-product","3":"status-publish","4":"has-post-thumbnail","6":"product_cat-formicarium-components","7":"product_cat-useful-additions","9":"first","10":"outofstock","11":"taxable","12":"shipping-taxable","13":"purchasable","14":"product-type-simple"},"acf":[],"aioseo_notices":[],"jetpack_sharing_enabled":true,"_links":{"self":[{"href":"https:\/\/antcube.shop\/sv\/wp-json\/wp\/v2\/product\/2866","targetHints":{"allow":["GET"]}}],"collection":[{"href":"https:\/\/antcube.shop\/sv\/wp-json\/wp\/v2\/product"}],"about":[{"href":"https:\/\/antcube.shop\/sv\/wp-json\/wp\/v2\/types\/product"}],"replies":[{"embeddable":true,"href":"https:\/\/antcube.shop\/sv\/wp-json\/wp\/v2\/comments?post=2866"}],"wp:featuredmedia":[{"embeddable":true,"href":"https:\/\/antcube.shop\/sv\/wp-json\/wp\/v2\/media\/302"}],"wp:attachment":[{"href":"https:\/\/antcube.shop\/sv\/wp-json\/wp\/v2\/media?parent=2866"}],"wp:term":[{"taxonomy":"product_brand","embeddable":true,"href":"https:\/\/antcube.shop\/sv\/wp-json\/wp\/v2\/product_brand?post=2866"},{"taxonomy":"product_cat","embeddable":true,"href":"https:\/\/antcube.shop\/sv\/wp-json\/wp\/v2\/product_cat?post=2866"},{"taxonomy":"product_tag","embeddable":true,"href":"https:\/\/antcube.shop\/sv\/wp-json\/wp\/v2\/product_tag?post=2866"}],"curies":[{"name":"wp","href":"https:\/\/api.w.org\/{rel}","templated":true}]}}