{"id":2865,"date":"2021-10-13T18:42:51","date_gmt":"2021-10-13T16:42:51","guid":{"rendered":"https:\/\/antcube.shop\/produkt\/futterspender-2ml-dosierbar\/"},"modified":"2026-04-20T18:20:33","modified_gmt":"2026-04-20T16:20:33","slug":"futterspender-2ml-dosierbar","status":"publish","type":"product","link":"https:\/\/antcube.shop\/sv\/produkt\/futterspender-2ml-dosierbar\/","title":{"rendered":"Foderdispenser 2ml - doserbar"},"content":{"rendered":"<p><strong>M\u00e5tt:<\/strong> 30x40x50 mm, 2 ml<\/p>\n<p><strong>Inneh\u00e5ll:<\/strong><br \/>\n1x fot med 1x 2,5 mm \u00f6ppning (1-2 mm kan doseras).<br \/>\n1x myrfoderr\u00f6r<\/p>\n<p><strong>Material:<\/strong> PMMA, PS<\/p>\n<p><strong>Beskrivning:<\/strong> Med denna dispenser kan myrorna i ett formicarium \u00e4ta sig sj\u00e4lva med den erbjudna maten. Perfekt \u00e4ven f\u00f6r semesterperioden. Myrfoderr\u00f6ren p\u00e5 2 ml kan s\u00e4ttas in i basen. P\u00e5 grund av ins\u00e4ttningsdjupet kan den tillg\u00e4ngliga m\u00e4ngden mat doseras. Dispenseraren med det 2,5 mm breda utloppet l\u00e4mpar sig f\u00f6r all v\u00e5r mat i pulverform samt f\u00f6r minor- och media-kornblandningar.<\/p>\n<p><strong>F\u00e4rger:<\/strong> genomskinlig<\/p>","protected":false},"excerpt":{"rendered":"<p>M\u00e5tt: 30x40x50 mm, 2 ml<\/p>","protected":false},"featured_media":306,"comment_status":"open","ping_status":"closed","template":"","meta":{"_acf_changed":false,"content-type":"","_monsterinsights_skip_tracking":false,"_monsterinsights_sitenote_active":false,"_monsterinsights_sitenote_note":"","_monsterinsights_sitenote_category":0},"product_brand":[],"product_cat":[115,118],"product_tag":[],"class_list":{"0":"post-2865","1":"product","2":"type-product","3":"status-publish","4":"has-post-thumbnail","6":"product_cat-food-and-feeding","7":"product_cat-feeding-bowls","9":"first","10":"instock","11":"taxable","12":"shipping-taxable","13":"purchasable","14":"product-type-simple"},"acf":[],"aioseo_notices":[],"jetpack_sharing_enabled":true,"_links":{"self":[{"href":"https:\/\/antcube.shop\/sv\/wp-json\/wp\/v2\/product\/2865","targetHints":{"allow":["GET"]}}],"collection":[{"href":"https:\/\/antcube.shop\/sv\/wp-json\/wp\/v2\/product"}],"about":[{"href":"https:\/\/antcube.shop\/sv\/wp-json\/wp\/v2\/types\/product"}],"replies":[{"embeddable":true,"href":"https:\/\/antcube.shop\/sv\/wp-json\/wp\/v2\/comments?post=2865"}],"wp:featuredmedia":[{"embeddable":true,"href":"https:\/\/antcube.shop\/sv\/wp-json\/wp\/v2\/media\/306"}],"wp:attachment":[{"href":"https:\/\/antcube.shop\/sv\/wp-json\/wp\/v2\/media?parent=2865"}],"wp:term":[{"taxonomy":"product_brand","embeddable":true,"href":"https:\/\/antcube.shop\/sv\/wp-json\/wp\/v2\/product_brand?post=2865"},{"taxonomy":"product_cat","embeddable":true,"href":"https:\/\/antcube.shop\/sv\/wp-json\/wp\/v2\/product_cat?post=2865"},{"taxonomy":"product_tag","embeddable":true,"href":"https:\/\/antcube.shop\/sv\/wp-json\/wp\/v2\/product_tag?post=2865"}],"curies":[{"name":"wp","href":"https:\/\/api.w.org\/{rel}","templated":true}]}}